{"id":1635,"date":"2023-12-06T09:19:13","date_gmt":"2023-12-06T07:19:13","guid":{"rendered":"https:\/\/pti.qki.dk\/produkter\/fyldemaskine-fyldeanlaeg-doseringsmaskine-og-produktionslinje\/"},"modified":"2024-03-21T13:12:19","modified_gmt":"2024-03-21T11:12:19","slug":"fyldemaskine-fyldeanlaeg-doseringsmaskine-og-produktionslinje","status":"publish","type":"page","link":"https:\/\/pti-as.dk\/de\/produkter\/fyldemaskine-fyldeanlaeg-doseringsmaskine-og-produktionslinje\/","title":{"rendered":"Verpackung und Dosierung"},"content":{"rendered":"<h1>Abf\u00fcllmaschine, Abf\u00fcllanlage, Dosiermaschine und Produktionslinie<\/h1>\n<p>Bei <a class=\"custom25\" title=\"PTI\" href=\"https:\/\/www.pti-as.dk\/\" target=\"_self\" rel=\"noopener\">PTI A\/S<\/a> haben wir uns auf die Zusammenstellung von Ausr\u00fcstung f\u00fcr die Konstruktion von Verpackungsmaschinen und Abf\u00fcllmaschinen spezialisiert, die in den Bereichen Lebensmittel, Medizin, Kosmetik, Nahrungserg\u00e4nzungsmittel und Non-Food zum Einsatz kommen. Wir liefern L\u00f6sungen, die von einem Tischmodell bis zu einer kompletten Abf\u00fcllanlage oder Produktionslinie reichen.<\/p>\n<h2>Dosiermaschine und Abf\u00fcllmaschine als flexible L\u00f6sung<\/h2>\n<p>Unsere L\u00f6sungen mit Abf\u00fcllmaschinen k\u00f6nnen sowohl aus eigengefertigten Einheiten als auch aus zugekauften Einheiten bestehen. Dank unseres soliden Netzwerks an Kooperationspartnern und stabilen Agenturen k\u00f6nnen wir Ausr\u00fcstung f\u00fcr wirtschaftlich attraktive L\u00f6sungen mit gro\u00dfer Flexibilit\u00e4t liefern.<\/p>\n<p>Um die Montagezeit vor Ort zu minimieren, empfehlen wir, dass Ihre Produktionslinie in unserer eigenen Werkstatt aufgebaut und getestet wird.<\/p>\n<h2>Holen Sie sich heute noch mehr Informationen \u00fcber eine Abf\u00fcllanlage<\/h2>\n<p>Wir stehen bereit, um mit Ihnen \u00fcber Ihre Bed\u00fcrfnisse f\u00fcr eine Abf\u00fcllanlage zu sprechen. Kontaktieren Sie uns f\u00fcr weitere Informationen und Beratung \u00fcber eine auf die Bed\u00fcrfnisse Ihres Unternehmens zugeschnittene Abf\u00fcll- und Dosiermaschine unter Telefon <a class=\"custom7\" href=\"tel:+45%2097%2037%2016%2033\">+45 97 37 16 33<\/a> oder per E-Mail <a href=\"mailto:mail@pti-as.dk\">mail@pti-as.dk<\/a>.<\/p>\n<p><strong>Wenn Sie mehr \u00fcber Verpackung, Abf\u00fcllung und Dosierung erfahren m\u00f6chten, klicken Sie auf einen dieser Links, um mehr zu lesen:<\/strong><br \/>\n<div class=\"subpages-container\">        <div class=\"subpage\">\n            <a href=\"https:\/\/pti-as.dk\/de\/produkter\/fyldemaskine-fyldeanlaeg-doseringsmaskine-og-produktionslinje\/drysseunit\/\">\n                                    <div class=\"thumbnail\"><img loading=\"lazy\" decoding=\"async\" width=\"1920\" height=\"2560\" src=\"https:\/\/pti-as.dk\/wp-content\/uploads\/2024\/01\/2011-09-19-16.12-copy-Kopi-scaled.gif\" class=\"attachment-post-thumbnail size-post-thumbnail wp-post-image\" alt=\"\" \/><\/div>\n                                <h3 class=\"subpage-title\">Streueinheit<\/h3>\n            <\/a>\n        <\/div>\n        <\/div><\/p>\n","protected":false},"excerpt":{"rendered":"<p>Abf\u00fcllmaschine, Abf\u00fcllanlage, Dosiermaschine und Produktionslinie Bei PTI A\/S haben wir uns auf die Zusammenstellung von Ausr\u00fcstung f\u00fcr die Konstruktion von Verpackungsmaschinen und Abf\u00fcllmaschinen spezialisiert, die in den Bereichen Lebensmittel, Medizin, Kosmetik, Nahrungserg\u00e4nzungsmittel und Non-Food zum Einsatz kommen. Wir liefern L\u00f6sungen, die von einem Tischmodell bis zu einer kompletten Abf\u00fcllanlage oder Produktionslinie reichen. Dosiermaschine und Abf\u00fcllmaschine [&hellip;]<\/p>\n","protected":false},"author":6,"featured_media":0,"parent":1628,"menu_order":0,"comment_status":"closed","ping_status":"closed","template":"","meta":{"_et_pb_use_builder":"","_et_pb_old_content":"","_et_gb_content_width":"","footnotes":""},"class_list":["post-1635","page","type-page","status-publish","hentry"],"_links":{"self":[{"href":"https:\/\/pti-as.dk\/de\/wp-json\/wp\/v2\/pages\/1635","targetHints":{"allow":["GET"]}}],"collection":[{"href":"https:\/\/pti-as.dk\/de\/wp-json\/wp\/v2\/pages"}],"about":[{"href":"https:\/\/pti-as.dk\/de\/wp-json\/wp\/v2\/types\/page"}],"author":[{"embeddable":true,"href":"https:\/\/pti-as.dk\/de\/wp-json\/wp\/v2\/users\/6"}],"replies":[{"embeddable":true,"href":"https:\/\/pti-as.dk\/de\/wp-json\/wp\/v2\/comments?post=1635"}],"version-history":[{"count":0,"href":"https:\/\/pti-as.dk\/de\/wp-json\/wp\/v2\/pages\/1635\/revisions"}],"up":[{"embeddable":true,"href":"https:\/\/pti-as.dk\/de\/wp-json\/wp\/v2\/pages\/1628"}],"wp:attachment":[{"href":"https:\/\/pti-as.dk\/de\/wp-json\/wp\/v2\/media?parent=1635"}],"curies":[{"name":"wp","href":"https:\/\/api.w.org\/{rel}","templated":true}]}}