{"id":1639,"date":"2024-01-02T19:52:02","date_gmt":"2024-01-02T17:52:02","guid":{"rendered":"https:\/\/pti.qki.dk\/produkter\/fyldemaskine-fyldeanlaeg-doseringsmaskine-og-produktionslinje\/drysseunit\/"},"modified":"2024-03-21T13:25:05","modified_gmt":"2024-03-21T11:25:05","slug":"drysseunit","status":"publish","type":"page","link":"https:\/\/pti-as.dk\/de\/produkter\/fyldemaskine-fyldeanlaeg-doseringsmaskine-og-produktionslinje\/drysseunit\/","title":{"rendered":"Streueinheit"},"content":{"rendered":"<h1>Streueinheit<\/h1>\n<h3><strong>\u200bAnwendung:<\/strong><\/h3>\n<ul>\n<li>Streuer f\u00fcr verschiedene Produkte wie Zucker, K\u00f6rner, N\u00fcsse etc. Der Streuer ist in der Lage, Korngr\u00f6\u00dfen bis zu 15 mm zu verarbeiten. Die Menge kann mittels Spalt\u00f6ffnung angepasst werden.<\/li>\n<\/ul>\n<h4>Eigenschaften:<\/h4>\n<ul>\n<li>Leichte und einfache Reinigung.<\/li>\n<li>F\u00fcr den Lebensmittelgebrauch mit FDA\/USDA Zertifizierungen zugelassen.<\/li>\n<\/ul>\n<table style=\"width: 100%; height: 736px;\" width=\"100%\">\n<tbody>\n<tr>\n<td style=\"width: 40%;\"><strong>Technische Daten:<\/strong><\/td>\n<td style=\"width: 60%;\"><strong> <\/strong><\/td>\n<\/tr>\n<tr>\n<td style=\"width: 40%;\"><strong>Streubreite:<\/strong><\/td>\n<td style=\"width: 60%;\">420 mm (Breite variierbar)<\/td>\n<\/tr>\n<tr>\n<td style=\"width: 40%;\"><strong>L\u00e4nge:<\/strong><\/td>\n<td style=\"width: 60%;\">1.200 mm\u200b<\/td>\n<\/tr>\n<tr>\n<td style=\"width: 40%;\"><strong>Bandh\u00f6he:<\/strong><\/td>\n<td style=\"width: 60%;\">850 mm, +\/- 50 mm<\/td>\n<\/tr>\n<tr>\n<td style=\"width: 40%;\"><strong>F\u00f6rderband:<\/strong><\/td>\n<td style=\"width: 60%;\">PU\/PVC, endlose Fingerzusammenf\u00fchrung<\/td>\n<\/tr>\n<tr>\n<td style=\"width: 40%;\"><strong>Elektrischer Anschluss:<\/strong><\/td>\n<td style=\"width: 60%;\">230V\/50 Hz, Steuerung f\u00fcr Vibrator<\/td>\n<\/tr>\n<tr>\n<td style=\"width: 40%;\"><strong>Bandgestell:<\/strong><\/td>\n<td style=\"width: 60%;\">Rostfreier Stahl, AISI 304<\/td>\n<\/tr>\n<tr>\n<td style=\"width: 40%;\"><strong>Antrieb:<\/strong><\/td>\n<td style=\"width: 60%;\">Magnetantrieb mit Streuplatte<\/td>\n<\/tr>\n<tr>\n<td style=\"width: 40%;\"><strong>Bandgeschwindigkeit:<\/strong><\/td>\n<td style=\"width: 60%;\">Ab 0,32 m\/s<\/td>\n<\/tr>\n<tr>\n<td style=\"width: 40%;\"><strong>Material:<\/strong><\/td>\n<td style=\"width: 60%;\">Rostfreier Stahl AISI 304<\/td>\n<\/tr>\n<\/tbody>\n<\/table>\n","protected":false},"excerpt":{"rendered":"<p>Streueinheit \u200bAnwendung: Streuer f\u00fcr verschiedene Produkte wie Zucker, K\u00f6rner, N\u00fcsse etc. Der Streuer ist in der Lage, Korngr\u00f6\u00dfen bis zu 15 mm zu verarbeiten. Die Menge kann mittels Spalt\u00f6ffnung angepasst werden. Eigenschaften: Leichte und einfache Reinigung. F\u00fcr den Lebensmittelgebrauch mit FDA\/USDA Zertifizierungen zugelassen. Technische Daten: Streubreite: 420 mm (Breite variierbar) L\u00e4nge: 1.200 mm\u200b Bandh\u00f6he: 850 [&hellip;]<\/p>\n","protected":false},"author":6,"featured_media":1321,"parent":1635,"menu_order":0,"comment_status":"closed","ping_status":"closed","template":"","meta":{"_et_pb_use_builder":"","_et_pb_old_content":"","_et_gb_content_width":"","footnotes":""},"class_list":["post-1639","page","type-page","status-publish","has-post-thumbnail","hentry"],"_links":{"self":[{"href":"https:\/\/pti-as.dk\/de\/wp-json\/wp\/v2\/pages\/1639","targetHints":{"allow":["GET"]}}],"collection":[{"href":"https:\/\/pti-as.dk\/de\/wp-json\/wp\/v2\/pages"}],"about":[{"href":"https:\/\/pti-as.dk\/de\/wp-json\/wp\/v2\/types\/page"}],"author":[{"embeddable":true,"href":"https:\/\/pti-as.dk\/de\/wp-json\/wp\/v2\/users\/6"}],"replies":[{"embeddable":true,"href":"https:\/\/pti-as.dk\/de\/wp-json\/wp\/v2\/comments?post=1639"}],"version-history":[{"count":0,"href":"https:\/\/pti-as.dk\/de\/wp-json\/wp\/v2\/pages\/1639\/revisions"}],"up":[{"embeddable":true,"href":"https:\/\/pti-as.dk\/de\/wp-json\/wp\/v2\/pages\/1635"}],"wp:featuredmedia":[{"embeddable":true,"href":"https:\/\/pti-as.dk\/de\/wp-json\/wp\/v2\/media\/1321"}],"wp:attachment":[{"href":"https:\/\/pti-as.dk\/de\/wp-json\/wp\/v2\/media?parent=1639"}],"curies":[{"name":"wp","href":"https:\/\/api.w.org\/{rel}","templated":true}]}}