{"id":1643,"date":"2023-12-06T09:18:59","date_gmt":"2023-12-06T07:18:59","guid":{"rendered":"https:\/\/pti.qki.dk\/produkter\/hygiejnisk-el-boks-til-sikkerheds-afbrydere-og-as-i-komponenter\/"},"modified":"2024-03-21T13:42:00","modified_gmt":"2024-03-21T11:42:00","slug":"hygiejnisk-el-boks-til-sikkerheds-afbrydere-og-as-i-komponenter","status":"publish","type":"page","link":"https:\/\/pti-as.dk\/de\/produkter\/hygiejnisk-el-boks-til-sikkerheds-afbrydere-og-as-i-komponenter\/","title":{"rendered":"Hygienisches Design"},"content":{"rendered":"<h1>Hygienischer Elektrokasten f\u00fcr Sicherheitsschalter und AS-I Komponenten<\/h1>\n<ul>\n<li>Hygienisches Design<\/li>\n<li>EMV-Abschirmung<\/li>\n<\/ul>\n<p>Der Elektrokasten ist speziell f\u00fcr hygienische und\/oder nasse Produktionsumgebungen in der Lebensmittel- und Pharmaindustrie konzipiert.<br \/>\nErh\u00e4ltlich in mehreren Versionen f\u00fcr die Verwendung mit Sicherheitsschaltern f\u00fcr Elektromotoren und AS-Interface Komponenten (oder \u00e4hnliche Automationskomponenten).<\/p>\n<h3>Hygienisches Design<\/h3>\n<p>Das Design weist keine horizontalen Oberfl\u00e4chen auf und erf\u00fcllt alle Anforderungen der Empfehlungen des D\u00e4nischen Materialnetzwerks (ehemals Stahlzentrum) f\u00fcr das hygienische Design von Kabelwegen und Elektroschr\u00e4nken.<\/p>\n<h3>EMV-Abschirmung<\/h3>\n<p>Die Metallkonstruktion des Elektrokastens funktioniert als EMV-Abschirmung und verbindet die abgeschirmten Kabel.<\/p>\n<p>Sehr geeignet in Verbindung mit frequenzgeregelten Motoren.<br \/>\nDer Schalter muss NICHT EMV-klassifiziert sein.<\/p>\n<h3>Benutzerfreundlich und robust<\/h3>\n<p>Das einzigartige abgeschr\u00e4gte Design bietet zus\u00e4tzlichen Platz bei der Montage. Die Schrauben bleiben beim \u00d6ffnen des Kastens lose in der Frontplatte. Es gibt L\u00f6cher f\u00fcr Kabeldurchf\u00fchrungen, sodass der Elektriker minimale Zeit f\u00fcr das Stanzen von L\u00f6chern aufwenden muss. Die Metallkonstruktion macht den Kasten sehr robust gegen Schl\u00e4ge, St\u00f6\u00dfe, Kollisionen und chemische Einfl\u00fcsse.<\/p>\n<p>Die Elektrok\u00e4sten wurden in Zusammenarbeit mit Elektroinstallateuren und Servicepersonal in der Lebensmittelindustrie entwickelt.<\/p>\n<h3>Materialien<\/h3>\n<p>Hergestellt aus s\u00e4urebest\u00e4ndigem Edelstahl (AISI 316\/EN 1.4404) mit geschliffener Oberfl\u00e4che.<\/p>\n<p>Der Kasten ist mit einer EPDM-Dichtung abgedichtet, die gegen die meisten Umwelteinfl\u00fcsse best\u00e4ndig ist.<\/p>\n<h3>Dichtigkeit und EMV-D\u00e4mpfung<\/h3>\n<p>Dichtigkeitsklasse IP65.<\/p>\n<p>EMV-D\u00e4mpfung von mindestens 30 dB im Bereich bis 100 MHz.<\/p>\n<p>Um die oben genannte Dichtigkeitsklasse und EMV-D\u00e4mpfung zu erreichen, M\u00dcSSEN Kabelverschraubungen verwendet werden, die mindestens denselben Anforderungen an Dichtigkeit und EMV-D\u00e4mpfung gen\u00fcgen.<\/p>\n<p>Zudem m\u00fcssen die Kabelschirme korrekt montiert und verbunden sein, um den gew\u00fcnschten Effekt zu erzielen.<\/p>\n<p><img loading=\"lazy\" decoding=\"async\" class=\"size-full wp-image-296 alignnone\" src=\"https:\/\/pti-as.dk\/wp-content\/smush-webp\/2023\/12\/el-boks_2309.jpg.webp\" alt=\"\" width=\"302\" height=\"160\" srcset=\"https:\/\/pti-as.dk\/wp-content\/smush-webp\/2023\/12\/el-boks_2309.jpg.webp 302w, https:\/\/pti-as.dk\/wp-content\/smush-webp\/2023\/12\/el-boks_2309-300x159.jpg.webp 300w\" sizes=\"(max-width: 302px) 100vw, 302px\" data-smush-webp-fallback=\"{&quot;src&quot;:&quot;https:\\\/\\\/pti-as.dk\\\/wp-content\\\/uploads\\\/2023\\\/12\\\/el-boks_2309.jpg&quot;,&quot;srcset&quot;:&quot;https:\\\/\\\/pti-as.dk\\\/wp-content\\\/uploads\\\/2023\\\/12\\\/el-boks_2309.jpg 302w, https:\\\/\\\/pti-as.dk\\\/wp-content\\\/uploads\\\/2023\\\/12\\\/el-boks_2309-300x159.jpg 300w&quot;}\" \/><\/p>\n<h3>Kontaktieren Sie uns bez\u00fcglich des Elektrokastens<\/h3>\n<p>Wenn Sie mehr \u00fcber einen Elektrokasten von PTI A\/S erfahren m\u00f6chten, rufen Sie uns an unter <a class=\"custom7\" href=\"tel:+45%2097%2037%2016%2033\">+45 97 37 16 33<\/a> oder schreiben Sie an <a class=\"custom7\" href=\"mailto:mail@pti-as.dk\">mail@pti-as.dk<\/a>.<\/p>\n<p>&nbsp;<\/p>\n<table style=\"width: 100%;\" width=\"100%\">\n<tbody>\n<tr>\n<td style=\"width: 20%;\"><\/td>\n<td style=\"width: 10%; text-align: center;\"><strong>A<\/strong><\/td>\n<td style=\"width: 10%; text-align: center;\"><strong>B<\/strong><\/td>\n<td style=\"width: 10%; text-align: center;\"><strong>C<\/strong><\/td>\n<td style=\"width: 10%; text-align: center;\"><strong>D<\/strong><\/td>\n<td style=\"width: 40%; text-align: center;\"><strong>E<\/strong><\/td>\n<\/tr>\n<tr>\n<td style=\"width: 20%;\">Type 1<\/td>\n<td style=\"width: 10%; text-align: center;\">\u200b241<\/td>\n<td style=\"width: 10%; text-align: center;\"><strong>\u200b<\/strong>152<\/td>\n<td style=\"width: 10%; text-align: center;\">\u200b132<\/td>\n<td style=\"width: 10%; text-align: center;\">120\u200b<\/td>\n<td style=\"width: 40%; text-align: center;\">2 x M20 + 2 x M16\u200b<\/td>\n<\/tr>\n<tr>\n<td style=\"width: 20%;\">Type 2<\/td>\n<td style=\"width: 10%; text-align: center;\">\u200b241<\/td>\n<td style=\"width: 10%; text-align: center;\">224\u200b<\/td>\n<td style=\"width: 10%; text-align: center;\">\u200b132<\/td>\n<td style=\"width: 10%; text-align: center;\">190<\/td>\n<td style=\"width: 40%; text-align: center;\">\u200b2 x M20 + 2 x M16<\/td>\n<\/tr>\n<tr>\n<td style=\"width: 20%;\">Type 3<\/td>\n<td style=\"width: 10%; text-align: center;\">\u200b331<\/td>\n<td style=\"width: 10%; text-align: center;\">332\u200b<\/td>\n<td style=\"width: 10%; text-align: center;\">\u200b132<\/td>\n<td style=\"width: 10%; text-align: center;\">300<\/td>\n<td style=\"width: 40%; text-align: center;\">2 x M20 + 2 x M16\u200b<\/td>\n<\/tr>\n<tr>\n<td style=\"width: 20%;\">Type 4<\/td>\n<td style=\"width: 10%; text-align: center;\">\u200b433<\/td>\n<td style=\"width: 10%; text-align: center;\">432\u200b<\/td>\n<td style=\"width: 10%; text-align: center;\">\u200b162<\/td>\n<td style=\"width: 10%; text-align: center;\">400<\/td>\n<td style=\"width: 40%; text-align: center;\">\u200b2 x M20 + 3 x M16<\/td>\n<\/tr>\n<tr>\n<td style=\"width: 20%;\">Type A<\/td>\n<td style=\"width: 10%; text-align: center;\">\u200b241<\/td>\n<td style=\"width: 10%; text-align: center;\">224<\/td>\n<td style=\"width: 10%; text-align: center;\">\u200b132<\/td>\n<td style=\"width: 10%; text-align: center;\">190<\/td>\n<td style=\"width: 40%; text-align: center;\">2 x M32 + 2 x M20<\/td>\n<\/tr>\n<\/tbody>\n<\/table>\n","protected":false},"excerpt":{"rendered":"<p>Hygienischer Elektrokasten f\u00fcr Sicherheitsschalter und AS-I Komponenten Hygienisches Design EMV-Abschirmung Der Elektrokasten ist speziell f\u00fcr hygienische und\/oder nasse Produktionsumgebungen in der Lebensmittel- und Pharmaindustrie konzipiert. Erh\u00e4ltlich in mehreren Versionen f\u00fcr die Verwendung mit Sicherheitsschaltern f\u00fcr Elektromotoren und AS-Interface Komponenten (oder \u00e4hnliche Automationskomponenten). Hygienisches Design Das Design weist keine horizontalen Oberfl\u00e4chen auf und erf\u00fcllt alle Anforderungen [&hellip;]<\/p>\n","protected":false},"author":6,"featured_media":1229,"parent":1628,"menu_order":0,"comment_status":"closed","ping_status":"closed","template":"","meta":{"_et_pb_use_builder":"","_et_pb_old_content":"","_et_gb_content_width":"","footnotes":""},"class_list":["post-1643","page","type-page","status-publish","has-post-thumbnail","hentry"],"_links":{"self":[{"href":"https:\/\/pti-as.dk\/de\/wp-json\/wp\/v2\/pages\/1643","targetHints":{"allow":["GET"]}}],"collection":[{"href":"https:\/\/pti-as.dk\/de\/wp-json\/wp\/v2\/pages"}],"about":[{"href":"https:\/\/pti-as.dk\/de\/wp-json\/wp\/v2\/types\/page"}],"author":[{"embeddable":true,"href":"https:\/\/pti-as.dk\/de\/wp-json\/wp\/v2\/users\/6"}],"replies":[{"embeddable":true,"href":"https:\/\/pti-as.dk\/de\/wp-json\/wp\/v2\/comments?post=1643"}],"version-history":[{"count":0,"href":"https:\/\/pti-as.dk\/de\/wp-json\/wp\/v2\/pages\/1643\/revisions"}],"up":[{"embeddable":true,"href":"https:\/\/pti-as.dk\/de\/wp-json\/wp\/v2\/pages\/1628"}],"wp:featuredmedia":[{"embeddable":true,"href":"https:\/\/pti-as.dk\/de\/wp-json\/wp\/v2\/media\/1229"}],"wp:attachment":[{"href":"https:\/\/pti-as.dk\/de\/wp-json\/wp\/v2\/media?parent=1643"}],"curies":[{"name":"wp","href":"https:\/\/api.w.org\/{rel}","templated":true}]}}