{"id":1647,"date":"2023-12-06T09:19:42","date_gmt":"2023-12-06T07:19:42","guid":{"rendered":"https:\/\/pti.qki.dk\/produkter\/varmevekslere-og-rengoeringssystemer-til-industri-og-fjernvarme\/"},"modified":"2024-03-21T13:54:29","modified_gmt":"2024-03-21T11:54:29","slug":"varmevekslere-og-rengoeringssystemer-til-industri-og-fjernvarme","status":"publish","type":"page","link":"https:\/\/pti-as.dk\/de\/produkter\/varmevekslere-og-rengoeringssystemer-til-industri-og-fjernvarme\/","title":{"rendered":"Industrie- und Fernw\u00e4rme"},"content":{"rendered":"<h1>W\u00e4rmetauscher und Reinigungssysteme f\u00fcr Industrie- und Fernw\u00e4rme<\/h1>\n<p><a title=\"Erfahren Sie hier mehr \u00fcber unser Unternehmen\" href=\"https:\/\/www.pti-as.dk\/\" target=\"_self\" rel=\"noopener\">PTI A\/S<\/a> bietet Design und Aufbau von W\u00e4rmetauschersystemen, optional mit integriertem Reinigungsanlage (CIP-Anlage).<\/p>\n<p>Basierend auf langj\u00e4hriger Erfahrung mit W\u00e4rmetauschern f\u00fcr Molkereiprodukte und andere Lebensmittel haben wir umfangreiche Kenntnisse \u00fcber die vielen Herausforderungen gesammelt, die bei der Notwendigkeit der W\u00e4rme\u00fcbertragung auftreten k\u00f6nnen.<\/p>\n<p>Neben Molkereiprodukten und Lebensmitteln verf\u00fcgen wir \u00fcber Erfahrungen mit der W\u00e4rme\u00fcbertragung von sowohl reinem als auch leicht verschmutztem Wasser. PTI A\/S hat beispielsweise eine Anlage f\u00fcr die R\u00fcckgewinnung von Recyclingw\u00e4rme aus Abwasser f\u00fcr den Zwischenkreislauf einer W\u00e4rmepumpenanlage f\u00fcr das Fernw\u00e4rmenetz R\u00f8dk\u00e6rsbro entworfen.<\/p>\n<p>Die Herausforderung bei der W\u00e4rme\u00fcbertragung besteht darin, dass die W\u00e4rme\u00fcbertragungsfl\u00e4che mit der Zeit verschmutzt wird, was zu einer erheblichen Verschlechterung des W\u00e4rme\u00fcbertragungskoeffizienten f\u00fchrt. Wenn dies geschieht, verschlechtert sich der Wirkungsgrad des W\u00e4rmetauschers und die Betriebswirtschaftlichkeit des Prozesses wird schlechter.<\/p>\n<p>In solchen F\u00e4llen kann eine automatische Reinigung in festen Intervallen die Betriebswirtschaftlichkeit der Anlage verbessern und die Wartung der W\u00e4rmetauscher minimieren. Durch das Halten der W\u00e4rmetauscher sauber mit automatischer Intervallreinigung kann in vielen F\u00e4llen eine Reinigung durch manuelle Demontage der W\u00e4rmetauscher vollst\u00e4ndig vermieden werden.<\/p>\n<p>Die Reinigung ist eine notwendige, aber grunds\u00e4tzlich unerw\u00fcnschte Kostenstelle. Daher ist eine effiziente Reinigung sehr wichtig f\u00fcr die Betriebswirtschaftlichkeit. Der Begriff &#8222;effiziente Reinigung&#8220; ist jedoch relativ in Bezug auf die zu l\u00f6sende Reinigungsaufgabe.<\/p>\n<p>Um die optimale Balance zwischen Anschaffungs- und Betriebskosten zu erreichen, muss ein Reinigungsprozess geplant und in das Prozessanlagenkonzept eingebettet werden, w\u00e4hrend es noch in der Entwurfsphase ist. Ein durchdachtes mechanisches\/str\u00f6mungstechnisches Design kann in vielen F\u00e4llen die laufenden Reinigungskosten w\u00e4hrend der gesamten Lebensdauer der Anlage drastisch senken.<\/p>\n<p>Die automatische Reinigung erfolgt nach dem CIP-Prinzip (Cleaning In Place), bei dem Reinigungsfl\u00fcssigkeit \u00fcber die W\u00e4rmetauscher zirkuliert wird. Damit dies effektiv ist, muss jede Anlage analysiert und der Reinigungsprozess so gestaltet werden, dass er zur Aufgabe passt. Ein unzweckm\u00e4\u00dfiges Design des Reinigungsprozesses kann leicht zu ineffizienter oder unzureichender Reinigung f\u00fchren, was erhebliche Mehrkosten w\u00e4hrend der gesamten Lebensdauer der Anlage zur Folge haben kann.<\/p>\n","protected":false},"excerpt":{"rendered":"<p>W\u00e4rmetauscher und Reinigungssysteme f\u00fcr Industrie- und Fernw\u00e4rme PTI A\/S bietet Design und Aufbau von W\u00e4rmetauschersystemen, optional mit integriertem Reinigungsanlage (CIP-Anlage). Basierend auf langj\u00e4hriger Erfahrung mit W\u00e4rmetauschern f\u00fcr Molkereiprodukte und andere Lebensmittel haben wir umfangreiche Kenntnisse \u00fcber die vielen Herausforderungen gesammelt, die bei der Notwendigkeit der W\u00e4rme\u00fcbertragung auftreten k\u00f6nnen. Neben Molkereiprodukten und Lebensmitteln verf\u00fcgen wir \u00fcber [&hellip;]<\/p>\n","protected":false},"author":6,"featured_media":1231,"parent":1628,"menu_order":0,"comment_status":"closed","ping_status":"closed","template":"","meta":{"_et_pb_use_builder":"","_et_pb_old_content":"","_et_gb_content_width":"","footnotes":""},"class_list":["post-1647","page","type-page","status-publish","has-post-thumbnail","hentry"],"_links":{"self":[{"href":"https:\/\/pti-as.dk\/de\/wp-json\/wp\/v2\/pages\/1647","targetHints":{"allow":["GET"]}}],"collection":[{"href":"https:\/\/pti-as.dk\/de\/wp-json\/wp\/v2\/pages"}],"about":[{"href":"https:\/\/pti-as.dk\/de\/wp-json\/wp\/v2\/types\/page"}],"author":[{"embeddable":true,"href":"https:\/\/pti-as.dk\/de\/wp-json\/wp\/v2\/users\/6"}],"replies":[{"embeddable":true,"href":"https:\/\/pti-as.dk\/de\/wp-json\/wp\/v2\/comments?post=1647"}],"version-history":[{"count":0,"href":"https:\/\/pti-as.dk\/de\/wp-json\/wp\/v2\/pages\/1647\/revisions"}],"up":[{"embeddable":true,"href":"https:\/\/pti-as.dk\/de\/wp-json\/wp\/v2\/pages\/1628"}],"wp:featuredmedia":[{"embeddable":true,"href":"https:\/\/pti-as.dk\/de\/wp-json\/wp\/v2\/media\/1231"}],"wp:attachment":[{"href":"https:\/\/pti-as.dk\/de\/wp-json\/wp\/v2\/media?parent=1647"}],"curies":[{"name":"wp","href":"https:\/\/api.w.org\/{rel}","templated":true}]}}