{"id":1657,"date":"2023-11-16T10:44:22","date_gmt":"2023-11-16T08:44:22","guid":{"rendered":"https:\/\/pti.qki.dk\/projekter\/"},"modified":"2024-03-21T14:34:33","modified_gmt":"2024-03-21T12:34:33","slug":"projekter","status":"publish","type":"page","link":"https:\/\/pti-as.dk\/de\/projekter\/","title":{"rendered":"Projekte"},"content":{"rendered":"<h1>Projekte<\/h1>\n<h2>Wir bearbeiten Aufgaben von der Idee und dem Design bis zur Herstellung, Montage, Inbetriebnahme und dem Anlauf beim Kunden.<\/h2>\n<p>Eine der St\u00e4rken von PTI ist die Erstellung individueller, kundenspezifischer L\u00f6sungen, die den Bed\u00fcrfnissen und W\u00fcnschen des einzelnen Kunden entsprechen. L\u00f6sungen, die in Bezug auf Betrieb und Wirtschaftlichkeit optimal sind.<\/p>\n<p>Gleichzeitig betrachtet PTI A\/S Problemstellungen mit neuen Augen und f\u00f6rdert dadurch eine dynamische Entwicklung f\u00fcr den Kunden. PTI A\/S sieht sich als Sparringspartner f\u00fcr den Kunden und nimmt Erfahrungen aus allen Ebenen des Kundenunternehmens auf.<\/p>\n<div class=\"subpages-container\">        <div class=\"subpage\">\n            <a href=\"https:\/\/pti-as.dk\/de\/projekter\/tapning-af-flydende-produkter\/\">\n                                    <div class=\"thumbnail\"><img loading=\"lazy\" decoding=\"async\" width=\"2880\" height=\"2160\" src=\"https:\/\/pti-as.dk\/wp-content\/smush-webp\/2024\/02\/DSCN0480-scaled.jpg.webp\" class=\"attachment-post-thumbnail size-post-thumbnail wp-post-image\" alt=\"\" srcset=\"https:\/\/pti-as.dk\/wp-content\/smush-webp\/2024\/02\/DSCN0480-scaled.jpg.webp 2880w, https:\/\/pti-as.dk\/wp-content\/smush-webp\/2024\/02\/DSCN0480-1280x960.jpg.webp 1280w, https:\/\/pti-as.dk\/wp-content\/smush-webp\/2024\/02\/DSCN0480-980x735.jpg.webp 980w, https:\/\/pti-as.dk\/wp-content\/smush-webp\/2024\/02\/DSCN0480-480x360.jpg.webp 480w\" sizes=\"(min-width: 0px) and (max-width: 480px) 480px, (min-width: 481px) and (max-width: 980px) 980px, (min-width: 981px) and (max-width: 1280px) 1280px, (min-width: 1281px) 2880px, 100vw\" data-smush-webp-fallback=\"{&quot;src&quot;:&quot;https:\\\/\\\/pti-as.dk\\\/wp-content\\\/uploads\\\/2024\\\/02\\\/DSCN0480-scaled.jpg&quot;,&quot;srcset&quot;:&quot;https:\\\/\\\/pti-as.dk\\\/wp-content\\\/uploads\\\/2024\\\/02\\\/DSCN0480-scaled.jpg 2880w, https:\\\/\\\/pti-as.dk\\\/wp-content\\\/uploads\\\/2024\\\/02\\\/DSCN0480-1280x960.jpg 1280w, https:\\\/\\\/pti-as.dk\\\/wp-content\\\/uploads\\\/2024\\\/02\\\/DSCN0480-980x735.jpg 980w, https:\\\/\\\/pti-as.dk\\\/wp-content\\\/uploads\\\/2024\\\/02\\\/DSCN0480-480x360.jpg 480w&quot;}\" \/><\/div>\n                                <h3 class=\"subpage-title\">Abf\u00fcllung von fl\u00fcssigen Produkten<\/h3>\n            <\/a>\n        <\/div>\n                <div class=\"subpage\">\n            <a href=\"https:\/\/pti-as.dk\/de\/projekter\/turnkey-mejeri\/\">\n                                    <div class=\"thumbnail\"><img loading=\"lazy\" decoding=\"async\" width=\"1125\" height=\"1500\" src=\"https:\/\/pti-as.dk\/wp-content\/smush-webp\/2024\/01\/rwanda_16_161.jpg.webp\" class=\"attachment-post-thumbnail size-post-thumbnail wp-post-image\" alt=\"\" srcset=\"https:\/\/pti-as.dk\/wp-content\/smush-webp\/2024\/01\/rwanda_16_161.jpg.webp 1125w, https:\/\/pti-as.dk\/wp-content\/smush-webp\/2024\/01\/rwanda_16_161-980x1307.jpg.webp 980w, https:\/\/pti-as.dk\/wp-content\/smush-webp\/2024\/01\/rwanda_16_161-480x640.jpg.webp 480w\" sizes=\"(min-width: 0px) and (max-width: 480px) 480px, (min-width: 481px) and (max-width: 980px) 980px, (min-width: 981px) 1125px, 100vw\" data-smush-webp-fallback=\"{&quot;src&quot;:&quot;https:\\\/\\\/pti-as.dk\\\/wp-content\\\/uploads\\\/2024\\\/01\\\/rwanda_16_161.jpg&quot;,&quot;srcset&quot;:&quot;https:\\\/\\\/pti-as.dk\\\/wp-content\\\/uploads\\\/2024\\\/01\\\/rwanda_16_161.jpg 1125w, https:\\\/\\\/pti-as.dk\\\/wp-content\\\/uploads\\\/2024\\\/01\\\/rwanda_16_161-980x1307.jpg 980w, https:\\\/\\\/pti-as.dk\\\/wp-content\\\/uploads\\\/2024\\\/01\\\/rwanda_16_161-480x640.jpg 480w&quot;}\" \/><\/div>\n                                <h3 class=\"subpage-title\">Turnkey Molkerei<\/h3>\n            <\/a>\n        <\/div>\n                <div class=\"subpage\">\n            <a href=\"https:\/\/pti-as.dk\/de\/projekter\/varmevekslerstation-hos-roedkaersbro-fjernvarmevaerk\/\">\n                                    <div class=\"thumbnail\"><img loading=\"lazy\" decoding=\"async\" width=\"1209\" height=\"808\" src=\"https:\/\/pti-as.dk\/wp-content\/smush-webp\/2024\/01\/roedkjaersbro_2414.jpg.webp\" class=\"attachment-post-thumbnail size-post-thumbnail wp-post-image\" alt=\"\" srcset=\"https:\/\/pti-as.dk\/wp-content\/smush-webp\/2024\/01\/roedkjaersbro_2414.jpg.webp 1209w, https:\/\/pti-as.dk\/wp-content\/smush-webp\/2024\/01\/roedkjaersbro_2414-980x655.jpg.webp 980w, https:\/\/pti-as.dk\/wp-content\/smush-webp\/2024\/01\/roedkjaersbro_2414-480x321.jpg.webp 480w\" sizes=\"(min-width: 0px) and (max-width: 480px) 480px, (min-width: 481px) and (max-width: 980px) 980px, (min-width: 981px) 1209px, 100vw\" data-smush-webp-fallback=\"{&quot;src&quot;:&quot;https:\\\/\\\/pti-as.dk\\\/wp-content\\\/uploads\\\/2024\\\/01\\\/roedkjaersbro_2414.jpg&quot;,&quot;srcset&quot;:&quot;https:\\\/\\\/pti-as.dk\\\/wp-content\\\/uploads\\\/2024\\\/01\\\/roedkjaersbro_2414.jpg 1209w, https:\\\/\\\/pti-as.dk\\\/wp-content\\\/uploads\\\/2024\\\/01\\\/roedkjaersbro_2414-980x655.jpg 980w, https:\\\/\\\/pti-as.dk\\\/wp-content\\\/uploads\\\/2024\\\/01\\\/roedkjaersbro_2414-480x321.jpg 480w&quot;}\" \/><\/div>\n                                <h3 class=\"subpage-title\">W\u00e4rmetauscherstation<\/h3>\n            <\/a>\n        <\/div>\n                <div class=\"subpage\">\n            <a href=\"https:\/\/pti-as.dk\/de\/projekter\/cip-anlaeg-til-kalundborg-forsyning\/\">\n                                    <div class=\"thumbnail\"><img loading=\"lazy\" decoding=\"async\" width=\"2560\" height=\"1920\" src=\"https:\/\/pti-as.dk\/wp-content\/smush-webp\/2024\/01\/20170614_110619-1-scaled.jpg.webp\" class=\"attachment-post-thumbnail size-post-thumbnail wp-post-image\" alt=\"\" srcset=\"https:\/\/pti-as.dk\/wp-content\/smush-webp\/2024\/01\/20170614_110619-1-scaled.jpg.webp 2560w, https:\/\/pti-as.dk\/wp-content\/smush-webp\/2024\/01\/20170614_110619-1-1280x960.jpg.webp 1280w, https:\/\/pti-as.dk\/wp-content\/smush-webp\/2024\/01\/20170614_110619-1-980x735.jpg.webp 980w, https:\/\/pti-as.dk\/wp-content\/smush-webp\/2024\/01\/20170614_110619-1-480x360.jpg.webp 480w\" sizes=\"(min-width: 0px) and (max-width: 480px) 480px, (min-width: 481px) and (max-width: 980px) 980px, (min-width: 981px) and (max-width: 1280px) 1280px, (min-width: 1281px) 2560px, 100vw\" data-smush-webp-fallback=\"{&quot;src&quot;:&quot;https:\\\/\\\/pti-as.dk\\\/wp-content\\\/uploads\\\/2024\\\/01\\\/20170614_110619-1-scaled.jpg&quot;,&quot;srcset&quot;:&quot;https:\\\/\\\/pti-as.dk\\\/wp-content\\\/uploads\\\/2024\\\/01\\\/20170614_110619-1-scaled.jpg 2560w, https:\\\/\\\/pti-as.dk\\\/wp-content\\\/uploads\\\/2024\\\/01\\\/20170614_110619-1-1280x960.jpg 1280w, https:\\\/\\\/pti-as.dk\\\/wp-content\\\/uploads\\\/2024\\\/01\\\/20170614_110619-1-980x735.jpg 980w, https:\\\/\\\/pti-as.dk\\\/wp-content\\\/uploads\\\/2024\\\/01\\\/20170614_110619-1-480x360.jpg 480w&quot;}\" \/><\/div>\n                                <h3 class=\"subpage-title\">CIP-Anlagen<\/h3>\n            <\/a>\n        <\/div>\n                <div class=\"subpage\">\n            <a href=\"https:\/\/pti-as.dk\/de\/projekter\/daasetoemmer\/\">\n                                    <div class=\"thumbnail\"><img loading=\"lazy\" decoding=\"async\" width=\"1421\" height=\"978\" src=\"https:\/\/pti-as.dk\/wp-content\/smush-webp\/2024\/01\/Daasetoemmer.jpg.webp\" class=\"attachment-post-thumbnail size-post-thumbnail wp-post-image\" alt=\"\" srcset=\"https:\/\/pti-as.dk\/wp-content\/smush-webp\/2024\/01\/Daasetoemmer.jpg.webp 1421w, https:\/\/pti-as.dk\/wp-content\/smush-webp\/2024\/01\/Daasetoemmer-1280x881.jpg.webp 1280w, https:\/\/pti-as.dk\/wp-content\/smush-webp\/2024\/01\/Daasetoemmer-980x674.jpg.webp 980w, https:\/\/pti-as.dk\/wp-content\/smush-webp\/2024\/01\/Daasetoemmer-480x330.jpg.webp 480w\" sizes=\"(min-width: 0px) and (max-width: 480px) 480px, (min-width: 481px) and (max-width: 980px) 980px, (min-width: 981px) and (max-width: 1280px) 1280px, (min-width: 1281px) 1421px, 100vw\" data-smush-webp-fallback=\"{&quot;src&quot;:&quot;https:\\\/\\\/pti-as.dk\\\/wp-content\\\/uploads\\\/2024\\\/01\\\/Daasetoemmer.jpg&quot;,&quot;srcset&quot;:&quot;https:\\\/\\\/pti-as.dk\\\/wp-content\\\/uploads\\\/2024\\\/01\\\/Daasetoemmer.jpg 1421w, https:\\\/\\\/pti-as.dk\\\/wp-content\\\/uploads\\\/2024\\\/01\\\/Daasetoemmer-1280x881.jpg 1280w, https:\\\/\\\/pti-as.dk\\\/wp-content\\\/uploads\\\/2024\\\/01\\\/Daasetoemmer-980x674.jpg 980w, https:\\\/\\\/pti-as.dk\\\/wp-content\\\/uploads\\\/2024\\\/01\\\/Daasetoemmer-480x330.jpg 480w&quot;}\" \/><\/div>\n                                <h3 class=\"subpage-title\">Dosenentleerer<\/h3>\n            <\/a>\n        <\/div>\n                <div class=\"subpage\">\n            <a href=\"https:\/\/pti-as.dk\/de\/projekter\/fylde-og-emballeringsudstyr\/\">\n                                    <div class=\"thumbnail\"><img loading=\"lazy\" decoding=\"async\" width=\"2880\" height=\"2160\" src=\"https:\/\/pti-as.dk\/wp-content\/smush-webp\/2024\/02\/20210629_111323-scaled.jpg.webp\" class=\"attachment-post-thumbnail size-post-thumbnail wp-post-image\" alt=\"\" srcset=\"https:\/\/pti-as.dk\/wp-content\/smush-webp\/2024\/02\/20210629_111323-scaled.jpg.webp 2880w, https:\/\/pti-as.dk\/wp-content\/smush-webp\/2024\/02\/20210629_111323-1280x960.jpg.webp 1280w, https:\/\/pti-as.dk\/wp-content\/smush-webp\/2024\/02\/20210629_111323-980x735.jpg.webp 980w, https:\/\/pti-as.dk\/wp-content\/smush-webp\/2024\/02\/20210629_111323-480x360.jpg.webp 480w\" sizes=\"(min-width: 0px) and (max-width: 480px) 480px, (min-width: 481px) and (max-width: 980px) 980px, (min-width: 981px) and (max-width: 1280px) 1280px, (min-width: 1281px) 2880px, 100vw\" data-smush-webp-fallback=\"{&quot;src&quot;:&quot;https:\\\/\\\/pti-as.dk\\\/wp-content\\\/uploads\\\/2024\\\/02\\\/20210629_111323-scaled.jpg&quot;,&quot;srcset&quot;:&quot;https:\\\/\\\/pti-as.dk\\\/wp-content\\\/uploads\\\/2024\\\/02\\\/20210629_111323-scaled.jpg 2880w, https:\\\/\\\/pti-as.dk\\\/wp-content\\\/uploads\\\/2024\\\/02\\\/20210629_111323-1280x960.jpg 1280w, https:\\\/\\\/pti-as.dk\\\/wp-content\\\/uploads\\\/2024\\\/02\\\/20210629_111323-980x735.jpg 980w, https:\\\/\\\/pti-as.dk\\\/wp-content\\\/uploads\\\/2024\\\/02\\\/20210629_111323-480x360.jpg 480w&quot;}\" \/><\/div>\n                                <h3 class=\"subpage-title\">F\u00fcll- und Verpackungsausr\u00fcstung<\/h3>\n            <\/a>\n        <\/div>\n                <div class=\"subpage\">\n            <a href=\"https:\/\/pti-as.dk\/de\/projekter\/ombygning-af-fyldesystem\/\">\n                                    <div class=\"thumbnail\"><img loading=\"lazy\" decoding=\"async\" width=\"1944\" height=\"2592\" src=\"https:\/\/pti-as.dk\/wp-content\/uploads\/2024\/02\/2017-02-15-16.29.07-rotated-1.webp\" class=\"attachment-post-thumbnail size-post-thumbnail wp-post-image\" alt=\"\" srcset=\"https:\/\/pti-as.dk\/wp-content\/uploads\/2024\/02\/2017-02-15-16.29.07-rotated-1.webp 1944w, https:\/\/pti-as.dk\/wp-content\/uploads\/2024\/02\/2017-02-15-16.29.07-rotated-1-1280x1707.webp 1280w, https:\/\/pti-as.dk\/wp-content\/uploads\/2024\/02\/2017-02-15-16.29.07-rotated-1-980x1307.webp 980w, https:\/\/pti-as.dk\/wp-content\/uploads\/2024\/02\/2017-02-15-16.29.07-rotated-1-480x640.webp 480w\" sizes=\"(min-width: 0px) and (max-width: 480px) 480px, (min-width: 481px) and (max-width: 980px) 980px, (min-width: 981px) and (max-width: 1280px) 1280px, (min-width: 1281px) 1944px, 100vw\" \/><\/div>\n                                <h3 class=\"subpage-title\">Umbau des Abf\u00fcllsystems<\/h3>\n            <\/a>\n        <\/div>\n                <div class=\"subpage\">\n            <a href=\"https:\/\/pti-as.dk\/de\/projekter\/pulveroploesning\/\">\n                                    <div class=\"thumbnail\"><img loading=\"lazy\" decoding=\"async\" width=\"2560\" height=\"1920\" src=\"https:\/\/pti-as.dk\/wp-content\/smush-webp\/2024\/01\/DSCN3335-scaled.jpg.webp\" class=\"attachment-post-thumbnail size-post-thumbnail wp-post-image\" alt=\"\" srcset=\"https:\/\/pti-as.dk\/wp-content\/smush-webp\/2024\/01\/DSCN3335-scaled.jpg.webp 2560w, https:\/\/pti-as.dk\/wp-content\/smush-webp\/2024\/01\/DSCN3335-1280x960.jpg.webp 1280w, https:\/\/pti-as.dk\/wp-content\/smush-webp\/2024\/01\/DSCN3335-980x735.jpg.webp 980w, https:\/\/pti-as.dk\/wp-content\/smush-webp\/2024\/01\/DSCN3335-480x360.jpg.webp 480w\" sizes=\"(min-width: 0px) and (max-width: 480px) 480px, (min-width: 481px) and (max-width: 980px) 980px, (min-width: 981px) and (max-width: 1280px) 1280px, (min-width: 1281px) 2560px, 100vw\" data-smush-webp-fallback=\"{&quot;src&quot;:&quot;https:\\\/\\\/pti-as.dk\\\/wp-content\\\/uploads\\\/2024\\\/01\\\/DSCN3335-scaled.jpg&quot;,&quot;srcset&quot;:&quot;https:\\\/\\\/pti-as.dk\\\/wp-content\\\/uploads\\\/2024\\\/01\\\/DSCN3335-scaled.jpg 2560w, https:\\\/\\\/pti-as.dk\\\/wp-content\\\/uploads\\\/2024\\\/01\\\/DSCN3335-1280x960.jpg 1280w, https:\\\/\\\/pti-as.dk\\\/wp-content\\\/uploads\\\/2024\\\/01\\\/DSCN3335-980x735.jpg 980w, https:\\\/\\\/pti-as.dk\\\/wp-content\\\/uploads\\\/2024\\\/01\\\/DSCN3335-480x360.jpg 480w&quot;}\" \/><\/div>\n                                <h3 class=\"subpage-title\">Pulverl\u00f6sung<\/h3>\n            <\/a>\n        <\/div>\n                <div class=\"subpage\">\n            <a href=\"https:\/\/pti-as.dk\/de\/projekter\/skroebelige-produkter\/\">\n                                    <div class=\"thumbnail\"><img loading=\"lazy\" decoding=\"async\" width=\"2880\" height=\"1920\" src=\"https:\/\/pti-as.dk\/wp-content\/smush-webp\/2024\/02\/IMG_3601-scaled.jpg.webp\" class=\"attachment-post-thumbnail size-post-thumbnail wp-post-image\" alt=\"\" srcset=\"https:\/\/pti-as.dk\/wp-content\/smush-webp\/2024\/02\/IMG_3601-scaled.jpg.webp 2880w, https:\/\/pti-as.dk\/wp-content\/smush-webp\/2024\/02\/IMG_3601-1280x853.jpg.webp 1280w, https:\/\/pti-as.dk\/wp-content\/smush-webp\/2024\/02\/IMG_3601-980x653.jpg.webp 980w, https:\/\/pti-as.dk\/wp-content\/smush-webp\/2024\/02\/IMG_3601-480x320.jpg.webp 480w\" sizes=\"(min-width: 0px) and (max-width: 480px) 480px, (min-width: 481px) and (max-width: 980px) 980px, (min-width: 981px) and (max-width: 1280px) 1280px, (min-width: 1281px) 2880px, 100vw\" data-smush-webp-fallback=\"{&quot;src&quot;:&quot;https:\\\/\\\/pti-as.dk\\\/wp-content\\\/uploads\\\/2024\\\/02\\\/IMG_3601-scaled.jpg&quot;,&quot;srcset&quot;:&quot;https:\\\/\\\/pti-as.dk\\\/wp-content\\\/uploads\\\/2024\\\/02\\\/IMG_3601-scaled.jpg 2880w, https:\\\/\\\/pti-as.dk\\\/wp-content\\\/uploads\\\/2024\\\/02\\\/IMG_3601-1280x853.jpg 1280w, https:\\\/\\\/pti-as.dk\\\/wp-content\\\/uploads\\\/2024\\\/02\\\/IMG_3601-980x653.jpg 980w, https:\\\/\\\/pti-as.dk\\\/wp-content\\\/uploads\\\/2024\\\/02\\\/IMG_3601-480x320.jpg 480w&quot;}\" \/><\/div>\n                                <h3 class=\"subpage-title\">Zerbrechliche Produkte<\/h3>\n            <\/a>\n        <\/div>\n        <\/div>\n","protected":false},"excerpt":{"rendered":"<p>Projekte Wir bearbeiten Aufgaben von der Idee und dem Design bis zur Herstellung, Montage, Inbetriebnahme und dem Anlauf beim Kunden. Eine der St\u00e4rken von PTI ist die Erstellung individueller, kundenspezifischer L\u00f6sungen, die den Bed\u00fcrfnissen und W\u00fcnschen des einzelnen Kunden entsprechen. L\u00f6sungen, die in Bezug auf Betrieb und Wirtschaftlichkeit optimal sind. Gleichzeitig betrachtet PTI A\/S Problemstellungen [&hellip;]<\/p>\n","protected":false},"author":6,"featured_media":1149,"parent":0,"menu_order":0,"comment_status":"closed","ping_status":"closed","template":"","meta":{"_et_pb_use_builder":"","_et_pb_old_content":"","_et_gb_content_width":"","footnotes":""},"class_list":["post-1657","page","type-page","status-publish","has-post-thumbnail","hentry"],"_links":{"self":[{"href":"https:\/\/pti-as.dk\/de\/wp-json\/wp\/v2\/pages\/1657","targetHints":{"allow":["GET"]}}],"collection":[{"href":"https:\/\/pti-as.dk\/de\/wp-json\/wp\/v2\/pages"}],"about":[{"href":"https:\/\/pti-as.dk\/de\/wp-json\/wp\/v2\/types\/page"}],"author":[{"embeddable":true,"href":"https:\/\/pti-as.dk\/de\/wp-json\/wp\/v2\/users\/6"}],"replies":[{"embeddable":true,"href":"https:\/\/pti-as.dk\/de\/wp-json\/wp\/v2\/comments?post=1657"}],"version-history":[{"count":0,"href":"https:\/\/pti-as.dk\/de\/wp-json\/wp\/v2\/pages\/1657\/revisions"}],"wp:featuredmedia":[{"embeddable":true,"href":"https:\/\/pti-as.dk\/de\/wp-json\/wp\/v2\/media\/1149"}],"wp:attachment":[{"href":"https:\/\/pti-as.dk\/de\/wp-json\/wp\/v2\/media?parent=1657"}],"curies":[{"name":"wp","href":"https:\/\/api.w.org\/{rel}","templated":true}]}}