{"id":1665,"date":"2023-12-06T09:21:30","date_gmt":"2023-12-06T07:21:30","guid":{"rendered":"https:\/\/pti.qki.dk\/projekter\/turnkey-mejeri\/"},"modified":"2024-03-22T12:03:31","modified_gmt":"2024-03-22T10:03:31","slug":"turnkey-mejeri","status":"publish","type":"page","link":"https:\/\/pti-as.dk\/de\/projekter\/turnkey-mejeri\/","title":{"rendered":"Turnkey Molkerei"},"content":{"rendered":"<h1>Turnkey Molkerei<\/h1>\n<p>Eine komplette und schl\u00fcsselfertige Molkerei wurde von PTI A\/S entworfen und gebaut.<\/p>\n<p>Die Molkerei ist daf\u00fcr ausgelegt, Milch in Eimern von lokalen Milchproduzenten zu wiegen. In der Molkerei werden Trinkmilch, Joghurt und Butter hergestellt. Au\u00dferdem verf\u00fcgt die Molkerei \u00fcber eine Mischanlage zur Rekombination von Milchpulver.<\/p>\n<p>Die Molkerei besteht aus:<\/p>\n<ul>\n<li>Wiegeeinrichtung inklusive Rohmilchtanks<\/li>\n<li>Rekombinationsanlage f\u00fcr Milchpulver<\/li>\n<li>Pasteurisierungseinheit mit Separator, Homogenisator und 300 Sekunden Haltezelle<\/li>\n<li>Bebr\u00fctungstanks f\u00fcr Joghurt<\/li>\n<li>UHT-Anlage<\/li>\n<li>Butterfass<\/li>\n<li>Automatische CIP-Anlage<\/li>\n<li>Eiswasseranlage<\/li>\n<li>Druckluftanlage<\/li>\n<\/ul>\n\n\t\t<style type=\"text\/css\">\n\t\t\t#gallery-1 {\n\t\t\t\tmargin: auto;\n\t\t\t}\n\t\t\t#gallery-1 .gallery-item {\n\t\t\t\tfloat: left;\n\t\t\t\tmargin-top: 10px;\n\t\t\t\ttext-align: center;\n\t\t\t\twidth: 33%;\n\t\t\t}\n\t\t\t#gallery-1 img {\n\t\t\t\tborder: 2px solid #cfcfcf;\n\t\t\t}\n\t\t\t#gallery-1 .gallery-caption {\n\t\t\t\tmargin-left: 0;\n\t\t\t}\n\t\t\t\/* see gallery_shortcode() in wp-includes\/media.php *\/\n\t\t<\/style>\n\t\t<div id='gallery-1' class='gallery galleryid-1665 gallery-columns-3 gallery-size-large'><dl class='gallery-item'>\n\t\t\t<dt class='gallery-icon landscape'>\n\t\t\t\t<a href='https:\/\/pti-as.dk\/wp-content\/smush-webp\/2024\/01\/rwanda_01_169.jpg.webp' data-smush-webp-fallback='{&quot;href&quot;:&quot;https:\\\/\\\/pti-as.dk\\\/wp-content\\\/uploads\\\/2024\\\/01\\\/rwanda_01_169.jpg&quot;}'><img loading=\"lazy\" decoding=\"async\" width=\"1024\" height=\"768\" src=\"https:\/\/pti-as.dk\/wp-content\/smush-webp\/2024\/01\/rwanda_01_169-1024x768.jpg.webp\" class=\"attachment-large size-large\" alt=\"\" srcset=\"https:\/\/pti-as.dk\/wp-content\/smush-webp\/2024\/01\/rwanda_01_169-980x735.jpg.webp 980w, https:\/\/pti-as.dk\/wp-content\/smush-webp\/2024\/01\/rwanda_01_169-480x360.jpg.webp 480w\" sizes=\"(min-width: 0px) and (max-width: 480px) 480px, (min-width: 481px) and (max-width: 980px) 980px, (min-width: 981px) 1024px, 100vw\" data-smush-webp-fallback=\"{&quot;src&quot;:&quot;https:\\\/\\\/pti-as.dk\\\/wp-content\\\/uploads\\\/2024\\\/01\\\/rwanda_01_169-1024x768.jpg&quot;,&quot;srcset&quot;:&quot;https:\\\/\\\/pti-as.dk\\\/wp-content\\\/uploads\\\/2024\\\/01\\\/rwanda_01_169-980x735.jpg 980w, https:\\\/\\\/pti-as.dk\\\/wp-content\\\/uploads\\\/2024\\\/01\\\/rwanda_01_169-480x360.jpg 480w&quot;}\" \/><\/a>\n\t\t\t<\/dt><\/dl><dl class='gallery-item'>\n\t\t\t<dt class='gallery-icon landscape'>\n\t\t\t\t<a href='https:\/\/pti-as.dk\/wp-content\/smush-webp\/2024\/01\/rwanda_02_173.jpg.webp' data-smush-webp-fallback='{&quot;href&quot;:&quot;https:\\\/\\\/pti-as.dk\\\/wp-content\\\/uploads\\\/2024\\\/01\\\/rwanda_02_173.jpg&quot;}'><img loading=\"lazy\" decoding=\"async\" width=\"1024\" height=\"768\" src=\"https:\/\/pti-as.dk\/wp-content\/smush-webp\/2024\/01\/rwanda_02_173-1024x768.jpg.webp\" class=\"attachment-large size-large\" alt=\"\" srcset=\"https:\/\/pti-as.dk\/wp-content\/smush-webp\/2024\/01\/rwanda_02_173-980x735.jpg.webp 980w, https:\/\/pti-as.dk\/wp-content\/smush-webp\/2024\/01\/rwanda_02_173-480x360.jpg.webp 480w\" sizes=\"(min-width: 0px) and (max-width: 480px) 480px, (min-width: 481px) and (max-width: 980px) 980px, (min-width: 981px) 1024px, 100vw\" data-smush-webp-fallback=\"{&quot;src&quot;:&quot;https:\\\/\\\/pti-as.dk\\\/wp-content\\\/uploads\\\/2024\\\/01\\\/rwanda_02_173-1024x768.jpg&quot;,&quot;srcset&quot;:&quot;https:\\\/\\\/pti-as.dk\\\/wp-content\\\/uploads\\\/2024\\\/01\\\/rwanda_02_173-980x735.jpg 980w, https:\\\/\\\/pti-as.dk\\\/wp-content\\\/uploads\\\/2024\\\/01\\\/rwanda_02_173-480x360.jpg 480w&quot;}\" \/><\/a>\n\t\t\t<\/dt><\/dl><dl class='gallery-item'>\n\t\t\t<dt class='gallery-icon portrait'>\n\t\t\t\t<a href='https:\/\/pti-as.dk\/wp-content\/smush-webp\/2024\/01\/rwanda_05_185.jpg.webp' data-smush-webp-fallback='{&quot;href&quot;:&quot;https:\\\/\\\/pti-as.dk\\\/wp-content\\\/uploads\\\/2024\\\/01\\\/rwanda_05_185.jpg&quot;}'><img loading=\"lazy\" decoding=\"async\" width=\"768\" height=\"1024\" src=\"https:\/\/pti-as.dk\/wp-content\/smush-webp\/2024\/01\/rwanda_05_185-768x1024.jpg.webp\" class=\"attachment-large size-large\" alt=\"\" data-smush-webp-fallback=\"{&quot;src&quot;:&quot;https:\\\/\\\/pti-as.dk\\\/wp-content\\\/uploads\\\/2024\\\/01\\\/rwanda_05_185-768x1024.jpg&quot;}\" \/><\/a>\n\t\t\t<\/dt><\/dl><br style=\"clear: both\" \/><dl class='gallery-item'>\n\t\t\t<dt class='gallery-icon landscape'>\n\t\t\t\t<a href='https:\/\/pti-as.dk\/wp-content\/smush-webp\/2024\/01\/rwanda_11_209.jpg.webp' data-smush-webp-fallback='{&quot;href&quot;:&quot;https:\\\/\\\/pti-as.dk\\\/wp-content\\\/uploads\\\/2024\\\/01\\\/rwanda_11_209.jpg&quot;}'><img loading=\"lazy\" decoding=\"async\" width=\"1024\" height=\"768\" src=\"https:\/\/pti-as.dk\/wp-content\/smush-webp\/2024\/01\/rwanda_11_209-1024x768.jpg.webp\" class=\"attachment-large size-large\" alt=\"\" srcset=\"https:\/\/pti-as.dk\/wp-content\/smush-webp\/2024\/01\/rwanda_11_209-980x735.jpg.webp 980w, https:\/\/pti-as.dk\/wp-content\/smush-webp\/2024\/01\/rwanda_11_209-480x360.jpg.webp 480w\" sizes=\"(min-width: 0px) and (max-width: 480px) 480px, (min-width: 481px) and (max-width: 980px) 980px, (min-width: 981px) 1024px, 100vw\" data-smush-webp-fallback=\"{&quot;src&quot;:&quot;https:\\\/\\\/pti-as.dk\\\/wp-content\\\/uploads\\\/2024\\\/01\\\/rwanda_11_209-1024x768.jpg&quot;,&quot;srcset&quot;:&quot;https:\\\/\\\/pti-as.dk\\\/wp-content\\\/uploads\\\/2024\\\/01\\\/rwanda_11_209-980x735.jpg 980w, https:\\\/\\\/pti-as.dk\\\/wp-content\\\/uploads\\\/2024\\\/01\\\/rwanda_11_209-480x360.jpg 480w&quot;}\" \/><\/a>\n\t\t\t<\/dt><\/dl><dl class='gallery-item'>\n\t\t\t<dt class='gallery-icon portrait'>\n\t\t\t\t<a href='https:\/\/pti-as.dk\/wp-content\/smush-webp\/2024\/01\/rwanda_12_213.jpg.webp' data-smush-webp-fallback='{&quot;href&quot;:&quot;https:\\\/\\\/pti-as.dk\\\/wp-content\\\/uploads\\\/2024\\\/01\\\/rwanda_12_213.jpg&quot;}'><img loading=\"lazy\" decoding=\"async\" width=\"768\" height=\"1024\" src=\"https:\/\/pti-as.dk\/wp-content\/smush-webp\/2024\/01\/rwanda_12_213-768x1024.jpg.webp\" class=\"attachment-large size-large\" alt=\"\" data-smush-webp-fallback=\"{&quot;src&quot;:&quot;https:\\\/\\\/pti-as.dk\\\/wp-content\\\/uploads\\\/2024\\\/01\\\/rwanda_12_213-768x1024.jpg&quot;}\" \/><\/a>\n\t\t\t<\/dt><\/dl><dl class='gallery-item'>\n\t\t\t<dt class='gallery-icon landscape'>\n\t\t\t\t<a href='https:\/\/pti-as.dk\/wp-content\/smush-webp\/2024\/01\/rwanda_13_217.jpg.webp' data-smush-webp-fallback='{&quot;href&quot;:&quot;https:\\\/\\\/pti-as.dk\\\/wp-content\\\/uploads\\\/2024\\\/01\\\/rwanda_13_217.jpg&quot;}'><img loading=\"lazy\" decoding=\"async\" width=\"1024\" height=\"768\" src=\"https:\/\/pti-as.dk\/wp-content\/smush-webp\/2024\/01\/rwanda_13_217-1024x768.jpg.webp\" class=\"attachment-large size-large\" alt=\"\" srcset=\"https:\/\/pti-as.dk\/wp-content\/smush-webp\/2024\/01\/rwanda_13_217-980x735.jpg.webp 980w, https:\/\/pti-as.dk\/wp-content\/smush-webp\/2024\/01\/rwanda_13_217-480x360.jpg.webp 480w\" sizes=\"(min-width: 0px) and (max-width: 480px) 480px, (min-width: 481px) and (max-width: 980px) 980px, (min-width: 981px) 1024px, 100vw\" data-smush-webp-fallback=\"{&quot;src&quot;:&quot;https:\\\/\\\/pti-as.dk\\\/wp-content\\\/uploads\\\/2024\\\/01\\\/rwanda_13_217-1024x768.jpg&quot;,&quot;srcset&quot;:&quot;https:\\\/\\\/pti-as.dk\\\/wp-content\\\/uploads\\\/2024\\\/01\\\/rwanda_13_217-980x735.jpg 980w, https:\\\/\\\/pti-as.dk\\\/wp-content\\\/uploads\\\/2024\\\/01\\\/rwanda_13_217-480x360.jpg 480w&quot;}\" \/><\/a>\n\t\t\t<\/dt><\/dl><br style=\"clear: both\" \/><dl class='gallery-item'>\n\t\t\t<dt class='gallery-icon portrait'>\n\t\t\t\t<a href='https:\/\/pti-as.dk\/wp-content\/smush-webp\/2024\/01\/rwanda_14_221.jpg.webp' data-smush-webp-fallback='{&quot;href&quot;:&quot;https:\\\/\\\/pti-as.dk\\\/wp-content\\\/uploads\\\/2024\\\/01\\\/rwanda_14_221.jpg&quot;}'><img loading=\"lazy\" decoding=\"async\" width=\"768\" height=\"1024\" src=\"https:\/\/pti-as.dk\/wp-content\/smush-webp\/2024\/01\/rwanda_14_221-768x1024.jpg.webp\" class=\"attachment-large size-large\" alt=\"\" data-smush-webp-fallback=\"{&quot;src&quot;:&quot;https:\\\/\\\/pti-as.dk\\\/wp-content\\\/uploads\\\/2024\\\/01\\\/rwanda_14_221-768x1024.jpg&quot;}\" \/><\/a>\n\t\t\t<\/dt><\/dl><dl class='gallery-item'>\n\t\t\t<dt class='gallery-icon landscape'>\n\t\t\t\t<a href='https:\/\/pti-as.dk\/wp-content\/smush-webp\/2024\/01\/rwanda_15_225.jpg.webp' data-smush-webp-fallback='{&quot;href&quot;:&quot;https:\\\/\\\/pti-as.dk\\\/wp-content\\\/uploads\\\/2024\\\/01\\\/rwanda_15_225.jpg&quot;}'><img loading=\"lazy\" decoding=\"async\" width=\"1024\" height=\"768\" src=\"https:\/\/pti-as.dk\/wp-content\/smush-webp\/2024\/01\/rwanda_15_225-1024x768.jpg.webp\" class=\"attachment-large size-large\" alt=\"\" srcset=\"https:\/\/pti-as.dk\/wp-content\/smush-webp\/2024\/01\/rwanda_15_225-980x735.jpg.webp 980w, https:\/\/pti-as.dk\/wp-content\/smush-webp\/2024\/01\/rwanda_15_225-480x360.jpg.webp 480w\" sizes=\"(min-width: 0px) and (max-width: 480px) 480px, (min-width: 481px) and (max-width: 980px) 980px, (min-width: 981px) 1024px, 100vw\" data-smush-webp-fallback=\"{&quot;src&quot;:&quot;https:\\\/\\\/pti-as.dk\\\/wp-content\\\/uploads\\\/2024\\\/01\\\/rwanda_15_225-1024x768.jpg&quot;,&quot;srcset&quot;:&quot;https:\\\/\\\/pti-as.dk\\\/wp-content\\\/uploads\\\/2024\\\/01\\\/rwanda_15_225-980x735.jpg 980w, https:\\\/\\\/pti-as.dk\\\/wp-content\\\/uploads\\\/2024\\\/01\\\/rwanda_15_225-480x360.jpg 480w&quot;}\" \/><\/a>\n\t\t\t<\/dt><\/dl><dl class='gallery-item'>\n\t\t\t<dt class='gallery-icon portrait'>\n\t\t\t\t<a href='https:\/\/pti-as.dk\/wp-content\/smush-webp\/2024\/01\/rwanda_16_161.jpg.webp' data-smush-webp-fallback='{&quot;href&quot;:&quot;https:\\\/\\\/pti-as.dk\\\/wp-content\\\/uploads\\\/2024\\\/01\\\/rwanda_16_161.jpg&quot;}'><img loading=\"lazy\" decoding=\"async\" width=\"768\" height=\"1024\" src=\"https:\/\/pti-as.dk\/wp-content\/smush-webp\/2024\/01\/rwanda_16_161-768x1024.jpg.webp\" class=\"attachment-large size-large\" alt=\"\" data-smush-webp-fallback=\"{&quot;src&quot;:&quot;https:\\\/\\\/pti-as.dk\\\/wp-content\\\/uploads\\\/2024\\\/01\\\/rwanda_16_161-768x1024.jpg&quot;}\" \/><\/a>\n\t\t\t<\/dt><\/dl><br style=\"clear: both\" \/><dl class='gallery-item'>\n\t\t\t<dt class='gallery-icon landscape'>\n\t\t\t\t<a href='https:\/\/pti-as.dk\/wp-content\/smush-webp\/2024\/01\/rwanda_17_165.jpg.webp' data-smush-webp-fallback='{&quot;href&quot;:&quot;https:\\\/\\\/pti-as.dk\\\/wp-content\\\/uploads\\\/2024\\\/01\\\/rwanda_17_165.jpg&quot;}'><img loading=\"lazy\" decoding=\"async\" width=\"1024\" height=\"768\" src=\"https:\/\/pti-as.dk\/wp-content\/smush-webp\/2024\/01\/rwanda_17_165-1024x768.jpg.webp\" class=\"attachment-large size-large\" alt=\"\" srcset=\"https:\/\/pti-as.dk\/wp-content\/smush-webp\/2024\/01\/rwanda_17_165-980x735.jpg.webp 980w, https:\/\/pti-as.dk\/wp-content\/smush-webp\/2024\/01\/rwanda_17_165-480x360.jpg.webp 480w\" sizes=\"(min-width: 0px) and (max-width: 480px) 480px, (min-width: 481px) and (max-width: 980px) 980px, (min-width: 981px) 1024px, 100vw\" data-smush-webp-fallback=\"{&quot;src&quot;:&quot;https:\\\/\\\/pti-as.dk\\\/wp-content\\\/uploads\\\/2024\\\/01\\\/rwanda_17_165-1024x768.jpg&quot;,&quot;srcset&quot;:&quot;https:\\\/\\\/pti-as.dk\\\/wp-content\\\/uploads\\\/2024\\\/01\\\/rwanda_17_165-980x735.jpg 980w, https:\\\/\\\/pti-as.dk\\\/wp-content\\\/uploads\\\/2024\\\/01\\\/rwanda_17_165-480x360.jpg 480w&quot;}\" \/><\/a>\n\t\t\t<\/dt><\/dl>\n\t\t\t<br style='clear: both' \/>\n\t\t<\/div>\n\n","protected":false},"excerpt":{"rendered":"<p>Turnkey Molkerei Eine komplette und schl\u00fcsselfertige Molkerei wurde von PTI A\/S entworfen und gebaut. Die Molkerei ist daf\u00fcr ausgelegt, Milch in Eimern von lokalen Milchproduzenten zu wiegen. In der Molkerei werden Trinkmilch, Joghurt und Butter hergestellt. Au\u00dferdem verf\u00fcgt die Molkerei \u00fcber eine Mischanlage zur Rekombination von Milchpulver. Die Molkerei besteht aus: Wiegeeinrichtung inklusive Rohmilchtanks Rekombinationsanlage [&hellip;]<\/p>\n","protected":false},"author":6,"featured_media":1309,"parent":1657,"menu_order":0,"comment_status":"closed","ping_status":"closed","template":"","meta":{"_et_pb_use_builder":"","_et_pb_old_content":"","_et_gb_content_width":"","footnotes":""},"class_list":["post-1665","page","type-page","status-publish","has-post-thumbnail","hentry"],"_links":{"self":[{"href":"https:\/\/pti-as.dk\/de\/wp-json\/wp\/v2\/pages\/1665","targetHints":{"allow":["GET"]}}],"collection":[{"href":"https:\/\/pti-as.dk\/de\/wp-json\/wp\/v2\/pages"}],"about":[{"href":"https:\/\/pti-as.dk\/de\/wp-json\/wp\/v2\/types\/page"}],"author":[{"embeddable":true,"href":"https:\/\/pti-as.dk\/de\/wp-json\/wp\/v2\/users\/6"}],"replies":[{"embeddable":true,"href":"https:\/\/pti-as.dk\/de\/wp-json\/wp\/v2\/comments?post=1665"}],"version-history":[{"count":0,"href":"https:\/\/pti-as.dk\/de\/wp-json\/wp\/v2\/pages\/1665\/revisions"}],"up":[{"embeddable":true,"href":"https:\/\/pti-as.dk\/de\/wp-json\/wp\/v2\/pages\/1657"}],"wp:featuredmedia":[{"embeddable":true,"href":"https:\/\/pti-as.dk\/de\/wp-json\/wp\/v2\/media\/1309"}],"wp:attachment":[{"href":"https:\/\/pti-as.dk\/de\/wp-json\/wp\/v2\/media?parent=1665"}],"curies":[{"name":"wp","href":"https:\/\/api.w.org\/{rel}","templated":true}]}}