{"id":1669,"date":"2023-12-06T09:21:41","date_gmt":"2023-12-06T07:21:41","guid":{"rendered":"https:\/\/pti.qki.dk\/projekter\/varmevekslerstation-hos-roedkaersbro-fjernvarmevaerk\/"},"modified":"2024-03-22T12:16:06","modified_gmt":"2024-03-22T10:16:06","slug":"varmevekslerstation-hos-roedkaersbro-fjernvarmevaerk","status":"publish","type":"page","link":"https:\/\/pti-as.dk\/de\/projekter\/varmevekslerstation-hos-roedkaersbro-fjernvarmevaerk\/","title":{"rendered":"W\u00e4rmetauscherstation"},"content":{"rendered":"<h1>W\u00e4rmetauscherstation bei R\u00f8dk\u00e6rsbro Fernw\u00e4rme<\/h1>\n<p>PTI A\/S hat die W\u00e4rmetauscherstation gebaut und geliefert, die W\u00e4rme aus dem Abwasser gewinnt, das von der Arla Foods Molkerei in R\u00f8dk\u00e6rsbro abgeleitet wird.<\/p>\n<p>Design und Planung wurden in enger Zusammenarbeit mit dem eigenen Projektmanagement des Fernw\u00e4rmewerks und den anderen Lieferanten (PlanEnergi, Alfred Preiss und MITA Technik) durchgef\u00fchrt.<\/p>\n<p>Das Design legt Wert auf eine kompakte, logische und stromlinienf\u00f6rmige Konstruktion mit gutem Zugang f\u00fcr Wartungsarbeiten.<\/p>\n<p>Das Fernw\u00e4rmewerk R\u00f8dk\u00e6rsbro hat selbst die W\u00e4rmetauscher, das Geb\u00e4ude und die Automatisierung gekauft. PTI war verantwortlich f\u00fcr den Kauf der restlichen Komponenten sowie f\u00fcr Dimensionierung und Design des Rohrsystems.<\/p>\n<p>Das Abwasser enth\u00e4lt geringe Mengen organischer\/anorganischer Stoffe sowie Mikroorganismen, sodass erwartet wird, dass die W\u00e4rmetauscher mit der Zeit verschmutzen. Ein verschmutzter W\u00e4rmetauscher hat eine schlechte W\u00e4rme\u00fcbertragung und damit eine schlechte Betriebswirtschaft.<\/p>\n<h3><strong>Dimensionierung<\/strong><\/h3>\n<p>Um sicherzustellen, dass die Tauscherstation die gew\u00fcnschten Mengen an Abwasser und Energiefl\u00fcssigkeit ohne unn\u00f6tig gro\u00dfe Druckabf\u00e4lle handhaben kann, hat PTI die Rohrdimensionen dimensioniert und berechnet.<\/p>\n<p>Es wurde R\u00fccksicht auf die Anforderungen der Kl\u00e4ranlage der Molkerei sowie der W\u00e4rmepumpenstation genommen.<\/p>\n<p>Das Reinigungssystem (CIP-Anlage) ist nach bekannten Prinzipien mit den Abwasserrohren verbunden, sodass eine effiziente Reinigung unter Ber\u00fccksichtigung der Betriebskosten, der Zeit und der Investitionen in die Anlage erreicht werden kann.<\/p>\n<h3><strong>Design<\/strong><\/h3>\n<p>Auf der Grundlage von PTIs solider Expertise im Aufbau von Prozessanlagen ist die Anlage kompakt konstruiert, bleibt dabei aber logisch und \u00fcbersichtlich. Ein wichtiger Faktor im Design ist die Gew\u00e4hrleistung guter Zugangsverh\u00e4ltnisse f\u00fcr Wartung und Instandhaltung.<\/p>\n<p>PTI ist unabh\u00e4ngig von den Komponentenlieferanten. Die Komponenten wurden in Zusammenarbeit mit dem Kunden und basierend auf deren Pr\u00e4ferenzen ausgew\u00e4hlt. Dadurch tr\u00e4gt PTI dazu bei, dass das ben\u00f6tigte Ersatzteillager auch nach Abschluss des Projekts auf ein Minimum beschr\u00e4nkt bleiben kann.<\/p>\n<h3><strong>Herstellung\/Montage<\/strong><\/h3>\n<p>PTIs Expertise in der Herstellung und Montage liegt \u00fcberwiegend im Bau von abgegrenzten Anlagen, die in unserer eigenen Werkstatt gefertigt werden k\u00f6nnen. Sobald die Anlage fertiggestellt ist, wird sie zum Bauplatz des Kunden verlegt und dort angeschlossen.<\/p>\n<p>Die Herstellung der Prozessausr\u00fcstung konnte daher beginnen, bevor das Geb\u00e4ude fertiggestellt war, wodurch die gesamte Bauzeit verk\u00fcrzt wurde.<\/p>\n<p>Zur\u00fcck zu Industrie und Fernw\u00e4rme <a href=\"https:\/\/pti-as.dk\/produkter\/varmevekslere-og-rengoeringssystemer-til-industri-og-fjernvarme\/\" target=\"_blank\" rel=\"noopener\">klicken Sie hier<\/a><\/p>\n<p><img loading=\"lazy\" decoding=\"async\" class=\"alignnone size-full wp-image-663\" src=\"https:\/\/pti-as.dk\/wp-content\/smush-webp\/2024\/01\/roedkjaersbro-4_2433.jpg.webp\" alt=\"\" width=\"714\" height=\"537\" srcset=\"https:\/\/pti-as.dk\/wp-content\/smush-webp\/2024\/01\/roedkjaersbro-4_2433.jpg.webp 714w, https:\/\/pti-as.dk\/wp-content\/smush-webp\/2024\/01\/roedkjaersbro-4_2433-480x361.jpg.webp 480w\" sizes=\"(min-width: 0px) and (max-width: 480px) 480px, (min-width: 481px) 714px, 100vw\" data-smush-webp-fallback=\"{&quot;src&quot;:&quot;https:\\\/\\\/pti-as.dk\\\/wp-content\\\/uploads\\\/2024\\\/01\\\/roedkjaersbro-4_2433.jpg&quot;,&quot;srcset&quot;:&quot;https:\\\/\\\/pti-as.dk\\\/wp-content\\\/uploads\\\/2024\\\/01\\\/roedkjaersbro-4_2433.jpg 714w, https:\\\/\\\/pti-as.dk\\\/wp-content\\\/uploads\\\/2024\\\/01\\\/roedkjaersbro-4_2433-480x361.jpg 480w&quot;}\" \/><\/p>\n","protected":false},"excerpt":{"rendered":"<p>W\u00e4rmetauscherstation bei R\u00f8dk\u00e6rsbro Fernw\u00e4rme PTI A\/S hat die W\u00e4rmetauscherstation gebaut und geliefert, die W\u00e4rme aus dem Abwasser gewinnt, das von der Arla Foods Molkerei in R\u00f8dk\u00e6rsbro abgeleitet wird. Design und Planung wurden in enger Zusammenarbeit mit dem eigenen Projektmanagement des Fernw\u00e4rmewerks und den anderen Lieferanten (PlanEnergi, Alfred Preiss und MITA Technik) durchgef\u00fchrt. Das Design legt [&hellip;]<\/p>\n","protected":false},"author":6,"featured_media":1313,"parent":1657,"menu_order":0,"comment_status":"closed","ping_status":"closed","template":"","meta":{"_et_pb_use_builder":"","_et_pb_old_content":"","_et_gb_content_width":"","footnotes":""},"class_list":["post-1669","page","type-page","status-publish","has-post-thumbnail","hentry"],"_links":{"self":[{"href":"https:\/\/pti-as.dk\/de\/wp-json\/wp\/v2\/pages\/1669","targetHints":{"allow":["GET"]}}],"collection":[{"href":"https:\/\/pti-as.dk\/de\/wp-json\/wp\/v2\/pages"}],"about":[{"href":"https:\/\/pti-as.dk\/de\/wp-json\/wp\/v2\/types\/page"}],"author":[{"embeddable":true,"href":"https:\/\/pti-as.dk\/de\/wp-json\/wp\/v2\/users\/6"}],"replies":[{"embeddable":true,"href":"https:\/\/pti-as.dk\/de\/wp-json\/wp\/v2\/comments?post=1669"}],"version-history":[{"count":0,"href":"https:\/\/pti-as.dk\/de\/wp-json\/wp\/v2\/pages\/1669\/revisions"}],"up":[{"embeddable":true,"href":"https:\/\/pti-as.dk\/de\/wp-json\/wp\/v2\/pages\/1657"}],"wp:featuredmedia":[{"embeddable":true,"href":"https:\/\/pti-as.dk\/de\/wp-json\/wp\/v2\/media\/1313"}],"wp:attachment":[{"href":"https:\/\/pti-as.dk\/de\/wp-json\/wp\/v2\/media?parent=1669"}],"curies":[{"name":"wp","href":"https:\/\/api.w.org\/{rel}","templated":true}]}}