{"id":1678,"date":"2024-01-23T20:31:34","date_gmt":"2024-01-23T18:31:34","guid":{"rendered":"https:\/\/pti.qki.dk\/produkter\/pti-fyldere\/"},"modified":"2024-03-24T23:02:28","modified_gmt":"2024-03-24T21:02:28","slug":"pti-fyldere","status":"publish","type":"page","link":"https:\/\/pti-as.dk\/de\/produkter\/pti-fyldere\/","title":{"rendered":"PTI Kolbenf\u00fcller"},"content":{"rendered":"<h1>PTI Kolbenf\u00fcller<\/h1>\n<p>PTI verf\u00fcgt \u00fcber jahrzehntelange Erfahrung in der Herstellung von Kolbenf\u00fcllern. Hier sind vier Modelle, die wir im Laufe der Jahre entwickelt haben, um Ihnen die besten Ergebnisse zu garantieren:<\/p>\n<div class=\"subpages-container\">        <div class=\"subpage\">\n            <a href=\"https:\/\/pti-as.dk\/de\/produkter\/pti-fyldere\/fill-and-easy-cip\/\">\n                                    <div class=\"thumbnail\"><img loading=\"lazy\" decoding=\"async\" width=\"1700\" height=\"2560\" src=\"https:\/\/pti-as.dk\/wp-content\/smush-webp\/2024\/01\/WPA_2234-scaled.jpg.webp\" class=\"attachment-post-thumbnail size-post-thumbnail wp-post-image\" alt=\"\" srcset=\"https:\/\/pti-as.dk\/wp-content\/smush-webp\/2024\/01\/WPA_2234-scaled.jpg.webp 1700w, https:\/\/pti-as.dk\/wp-content\/smush-webp\/2024\/01\/WPA_2234-1280x1928.jpg.webp 1280w, https:\/\/pti-as.dk\/wp-content\/smush-webp\/2024\/01\/WPA_2234-980x1476.jpg.webp 980w, https:\/\/pti-as.dk\/wp-content\/smush-webp\/2024\/01\/WPA_2234-480x723.jpg.webp 480w\" sizes=\"(min-width: 0px) and (max-width: 480px) 480px, (min-width: 481px) and (max-width: 980px) 980px, (min-width: 981px) and (max-width: 1280px) 1280px, (min-width: 1281px) 1700px, 100vw\" data-smush-webp-fallback=\"{&quot;src&quot;:&quot;https:\\\/\\\/pti-as.dk\\\/wp-content\\\/uploads\\\/2024\\\/01\\\/WPA_2234-scaled.jpg&quot;,&quot;srcset&quot;:&quot;https:\\\/\\\/pti-as.dk\\\/wp-content\\\/uploads\\\/2024\\\/01\\\/WPA_2234-scaled.jpg 1700w, https:\\\/\\\/pti-as.dk\\\/wp-content\\\/uploads\\\/2024\\\/01\\\/WPA_2234-1280x1928.jpg 1280w, https:\\\/\\\/pti-as.dk\\\/wp-content\\\/uploads\\\/2024\\\/01\\\/WPA_2234-980x1476.jpg 980w, https:\\\/\\\/pti-as.dk\\\/wp-content\\\/uploads\\\/2024\\\/01\\\/WPA_2234-480x723.jpg 480w&quot;}\" \/><\/div>\n                                <h3 class=\"subpage-title\">FILL AND EASY-CIP\u200b<\/h3>\n            <\/a>\n        <\/div>\n                <div class=\"subpage\">\n            <a href=\"https:\/\/pti-as.dk\/de\/produkter\/pti-fyldere\/kemitappestation\/\">\n                                    <div class=\"thumbnail\"><img loading=\"lazy\" decoding=\"async\" width=\"1699\" height=\"2560\" src=\"https:\/\/pti-as.dk\/wp-content\/smush-webp\/2024\/01\/WPA_2628-scaled.jpg.webp\" class=\"attachment-post-thumbnail size-post-thumbnail wp-post-image\" alt=\"\" srcset=\"https:\/\/pti-as.dk\/wp-content\/smush-webp\/2024\/01\/WPA_2628-scaled.jpg.webp 1699w, https:\/\/pti-as.dk\/wp-content\/smush-webp\/2024\/01\/WPA_2628-1280x1929.jpg.webp 1280w, https:\/\/pti-as.dk\/wp-content\/smush-webp\/2024\/01\/WPA_2628-980x1477.jpg.webp 980w, https:\/\/pti-as.dk\/wp-content\/smush-webp\/2024\/01\/WPA_2628-480x723.jpg.webp 480w\" sizes=\"(min-width: 0px) and (max-width: 480px) 480px, (min-width: 481px) and (max-width: 980px) 980px, (min-width: 981px) and (max-width: 1280px) 1280px, (min-width: 1281px) 1699px, 100vw\" data-smush-webp-fallback=\"{&quot;src&quot;:&quot;https:\\\/\\\/pti-as.dk\\\/wp-content\\\/uploads\\\/2024\\\/01\\\/WPA_2628-scaled.jpg&quot;,&quot;srcset&quot;:&quot;https:\\\/\\\/pti-as.dk\\\/wp-content\\\/uploads\\\/2024\\\/01\\\/WPA_2628-scaled.jpg 1699w, https:\\\/\\\/pti-as.dk\\\/wp-content\\\/uploads\\\/2024\\\/01\\\/WPA_2628-1280x1929.jpg 1280w, https:\\\/\\\/pti-as.dk\\\/wp-content\\\/uploads\\\/2024\\\/01\\\/WPA_2628-980x1477.jpg 980w, https:\\\/\\\/pti-as.dk\\\/wp-content\\\/uploads\\\/2024\\\/01\\\/WPA_2628-480x723.jpg 480w&quot;}\" \/><\/div>\n                                <h3 class=\"subpage-title\">Chemieabf\u00fcllstation<\/h3>\n            <\/a>\n        <\/div>\n                <div class=\"subpage\">\n            <a href=\"https:\/\/pti-as.dk\/de\/produkter\/pti-fyldere\/multifylder\/\">\n                                    <div class=\"thumbnail\"><img loading=\"lazy\" decoding=\"async\" width=\"2118\" height=\"2880\" src=\"https:\/\/pti-as.dk\/wp-content\/uploads\/2024\/02\/20221103_085646-scaled.webp\" class=\"attachment-post-thumbnail size-post-thumbnail wp-post-image\" alt=\"\" srcset=\"https:\/\/pti-as.dk\/wp-content\/uploads\/2024\/02\/20221103_085646-scaled.webp 2118w, https:\/\/pti-as.dk\/wp-content\/uploads\/2024\/02\/20221103_085646-1280x1741.webp 1280w, https:\/\/pti-as.dk\/wp-content\/uploads\/2024\/02\/20221103_085646-980x1333.webp 980w, https:\/\/pti-as.dk\/wp-content\/uploads\/2024\/02\/20221103_085646-480x653.webp 480w\" sizes=\"(min-width: 0px) and (max-width: 480px) 480px, (min-width: 481px) and (max-width: 980px) 980px, (min-width: 981px) and (max-width: 1280px) 1280px, (min-width: 1281px) 2118px, 100vw\" \/><\/div>\n                                <h3 class=\"subpage-title\">Multif\u00fcller<\/h3>\n            <\/a>\n        <\/div>\n                <div class=\"subpage\">\n            <a href=\"https:\/\/pti-as.dk\/de\/produkter\/pti-fyldere\/stempelfylder\/\">\n                                    <div class=\"thumbnail\"><img loading=\"lazy\" decoding=\"async\" width=\"2272\" height=\"1704\" src=\"https:\/\/pti-as.dk\/wp-content\/smush-webp\/2024\/01\/Fyldedel-1-18.jpg.webp\" class=\"attachment-post-thumbnail size-post-thumbnail wp-post-image\" alt=\"\" srcset=\"https:\/\/pti-as.dk\/wp-content\/smush-webp\/2024\/01\/Fyldedel-1-18.jpg.webp 2272w, https:\/\/pti-as.dk\/wp-content\/smush-webp\/2024\/01\/Fyldedel-1-18-1280x960.jpg.webp 1280w, https:\/\/pti-as.dk\/wp-content\/smush-webp\/2024\/01\/Fyldedel-1-18-980x735.jpg.webp 980w, https:\/\/pti-as.dk\/wp-content\/smush-webp\/2024\/01\/Fyldedel-1-18-480x360.jpg.webp 480w\" sizes=\"(min-width: 0px) and (max-width: 480px) 480px, (min-width: 481px) and (max-width: 980px) 980px, (min-width: 981px) and (max-width: 1280px) 1280px, (min-width: 1281px) 2272px, 100vw\" data-smush-webp-fallback=\"{&quot;src&quot;:&quot;https:\\\/\\\/pti-as.dk\\\/wp-content\\\/uploads\\\/2024\\\/01\\\/Fyldedel-1-18.jpg&quot;,&quot;srcset&quot;:&quot;https:\\\/\\\/pti-as.dk\\\/wp-content\\\/uploads\\\/2024\\\/01\\\/Fyldedel-1-18.jpg 2272w, https:\\\/\\\/pti-as.dk\\\/wp-content\\\/uploads\\\/2024\\\/01\\\/Fyldedel-1-18-1280x960.jpg 1280w, https:\\\/\\\/pti-as.dk\\\/wp-content\\\/uploads\\\/2024\\\/01\\\/Fyldedel-1-18-980x735.jpg 980w, https:\\\/\\\/pti-as.dk\\\/wp-content\\\/uploads\\\/2024\\\/01\\\/Fyldedel-1-18-480x360.jpg 480w&quot;}\" \/><\/div>\n                                <h3 class=\"subpage-title\">Kolbenf\u00fcller<\/h3>\n            <\/a>\n        <\/div>\n        <\/div>\n<p>&nbsp;<\/p>\n","protected":false},"excerpt":{"rendered":"<p>PTI Kolbenf\u00fcller PTI verf\u00fcgt \u00fcber jahrzehntelange Erfahrung in der Herstellung von Kolbenf\u00fcllern. Hier sind vier Modelle, die wir im Laufe der Jahre entwickelt haben, um Ihnen die besten Ergebnisse zu garantieren: &nbsp;<\/p>\n","protected":false},"author":6,"featured_media":1531,"parent":1628,"menu_order":0,"comment_status":"closed","ping_status":"closed","template":"","meta":{"_et_pb_use_builder":"off","_et_pb_old_content":"","_et_gb_content_width":"","footnotes":""},"class_list":["post-1678","page","type-page","status-publish","has-post-thumbnail","hentry"],"_links":{"self":[{"href":"https:\/\/pti-as.dk\/de\/wp-json\/wp\/v2\/pages\/1678","targetHints":{"allow":["GET"]}}],"collection":[{"href":"https:\/\/pti-as.dk\/de\/wp-json\/wp\/v2\/pages"}],"about":[{"href":"https:\/\/pti-as.dk\/de\/wp-json\/wp\/v2\/types\/page"}],"author":[{"embeddable":true,"href":"https:\/\/pti-as.dk\/de\/wp-json\/wp\/v2\/users\/6"}],"replies":[{"embeddable":true,"href":"https:\/\/pti-as.dk\/de\/wp-json\/wp\/v2\/comments?post=1678"}],"version-history":[{"count":0,"href":"https:\/\/pti-as.dk\/de\/wp-json\/wp\/v2\/pages\/1678\/revisions"}],"up":[{"embeddable":true,"href":"https:\/\/pti-as.dk\/de\/wp-json\/wp\/v2\/pages\/1628"}],"wp:featuredmedia":[{"embeddable":true,"href":"https:\/\/pti-as.dk\/de\/wp-json\/wp\/v2\/media\/1531"}],"wp:attachment":[{"href":"https:\/\/pti-as.dk\/de\/wp-json\/wp\/v2\/media?parent=1678"}],"curies":[{"name":"wp","href":"https:\/\/api.w.org\/{rel}","templated":true}]}}