{"id":1682,"date":"2024-01-02T10:45:45","date_gmt":"2024-01-02T08:45:45","guid":{"rendered":"https:\/\/pti.qki.dk\/produkter\/pti-fyldere\/fill-and-easy-cip\/"},"modified":"2024-03-24T23:15:30","modified_gmt":"2024-03-24T21:15:30","slug":"fill-and-easy-cip","status":"publish","type":"page","link":"https:\/\/pti-as.dk\/de\/produkter\/pti-fyldere\/fill-and-easy-cip\/","title":{"rendered":"FILL AND EASY-CIP\u200b"},"content":{"rendered":"<h1 class=\"\">FILL AND EASY-CIP\u200b<\/h1>\n<h3 class=\"\">VORTEILE DES CIP-F\u00c4HIGEN KOLBENF\u00dcLLERS<\/h3>\n<ul>\n<li>Der Kolbenf\u00fcller kann ohne Demontage gereinigt werden.<\/li>\n<li>Schneller Wechsel zu CIP<\/li>\n<li>Schnelle Anpassung des Volumens und der Abf\u00fcllgeschwindigkeit \u00fcber ein HMI-Touchscreen.<\/li>\n<li>Rezeptverwaltung<\/li>\n<li>2 Arten von Steuereinheiten:<\/li>\n<li>Standard: 1-3 Kolbenpumpen.<\/li>\n<li>Erweitert: 4-6 Kolbenpumpen.<\/li>\n<li>Puffertank mit F\u00fcllstandsanzeige.<\/li>\n<li>Einfacher Anschluss an PTI CIP-Einheit oder bestehendes CIP-System.<\/li>\n<li>Anschlussm\u00f6glichkeit an eine Kontrollwaage f\u00fcr automatische Anpassung des F\u00fcllvolumens.<\/li>\n<li>Kann in ein bestehendes F\u00f6rderband integriert werden.<\/li>\n<li>Kann Signale von externem Equipment empfangen.<\/li>\n<li>Wenige Verschlei\u00dfteile.<\/li>\n<li>Die Dichtung am Kolben kann an das jeweilige Produkt angepasst werden, das gehandhabt werden soll.<\/li>\n<li>Hergestellt aus lebensmittelzugelassenen Materialien mit entsprechenden Zertifikaten.<\/li>\n<\/ul>\n\n\t\t<style type=\"text\/css\">\n\t\t\t#gallery-1 {\n\t\t\t\tmargin: auto;\n\t\t\t}\n\t\t\t#gallery-1 .gallery-item {\n\t\t\t\tfloat: left;\n\t\t\t\tmargin-top: 10px;\n\t\t\t\ttext-align: center;\n\t\t\t\twidth: 33%;\n\t\t\t}\n\t\t\t#gallery-1 img {\n\t\t\t\tborder: 2px solid #cfcfcf;\n\t\t\t}\n\t\t\t#gallery-1 .gallery-caption {\n\t\t\t\tmargin-left: 0;\n\t\t\t}\n\t\t\t\/* see gallery_shortcode() in wp-includes\/media.php *\/\n\t\t<\/style>\n\t\t<div id='gallery-1' class='gallery galleryid-1682 gallery-columns-3 gallery-size-large'><dl class='gallery-item'>\n\t\t\t<dt class='gallery-icon portrait'>\n\t\t\t\t<a href='https:\/\/pti-as.dk\/wp-content\/smush-webp\/2024\/02\/WPA_2234-scaled.jpg.webp' data-smush-webp-fallback='{&quot;href&quot;:&quot;https:\\\/\\\/pti-as.dk\\\/wp-content\\\/uploads\\\/2024\\\/02\\\/WPA_2234-scaled.jpg&quot;}'><img loading=\"lazy\" decoding=\"async\" width=\"680\" height=\"1024\" src=\"https:\/\/pti-as.dk\/wp-content\/smush-webp\/2024\/02\/WPA_2234-680x1024.jpg.webp\" class=\"attachment-large size-large\" alt=\"\" srcset=\"https:\/\/pti-as.dk\/wp-content\/smush-webp\/2024\/02\/WPA_2234-680x1024.jpg.webp 680w, https:\/\/pti-as.dk\/wp-content\/smush-webp\/2024\/02\/WPA_2234-199x300.jpg.webp 199w, https:\/\/pti-as.dk\/wp-content\/smush-webp\/2024\/02\/WPA_2234-768x1156.jpg.webp 768w, https:\/\/pti-as.dk\/wp-content\/smush-webp\/2024\/02\/WPA_2234-1020x1536.jpg.webp 1020w, https:\/\/pti-as.dk\/wp-content\/smush-webp\/2024\/02\/WPA_2234-1360x2048.jpg.webp 1360w, https:\/\/pti-as.dk\/wp-content\/smush-webp\/2024\/02\/WPA_2234-1080x1626.jpg.webp 1080w, https:\/\/pti-as.dk\/wp-content\/smush-webp\/2024\/02\/WPA_2234-1280x1927.jpg.webp 1280w, https:\/\/pti-as.dk\/wp-content\/smush-webp\/2024\/02\/WPA_2234-980x1475.jpg.webp 980w, https:\/\/pti-as.dk\/wp-content\/smush-webp\/2024\/02\/WPA_2234-480x723.jpg.webp 480w, https:\/\/pti-as.dk\/wp-content\/smush-webp\/2024\/02\/WPA_2234-scaled.jpg.webp 1913w\" sizes=\"(max-width: 680px) 100vw, 680px\" data-smush-webp-fallback=\"{&quot;src&quot;:&quot;https:\\\/\\\/pti-as.dk\\\/wp-content\\\/uploads\\\/2024\\\/02\\\/WPA_2234-680x1024.jpg&quot;,&quot;srcset&quot;:&quot;https:\\\/\\\/pti-as.dk\\\/wp-content\\\/uploads\\\/2024\\\/02\\\/WPA_2234-680x1024.jpg 680w, https:\\\/\\\/pti-as.dk\\\/wp-content\\\/uploads\\\/2024\\\/02\\\/WPA_2234-199x300.jpg 199w, https:\\\/\\\/pti-as.dk\\\/wp-content\\\/uploads\\\/2024\\\/02\\\/WPA_2234-768x1156.jpg 768w, https:\\\/\\\/pti-as.dk\\\/wp-content\\\/uploads\\\/2024\\\/02\\\/WPA_2234-1020x1536.jpg 1020w, https:\\\/\\\/pti-as.dk\\\/wp-content\\\/uploads\\\/2024\\\/02\\\/WPA_2234-1360x2048.jpg 1360w, https:\\\/\\\/pti-as.dk\\\/wp-content\\\/uploads\\\/2024\\\/02\\\/WPA_2234-1080x1626.jpg 1080w, https:\\\/\\\/pti-as.dk\\\/wp-content\\\/uploads\\\/2024\\\/02\\\/WPA_2234-1280x1927.jpg 1280w, https:\\\/\\\/pti-as.dk\\\/wp-content\\\/uploads\\\/2024\\\/02\\\/WPA_2234-980x1475.jpg 980w, https:\\\/\\\/pti-as.dk\\\/wp-content\\\/uploads\\\/2024\\\/02\\\/WPA_2234-480x723.jpg 480w, https:\\\/\\\/pti-as.dk\\\/wp-content\\\/uploads\\\/2024\\\/02\\\/WPA_2234-scaled.jpg 1913w&quot;}\" \/><\/a>\n\t\t\t<\/dt><\/dl><dl class='gallery-item'>\n\t\t\t<dt class='gallery-icon portrait'>\n\t\t\t\t<a href='https:\/\/pti-as.dk\/wp-content\/smush-webp\/2024\/02\/WPA_2258-scaled.jpg.webp' data-smush-webp-fallback='{&quot;href&quot;:&quot;https:\\\/\\\/pti-as.dk\\\/wp-content\\\/uploads\\\/2024\\\/02\\\/WPA_2258-scaled.jpg&quot;}'><img loading=\"lazy\" decoding=\"async\" width=\"680\" height=\"1024\" src=\"https:\/\/pti-as.dk\/wp-content\/smush-webp\/2024\/02\/WPA_2258-680x1024.jpg.webp\" class=\"attachment-large size-large\" alt=\"\" srcset=\"https:\/\/pti-as.dk\/wp-content\/smush-webp\/2024\/02\/WPA_2258-680x1024.jpg.webp 680w, https:\/\/pti-as.dk\/wp-content\/smush-webp\/2024\/02\/WPA_2258-199x300.jpg.webp 199w, https:\/\/pti-as.dk\/wp-content\/smush-webp\/2024\/02\/WPA_2258-768x1156.jpg.webp 768w, https:\/\/pti-as.dk\/wp-content\/smush-webp\/2024\/02\/WPA_2258-1020x1536.jpg.webp 1020w, https:\/\/pti-as.dk\/wp-content\/smush-webp\/2024\/02\/WPA_2258-1360x2048.jpg.webp 1360w, https:\/\/pti-as.dk\/wp-content\/smush-webp\/2024\/02\/WPA_2258-1080x1626.jpg.webp 1080w, https:\/\/pti-as.dk\/wp-content\/smush-webp\/2024\/02\/WPA_2258-1280x1927.jpg.webp 1280w, https:\/\/pti-as.dk\/wp-content\/smush-webp\/2024\/02\/WPA_2258-980x1475.jpg.webp 980w, https:\/\/pti-as.dk\/wp-content\/smush-webp\/2024\/02\/WPA_2258-480x723.jpg.webp 480w, https:\/\/pti-as.dk\/wp-content\/smush-webp\/2024\/02\/WPA_2258-scaled.jpg.webp 1913w\" sizes=\"(max-width: 680px) 100vw, 680px\" data-smush-webp-fallback=\"{&quot;src&quot;:&quot;https:\\\/\\\/pti-as.dk\\\/wp-content\\\/uploads\\\/2024\\\/02\\\/WPA_2258-680x1024.jpg&quot;,&quot;srcset&quot;:&quot;https:\\\/\\\/pti-as.dk\\\/wp-content\\\/uploads\\\/2024\\\/02\\\/WPA_2258-680x1024.jpg 680w, https:\\\/\\\/pti-as.dk\\\/wp-content\\\/uploads\\\/2024\\\/02\\\/WPA_2258-199x300.jpg 199w, https:\\\/\\\/pti-as.dk\\\/wp-content\\\/uploads\\\/2024\\\/02\\\/WPA_2258-768x1156.jpg 768w, https:\\\/\\\/pti-as.dk\\\/wp-content\\\/uploads\\\/2024\\\/02\\\/WPA_2258-1020x1536.jpg 1020w, https:\\\/\\\/pti-as.dk\\\/wp-content\\\/uploads\\\/2024\\\/02\\\/WPA_2258-1360x2048.jpg 1360w, https:\\\/\\\/pti-as.dk\\\/wp-content\\\/uploads\\\/2024\\\/02\\\/WPA_2258-1080x1626.jpg 1080w, https:\\\/\\\/pti-as.dk\\\/wp-content\\\/uploads\\\/2024\\\/02\\\/WPA_2258-1280x1927.jpg 1280w, https:\\\/\\\/pti-as.dk\\\/wp-content\\\/uploads\\\/2024\\\/02\\\/WPA_2258-980x1475.jpg 980w, https:\\\/\\\/pti-as.dk\\\/wp-content\\\/uploads\\\/2024\\\/02\\\/WPA_2258-480x723.jpg 480w, https:\\\/\\\/pti-as.dk\\\/wp-content\\\/uploads\\\/2024\\\/02\\\/WPA_2258-scaled.jpg 1913w&quot;}\" \/><\/a>\n\t\t\t<\/dt><\/dl><dl class='gallery-item'>\n\t\t\t<dt class='gallery-icon portrait'>\n\t\t\t\t<a href='https:\/\/pti-as.dk\/wp-content\/smush-webp\/2024\/02\/WPA_2265-scaled.jpg.webp' data-smush-webp-fallback='{&quot;href&quot;:&quot;https:\\\/\\\/pti-as.dk\\\/wp-content\\\/uploads\\\/2024\\\/02\\\/WPA_2265-scaled.jpg&quot;}'><img loading=\"lazy\" decoding=\"async\" width=\"680\" height=\"1024\" src=\"https:\/\/pti-as.dk\/wp-content\/smush-webp\/2024\/02\/WPA_2265-680x1024.jpg.webp\" class=\"attachment-large size-large\" alt=\"\" srcset=\"https:\/\/pti-as.dk\/wp-content\/smush-webp\/2024\/02\/WPA_2265-680x1024.jpg.webp 680w, https:\/\/pti-as.dk\/wp-content\/smush-webp\/2024\/02\/WPA_2265-199x300.jpg.webp 199w, https:\/\/pti-as.dk\/wp-content\/smush-webp\/2024\/02\/WPA_2265-768x1157.jpg.webp 768w, https:\/\/pti-as.dk\/wp-content\/smush-webp\/2024\/02\/WPA_2265-1020x1536.jpg.webp 1020w, https:\/\/pti-as.dk\/wp-content\/smush-webp\/2024\/02\/WPA_2265-1360x2048.jpg.webp 1360w, https:\/\/pti-as.dk\/wp-content\/smush-webp\/2024\/02\/WPA_2265-1080x1627.jpg.webp 1080w, https:\/\/pti-as.dk\/wp-content\/smush-webp\/2024\/02\/WPA_2265-1280x1928.jpg.webp 1280w, https:\/\/pti-as.dk\/wp-content\/smush-webp\/2024\/02\/WPA_2265-980x1476.jpg.webp 980w, https:\/\/pti-as.dk\/wp-content\/smush-webp\/2024\/02\/WPA_2265-480x723.jpg.webp 480w, https:\/\/pti-as.dk\/wp-content\/smush-webp\/2024\/02\/WPA_2265-scaled.jpg.webp 1912w\" sizes=\"(max-width: 680px) 100vw, 680px\" data-smush-webp-fallback=\"{&quot;src&quot;:&quot;https:\\\/\\\/pti-as.dk\\\/wp-content\\\/uploads\\\/2024\\\/02\\\/WPA_2265-680x1024.jpg&quot;,&quot;srcset&quot;:&quot;https:\\\/\\\/pti-as.dk\\\/wp-content\\\/uploads\\\/2024\\\/02\\\/WPA_2265-680x1024.jpg 680w, https:\\\/\\\/pti-as.dk\\\/wp-content\\\/uploads\\\/2024\\\/02\\\/WPA_2265-199x300.jpg 199w, https:\\\/\\\/pti-as.dk\\\/wp-content\\\/uploads\\\/2024\\\/02\\\/WPA_2265-768x1157.jpg 768w, https:\\\/\\\/pti-as.dk\\\/wp-content\\\/uploads\\\/2024\\\/02\\\/WPA_2265-1020x1536.jpg 1020w, https:\\\/\\\/pti-as.dk\\\/wp-content\\\/uploads\\\/2024\\\/02\\\/WPA_2265-1360x2048.jpg 1360w, https:\\\/\\\/pti-as.dk\\\/wp-content\\\/uploads\\\/2024\\\/02\\\/WPA_2265-1080x1627.jpg 1080w, https:\\\/\\\/pti-as.dk\\\/wp-content\\\/uploads\\\/2024\\\/02\\\/WPA_2265-1280x1928.jpg 1280w, https:\\\/\\\/pti-as.dk\\\/wp-content\\\/uploads\\\/2024\\\/02\\\/WPA_2265-980x1476.jpg 980w, https:\\\/\\\/pti-as.dk\\\/wp-content\\\/uploads\\\/2024\\\/02\\\/WPA_2265-480x723.jpg 480w, https:\\\/\\\/pti-as.dk\\\/wp-content\\\/uploads\\\/2024\\\/02\\\/WPA_2265-scaled.jpg 1912w&quot;}\" \/><\/a>\n\t\t\t<\/dt><\/dl><br style=\"clear: both\" \/><dl class='gallery-item'>\n\t\t\t<dt class='gallery-icon landscape'>\n\t\t\t\t<a href='https:\/\/pti-as.dk\/wp-content\/smush-webp\/2024\/02\/WPA_2268-scaled.jpg.webp' data-smush-webp-fallback='{&quot;href&quot;:&quot;https:\\\/\\\/pti-as.dk\\\/wp-content\\\/uploads\\\/2024\\\/02\\\/WPA_2268-scaled.jpg&quot;}'><img loading=\"lazy\" decoding=\"async\" width=\"1024\" height=\"680\" src=\"https:\/\/pti-as.dk\/wp-content\/smush-webp\/2024\/02\/WPA_2268-1024x680.jpg.webp\" class=\"attachment-large size-large\" alt=\"\" srcset=\"https:\/\/pti-as.dk\/wp-content\/smush-webp\/2024\/02\/WPA_2268-1024x680.jpg.webp 1024w, https:\/\/pti-as.dk\/wp-content\/smush-webp\/2024\/02\/WPA_2268-300x199.jpg.webp 300w, https:\/\/pti-as.dk\/wp-content\/smush-webp\/2024\/02\/WPA_2268-768x510.jpg.webp 768w, https:\/\/pti-as.dk\/wp-content\/smush-webp\/2024\/02\/WPA_2268-1536x1020.jpg.webp 1536w, https:\/\/pti-as.dk\/wp-content\/smush-webp\/2024\/02\/WPA_2268-2048x1360.jpg.webp 2048w, https:\/\/pti-as.dk\/wp-content\/smush-webp\/2024\/02\/WPA_2268-1080x717.jpg.webp 1080w, https:\/\/pti-as.dk\/wp-content\/smush-webp\/2024\/02\/WPA_2268-1280x850.jpg.webp 1280w, https:\/\/pti-as.dk\/wp-content\/smush-webp\/2024\/02\/WPA_2268-980x651.jpg.webp 980w, https:\/\/pti-as.dk\/wp-content\/smush-webp\/2024\/02\/WPA_2268-480x319.jpg.webp 480w\" sizes=\"(max-width: 1024px) 100vw, 1024px\" data-smush-webp-fallback=\"{&quot;src&quot;:&quot;https:\\\/\\\/pti-as.dk\\\/wp-content\\\/uploads\\\/2024\\\/02\\\/WPA_2268-1024x680.jpg&quot;,&quot;srcset&quot;:&quot;https:\\\/\\\/pti-as.dk\\\/wp-content\\\/uploads\\\/2024\\\/02\\\/WPA_2268-1024x680.jpg 1024w, https:\\\/\\\/pti-as.dk\\\/wp-content\\\/uploads\\\/2024\\\/02\\\/WPA_2268-300x199.jpg 300w, https:\\\/\\\/pti-as.dk\\\/wp-content\\\/uploads\\\/2024\\\/02\\\/WPA_2268-768x510.jpg 768w, https:\\\/\\\/pti-as.dk\\\/wp-content\\\/uploads\\\/2024\\\/02\\\/WPA_2268-1536x1020.jpg 1536w, https:\\\/\\\/pti-as.dk\\\/wp-content\\\/uploads\\\/2024\\\/02\\\/WPA_2268-2048x1360.jpg 2048w, https:\\\/\\\/pti-as.dk\\\/wp-content\\\/uploads\\\/2024\\\/02\\\/WPA_2268-1080x717.jpg 1080w, https:\\\/\\\/pti-as.dk\\\/wp-content\\\/uploads\\\/2024\\\/02\\\/WPA_2268-1280x850.jpg 1280w, https:\\\/\\\/pti-as.dk\\\/wp-content\\\/uploads\\\/2024\\\/02\\\/WPA_2268-980x651.jpg 980w, https:\\\/\\\/pti-as.dk\\\/wp-content\\\/uploads\\\/2024\\\/02\\\/WPA_2268-480x319.jpg 480w&quot;}\" \/><\/a>\n\t\t\t<\/dt><\/dl><dl class='gallery-item'>\n\t\t\t<dt class='gallery-icon landscape'>\n\t\t\t\t<a href='https:\/\/pti-as.dk\/wp-content\/smush-webp\/2024\/02\/WPA_2278-scaled.jpg.webp' data-smush-webp-fallback='{&quot;href&quot;:&quot;https:\\\/\\\/pti-as.dk\\\/wp-content\\\/uploads\\\/2024\\\/02\\\/WPA_2278-scaled.jpg&quot;}'><img loading=\"lazy\" decoding=\"async\" width=\"1024\" height=\"683\" src=\"https:\/\/pti-as.dk\/wp-content\/smush-webp\/2024\/02\/WPA_2278-1024x683.jpg.webp\" class=\"attachment-large size-large\" alt=\"\" srcset=\"https:\/\/pti-as.dk\/wp-content\/smush-webp\/2024\/02\/WPA_2278-1024x683.jpg.webp 1024w, https:\/\/pti-as.dk\/wp-content\/smush-webp\/2024\/02\/WPA_2278-300x200.jpg.webp 300w, https:\/\/pti-as.dk\/wp-content\/smush-webp\/2024\/02\/WPA_2278-768x512.jpg.webp 768w, https:\/\/pti-as.dk\/wp-content\/smush-webp\/2024\/02\/WPA_2278-1536x1024.jpg.webp 1536w, https:\/\/pti-as.dk\/wp-content\/smush-webp\/2024\/02\/WPA_2278-2048x1366.jpg.webp 2048w, https:\/\/pti-as.dk\/wp-content\/smush-webp\/2024\/02\/WPA_2278-1080x720.jpg.webp 1080w, https:\/\/pti-as.dk\/wp-content\/smush-webp\/2024\/02\/WPA_2278-1280x853.jpg.webp 1280w, https:\/\/pti-as.dk\/wp-content\/smush-webp\/2024\/02\/WPA_2278-980x653.jpg.webp 980w, https:\/\/pti-as.dk\/wp-content\/smush-webp\/2024\/02\/WPA_2278-480x320.jpg.webp 480w\" sizes=\"(max-width: 1024px) 100vw, 1024px\" data-smush-webp-fallback=\"{&quot;src&quot;:&quot;https:\\\/\\\/pti-as.dk\\\/wp-content\\\/uploads\\\/2024\\\/02\\\/WPA_2278-1024x683.jpg&quot;,&quot;srcset&quot;:&quot;https:\\\/\\\/pti-as.dk\\\/wp-content\\\/uploads\\\/2024\\\/02\\\/WPA_2278-1024x683.jpg 1024w, https:\\\/\\\/pti-as.dk\\\/wp-content\\\/uploads\\\/2024\\\/02\\\/WPA_2278-300x200.jpg 300w, https:\\\/\\\/pti-as.dk\\\/wp-content\\\/uploads\\\/2024\\\/02\\\/WPA_2278-768x512.jpg 768w, https:\\\/\\\/pti-as.dk\\\/wp-content\\\/uploads\\\/2024\\\/02\\\/WPA_2278-1536x1024.jpg 1536w, https:\\\/\\\/pti-as.dk\\\/wp-content\\\/uploads\\\/2024\\\/02\\\/WPA_2278-2048x1366.jpg 2048w, https:\\\/\\\/pti-as.dk\\\/wp-content\\\/uploads\\\/2024\\\/02\\\/WPA_2278-1080x720.jpg 1080w, https:\\\/\\\/pti-as.dk\\\/wp-content\\\/uploads\\\/2024\\\/02\\\/WPA_2278-1280x853.jpg 1280w, https:\\\/\\\/pti-as.dk\\\/wp-content\\\/uploads\\\/2024\\\/02\\\/WPA_2278-980x653.jpg 980w, https:\\\/\\\/pti-as.dk\\\/wp-content\\\/uploads\\\/2024\\\/02\\\/WPA_2278-480x320.jpg 480w&quot;}\" \/><\/a>\n\t\t\t<\/dt><\/dl><dl class='gallery-item'>\n\t\t\t<dt class='gallery-icon landscape'>\n\t\t\t\t<a href='https:\/\/pti-as.dk\/wp-content\/uploads\/2024\/02\/WPA_2283-scaled.jpg'><img loading=\"lazy\" decoding=\"async\" width=\"1024\" height=\"680\" src=\"https:\/\/pti-as.dk\/wp-content\/smush-webp\/2024\/02\/WPA_2283-1024x680.jpg.webp\" class=\"attachment-large size-large\" alt=\"\" srcset=\"https:\/\/pti-as.dk\/wp-content\/smush-webp\/2024\/02\/WPA_2283-1024x680.jpg.webp 1024w, https:\/\/pti-as.dk\/wp-content\/smush-webp\/2024\/02\/WPA_2283-300x199.jpg.webp 300w, https:\/\/pti-as.dk\/wp-content\/smush-webp\/2024\/02\/WPA_2283-768x510.jpg.webp 768w, https:\/\/pti-as.dk\/wp-content\/smush-webp\/2024\/02\/WPA_2283-1536x1020.jpg.webp 1536w, https:\/\/pti-as.dk\/wp-content\/uploads\/2024\/02\/WPA_2283-2048x1360.jpg 2048w, https:\/\/pti-as.dk\/wp-content\/smush-webp\/2024\/02\/WPA_2283-1080x717.jpg.webp 1080w, https:\/\/pti-as.dk\/wp-content\/smush-webp\/2024\/02\/WPA_2283-1280x850.jpg.webp 1280w, https:\/\/pti-as.dk\/wp-content\/smush-webp\/2024\/02\/WPA_2283-980x651.jpg.webp 980w, https:\/\/pti-as.dk\/wp-content\/smush-webp\/2024\/02\/WPA_2283-480x319.jpg.webp 480w\" sizes=\"(max-width: 1024px) 100vw, 1024px\" data-smush-webp-fallback=\"{&quot;src&quot;:&quot;https:\\\/\\\/pti-as.dk\\\/wp-content\\\/uploads\\\/2024\\\/02\\\/WPA_2283-1024x680.jpg&quot;,&quot;srcset&quot;:&quot;https:\\\/\\\/pti-as.dk\\\/wp-content\\\/uploads\\\/2024\\\/02\\\/WPA_2283-1024x680.jpg 1024w, https:\\\/\\\/pti-as.dk\\\/wp-content\\\/uploads\\\/2024\\\/02\\\/WPA_2283-300x199.jpg 300w, https:\\\/\\\/pti-as.dk\\\/wp-content\\\/uploads\\\/2024\\\/02\\\/WPA_2283-768x510.jpg 768w, https:\\\/\\\/pti-as.dk\\\/wp-content\\\/uploads\\\/2024\\\/02\\\/WPA_2283-1536x1020.jpg 1536w, https:\\\/\\\/pti-as.dk\\\/wp-content\\\/uploads\\\/2024\\\/02\\\/WPA_2283-2048x1360.jpg 2048w, https:\\\/\\\/pti-as.dk\\\/wp-content\\\/uploads\\\/2024\\\/02\\\/WPA_2283-1080x717.jpg 1080w, https:\\\/\\\/pti-as.dk\\\/wp-content\\\/uploads\\\/2024\\\/02\\\/WPA_2283-1280x850.jpg 1280w, https:\\\/\\\/pti-as.dk\\\/wp-content\\\/uploads\\\/2024\\\/02\\\/WPA_2283-980x651.jpg 980w, https:\\\/\\\/pti-as.dk\\\/wp-content\\\/uploads\\\/2024\\\/02\\\/WPA_2283-480x319.jpg 480w&quot;}\" \/><\/a>\n\t\t\t<\/dt><\/dl><br style=\"clear: both\" \/><dl class='gallery-item'>\n\t\t\t<dt class='gallery-icon portrait'>\n\t\t\t\t<a href='https:\/\/pti-as.dk\/wp-content\/smush-webp\/2024\/02\/WPA_2316-scaled.jpg.webp' data-smush-webp-fallback='{&quot;href&quot;:&quot;https:\\\/\\\/pti-as.dk\\\/wp-content\\\/uploads\\\/2024\\\/02\\\/WPA_2316-scaled.jpg&quot;}'><img loading=\"lazy\" decoding=\"async\" width=\"680\" height=\"1024\" src=\"https:\/\/pti-as.dk\/wp-content\/smush-webp\/2024\/02\/WPA_2316-680x1024.jpg.webp\" class=\"attachment-large size-large\" alt=\"\" srcset=\"https:\/\/pti-as.dk\/wp-content\/smush-webp\/2024\/02\/WPA_2316-680x1024.jpg.webp 680w, https:\/\/pti-as.dk\/wp-content\/smush-webp\/2024\/02\/WPA_2316-199x300.jpg.webp 199w, https:\/\/pti-as.dk\/wp-content\/smush-webp\/2024\/02\/WPA_2316-768x1156.jpg.webp 768w, https:\/\/pti-as.dk\/wp-content\/smush-webp\/2024\/02\/WPA_2316-1020x1536.jpg.webp 1020w, https:\/\/pti-as.dk\/wp-content\/smush-webp\/2024\/02\/WPA_2316-1360x2048.jpg.webp 1360w, https:\/\/pti-as.dk\/wp-content\/uploads\/2024\/02\/WPA_2316-1080x1626.jpg 1080w, https:\/\/pti-as.dk\/wp-content\/smush-webp\/2024\/02\/WPA_2316-1280x1927.jpg.webp 1280w, https:\/\/pti-as.dk\/wp-content\/smush-webp\/2024\/02\/WPA_2316-980x1475.jpg.webp 980w, https:\/\/pti-as.dk\/wp-content\/smush-webp\/2024\/02\/WPA_2316-480x723.jpg.webp 480w, https:\/\/pti-as.dk\/wp-content\/smush-webp\/2024\/02\/WPA_2316-scaled.jpg.webp 1913w\" sizes=\"(max-width: 680px) 100vw, 680px\" data-smush-webp-fallback=\"{&quot;src&quot;:&quot;https:\\\/\\\/pti-as.dk\\\/wp-content\\\/uploads\\\/2024\\\/02\\\/WPA_2316-680x1024.jpg&quot;,&quot;srcset&quot;:&quot;https:\\\/\\\/pti-as.dk\\\/wp-content\\\/uploads\\\/2024\\\/02\\\/WPA_2316-680x1024.jpg 680w, https:\\\/\\\/pti-as.dk\\\/wp-content\\\/uploads\\\/2024\\\/02\\\/WPA_2316-199x300.jpg 199w, https:\\\/\\\/pti-as.dk\\\/wp-content\\\/uploads\\\/2024\\\/02\\\/WPA_2316-768x1156.jpg 768w, https:\\\/\\\/pti-as.dk\\\/wp-content\\\/uploads\\\/2024\\\/02\\\/WPA_2316-1020x1536.jpg 1020w, https:\\\/\\\/pti-as.dk\\\/wp-content\\\/uploads\\\/2024\\\/02\\\/WPA_2316-1360x2048.jpg 1360w, https:\\\/\\\/pti-as.dk\\\/wp-content\\\/uploads\\\/2024\\\/02\\\/WPA_2316-1080x1626.jpg 1080w, https:\\\/\\\/pti-as.dk\\\/wp-content\\\/uploads\\\/2024\\\/02\\\/WPA_2316-1280x1927.jpg 1280w, https:\\\/\\\/pti-as.dk\\\/wp-content\\\/uploads\\\/2024\\\/02\\\/WPA_2316-980x1475.jpg 980w, https:\\\/\\\/pti-as.dk\\\/wp-content\\\/uploads\\\/2024\\\/02\\\/WPA_2316-480x723.jpg 480w, https:\\\/\\\/pti-as.dk\\\/wp-content\\\/uploads\\\/2024\\\/02\\\/WPA_2316-scaled.jpg 1913w&quot;}\" \/><\/a>\n\t\t\t<\/dt><\/dl><dl class='gallery-item'>\n\t\t\t<dt class='gallery-icon portrait'>\n\t\t\t\t<a href='https:\/\/pti-as.dk\/wp-content\/smush-webp\/2024\/02\/WPA_2321-scaled.jpg.webp' data-smush-webp-fallback='{&quot;href&quot;:&quot;https:\\\/\\\/pti-as.dk\\\/wp-content\\\/uploads\\\/2024\\\/02\\\/WPA_2321-scaled.jpg&quot;}'><img loading=\"lazy\" decoding=\"async\" width=\"680\" height=\"1024\" src=\"https:\/\/pti-as.dk\/wp-content\/smush-webp\/2024\/02\/WPA_2321-680x1024.jpg.webp\" class=\"attachment-large size-large\" alt=\"\" srcset=\"https:\/\/pti-as.dk\/wp-content\/smush-webp\/2024\/02\/WPA_2321-680x1024.jpg.webp 680w, https:\/\/pti-as.dk\/wp-content\/smush-webp\/2024\/02\/WPA_2321-199x300.jpg.webp 199w, https:\/\/pti-as.dk\/wp-content\/smush-webp\/2024\/02\/WPA_2321-768x1156.jpg.webp 768w, https:\/\/pti-as.dk\/wp-content\/smush-webp\/2024\/02\/WPA_2321-1020x1536.jpg.webp 1020w, https:\/\/pti-as.dk\/wp-content\/uploads\/2024\/02\/WPA_2321-1360x2048.jpg 1360w, https:\/\/pti-as.dk\/wp-content\/uploads\/2024\/02\/WPA_2321-1080x1626.jpg 1080w, https:\/\/pti-as.dk\/wp-content\/uploads\/2024\/02\/WPA_2321-1280x1927.jpg 1280w, https:\/\/pti-as.dk\/wp-content\/smush-webp\/2024\/02\/WPA_2321-980x1475.jpg.webp 980w, https:\/\/pti-as.dk\/wp-content\/smush-webp\/2024\/02\/WPA_2321-480x723.jpg.webp 480w, https:\/\/pti-as.dk\/wp-content\/smush-webp\/2024\/02\/WPA_2321-scaled.jpg.webp 1913w\" sizes=\"(max-width: 680px) 100vw, 680px\" data-smush-webp-fallback=\"{&quot;src&quot;:&quot;https:\\\/\\\/pti-as.dk\\\/wp-content\\\/uploads\\\/2024\\\/02\\\/WPA_2321-680x1024.jpg&quot;,&quot;srcset&quot;:&quot;https:\\\/\\\/pti-as.dk\\\/wp-content\\\/uploads\\\/2024\\\/02\\\/WPA_2321-680x1024.jpg 680w, https:\\\/\\\/pti-as.dk\\\/wp-content\\\/uploads\\\/2024\\\/02\\\/WPA_2321-199x300.jpg 199w, https:\\\/\\\/pti-as.dk\\\/wp-content\\\/uploads\\\/2024\\\/02\\\/WPA_2321-768x1156.jpg 768w, https:\\\/\\\/pti-as.dk\\\/wp-content\\\/uploads\\\/2024\\\/02\\\/WPA_2321-1020x1536.jpg 1020w, https:\\\/\\\/pti-as.dk\\\/wp-content\\\/uploads\\\/2024\\\/02\\\/WPA_2321-1360x2048.jpg 1360w, https:\\\/\\\/pti-as.dk\\\/wp-content\\\/uploads\\\/2024\\\/02\\\/WPA_2321-1080x1626.jpg 1080w, https:\\\/\\\/pti-as.dk\\\/wp-content\\\/uploads\\\/2024\\\/02\\\/WPA_2321-1280x1927.jpg 1280w, https:\\\/\\\/pti-as.dk\\\/wp-content\\\/uploads\\\/2024\\\/02\\\/WPA_2321-980x1475.jpg 980w, https:\\\/\\\/pti-as.dk\\\/wp-content\\\/uploads\\\/2024\\\/02\\\/WPA_2321-480x723.jpg 480w, https:\\\/\\\/pti-as.dk\\\/wp-content\\\/uploads\\\/2024\\\/02\\\/WPA_2321-scaled.jpg 1913w&quot;}\" \/><\/a>\n\t\t\t<\/dt><\/dl><dl class='gallery-item'>\n\t\t\t<dt class='gallery-icon portrait'>\n\t\t\t\t<a href='https:\/\/pti-as.dk\/wp-content\/smush-webp\/2024\/02\/WPA_2330-scaled.jpg.webp' data-smush-webp-fallback='{&quot;href&quot;:&quot;https:\\\/\\\/pti-as.dk\\\/wp-content\\\/uploads\\\/2024\\\/02\\\/WPA_2330-scaled.jpg&quot;}'><img loading=\"lazy\" decoding=\"async\" width=\"680\" height=\"1024\" src=\"https:\/\/pti-as.dk\/wp-content\/smush-webp\/2024\/02\/WPA_2330-680x1024.jpg.webp\" class=\"attachment-large size-large\" alt=\"\" srcset=\"https:\/\/pti-as.dk\/wp-content\/smush-webp\/2024\/02\/WPA_2330-680x1024.jpg.webp 680w, https:\/\/pti-as.dk\/wp-content\/smush-webp\/2024\/02\/WPA_2330-199x300.jpg.webp 199w, https:\/\/pti-as.dk\/wp-content\/smush-webp\/2024\/02\/WPA_2330-768x1157.jpg.webp 768w, https:\/\/pti-as.dk\/wp-content\/smush-webp\/2024\/02\/WPA_2330-1019x1536.jpg.webp 1019w, https:\/\/pti-as.dk\/wp-content\/smush-webp\/2024\/02\/WPA_2330-1359x2048.jpg.webp 1359w, https:\/\/pti-as.dk\/wp-content\/smush-webp\/2024\/02\/WPA_2330-1080x1627.jpg.webp 1080w, https:\/\/pti-as.dk\/wp-content\/smush-webp\/2024\/02\/WPA_2330-1280x1929.jpg.webp 1280w, https:\/\/pti-as.dk\/wp-content\/smush-webp\/2024\/02\/WPA_2330-980x1477.jpg.webp 980w, https:\/\/pti-as.dk\/wp-content\/smush-webp\/2024\/02\/WPA_2330-480x723.jpg.webp 480w, https:\/\/pti-as.dk\/wp-content\/smush-webp\/2024\/02\/WPA_2330-scaled.jpg.webp 1911w\" sizes=\"(max-width: 680px) 100vw, 680px\" data-smush-webp-fallback=\"{&quot;src&quot;:&quot;https:\\\/\\\/pti-as.dk\\\/wp-content\\\/uploads\\\/2024\\\/02\\\/WPA_2330-680x1024.jpg&quot;,&quot;srcset&quot;:&quot;https:\\\/\\\/pti-as.dk\\\/wp-content\\\/uploads\\\/2024\\\/02\\\/WPA_2330-680x1024.jpg 680w, https:\\\/\\\/pti-as.dk\\\/wp-content\\\/uploads\\\/2024\\\/02\\\/WPA_2330-199x300.jpg 199w, https:\\\/\\\/pti-as.dk\\\/wp-content\\\/uploads\\\/2024\\\/02\\\/WPA_2330-768x1157.jpg 768w, https:\\\/\\\/pti-as.dk\\\/wp-content\\\/uploads\\\/2024\\\/02\\\/WPA_2330-1019x1536.jpg 1019w, https:\\\/\\\/pti-as.dk\\\/wp-content\\\/uploads\\\/2024\\\/02\\\/WPA_2330-1359x2048.jpg 1359w, https:\\\/\\\/pti-as.dk\\\/wp-content\\\/uploads\\\/2024\\\/02\\\/WPA_2330-1080x1627.jpg 1080w, https:\\\/\\\/pti-as.dk\\\/wp-content\\\/uploads\\\/2024\\\/02\\\/WPA_2330-1280x1929.jpg 1280w, https:\\\/\\\/pti-as.dk\\\/wp-content\\\/uploads\\\/2024\\\/02\\\/WPA_2330-980x1477.jpg 980w, https:\\\/\\\/pti-as.dk\\\/wp-content\\\/uploads\\\/2024\\\/02\\\/WPA_2330-480x723.jpg 480w, https:\\\/\\\/pti-as.dk\\\/wp-content\\\/uploads\\\/2024\\\/02\\\/WPA_2330-scaled.jpg 1911w&quot;}\" \/><\/a>\n\t\t\t<\/dt><\/dl><br style=\"clear: both\" \/>\n\t\t<\/div>\n\n","protected":false},"excerpt":{"rendered":"<p>FILL AND EASY-CIP\u200b VORTEILE DES CIP-F\u00c4HIGEN KOLBENF\u00dcLLERS Der Kolbenf\u00fcller kann ohne Demontage gereinigt werden. Schneller Wechsel zu CIP Schnelle Anpassung des Volumens und der Abf\u00fcllgeschwindigkeit \u00fcber ein HMI-Touchscreen. Rezeptverwaltung 2 Arten von Steuereinheiten: Standard: 1-3 Kolbenpumpen. Erweitert: 4-6 Kolbenpumpen. Puffertank mit F\u00fcllstandsanzeige. Einfacher Anschluss an PTI CIP-Einheit oder bestehendes CIP-System. Anschlussm\u00f6glichkeit an eine Kontrollwaage f\u00fcr [&hellip;]<\/p>\n","protected":false},"author":6,"featured_media":1199,"parent":1678,"menu_order":0,"comment_status":"closed","ping_status":"closed","template":"","meta":{"_et_pb_use_builder":"","_et_pb_old_content":"","_et_gb_content_width":"","footnotes":""},"class_list":["post-1682","page","type-page","status-publish","has-post-thumbnail","hentry"],"_links":{"self":[{"href":"https:\/\/pti-as.dk\/de\/wp-json\/wp\/v2\/pages\/1682","targetHints":{"allow":["GET"]}}],"collection":[{"href":"https:\/\/pti-as.dk\/de\/wp-json\/wp\/v2\/pages"}],"about":[{"href":"https:\/\/pti-as.dk\/de\/wp-json\/wp\/v2\/types\/page"}],"author":[{"embeddable":true,"href":"https:\/\/pti-as.dk\/de\/wp-json\/wp\/v2\/users\/6"}],"replies":[{"embeddable":true,"href":"https:\/\/pti-as.dk\/de\/wp-json\/wp\/v2\/comments?post=1682"}],"version-history":[{"count":0,"href":"https:\/\/pti-as.dk\/de\/wp-json\/wp\/v2\/pages\/1682\/revisions"}],"up":[{"embeddable":true,"href":"https:\/\/pti-as.dk\/de\/wp-json\/wp\/v2\/pages\/1678"}],"wp:featuredmedia":[{"embeddable":true,"href":"https:\/\/pti-as.dk\/de\/wp-json\/wp\/v2\/media\/1199"}],"wp:attachment":[{"href":"https:\/\/pti-as.dk\/de\/wp-json\/wp\/v2\/media?parent=1682"}],"curies":[{"name":"wp","href":"https:\/\/api.w.org\/{rel}","templated":true}]}}