{"id":1686,"date":"2023-12-06T09:20:00","date_gmt":"2023-12-06T07:20:00","guid":{"rendered":"https:\/\/pti.qki.dk\/produkter\/pti-fyldere\/kemitappestation\/"},"modified":"2024-03-24T23:25:11","modified_gmt":"2024-03-24T21:25:11","slug":"kemitappestation","status":"publish","type":"page","link":"https:\/\/pti-as.dk\/de\/produkter\/pti-fyldere\/kemitappestation\/","title":{"rendered":"Chemieabf\u00fcllstation"},"content":{"rendered":"<h1>Chemieabf\u00fcllstation<\/h1>\n<h2>Eine umweltfreundliche L\u00f6sung<\/h2>\n<ul>\n<li>Sichere und benutzerfreundliche Abf\u00fcllstation f\u00fcr Chemikalien o.\u00e4.<\/li>\n<li>Kaufen Sie das Produkt in IBCs und f\u00fcllen Sie es in kleinere Kanister um.<\/li>\n<li>Statt Kanister als brennbaren Abfall zu entsorgen,<\/li>\n<li>f\u00fcllen Sie sie aus den wiederverwendbaren IBCs nach.<\/li>\n<li>Weniger Verschwendung, da Kanister nachgef\u00fcllt werden.<\/li>\n<li>Hygienisches und reinigungsfreundliches Design, ideal f\u00fcr Produktionsumgebungen.<\/li>\n<li>Einfach zu bedienen.<\/li>\n<li>Standardm\u00e4\u00dfig wird die Abf\u00fcllstation zur Wandmontage geliefert.<\/li>\n<li>Ein Standfu\u00df f\u00fcr die Platzierung auf dem Boden kann geliefert werden.<\/li>\n<li>Eine Abschirmung ist inbegriffen.<\/li>\n<li>Hohe Sicherheit, die Pumpe kann nur aktiviert werden, wenn die F\u00fclllanze in der untersten Position ist.<\/li>\n<\/ul>\n\n\t\t<style type=\"text\/css\">\n\t\t\t#gallery-1 {\n\t\t\t\tmargin: auto;\n\t\t\t}\n\t\t\t#gallery-1 .gallery-item {\n\t\t\t\tfloat: left;\n\t\t\t\tmargin-top: 10px;\n\t\t\t\ttext-align: center;\n\t\t\t\twidth: 33%;\n\t\t\t}\n\t\t\t#gallery-1 img {\n\t\t\t\tborder: 2px solid #cfcfcf;\n\t\t\t}\n\t\t\t#gallery-1 .gallery-caption {\n\t\t\t\tmargin-left: 0;\n\t\t\t}\n\t\t\t\/* see gallery_shortcode() in wp-includes\/media.php *\/\n\t\t<\/style>\n\t\t<div id='gallery-1' class='gallery galleryid-1686 gallery-columns-3 gallery-size-large'><dl class='gallery-item'>\n\t\t\t<dt class='gallery-icon portrait'>\n\t\t\t\t<a href='https:\/\/pti-as.dk\/wp-content\/smush-webp\/2024\/02\/WPA_2624-1-scaled.jpg.webp' data-smush-webp-fallback='{&quot;href&quot;:&quot;https:\\\/\\\/pti-as.dk\\\/wp-content\\\/uploads\\\/2024\\\/02\\\/WPA_2624-1-scaled.jpg&quot;}'><img loading=\"lazy\" decoding=\"async\" width=\"680\" height=\"1024\" src=\"https:\/\/pti-as.dk\/wp-content\/smush-webp\/2024\/02\/WPA_2624-1-680x1024.jpg.webp\" class=\"attachment-large size-large\" alt=\"\" srcset=\"https:\/\/pti-as.dk\/wp-content\/smush-webp\/2024\/02\/WPA_2624-1-680x1024.jpg.webp 680w, https:\/\/pti-as.dk\/wp-content\/smush-webp\/2024\/02\/WPA_2624-1-199x300.jpg.webp 199w, https:\/\/pti-as.dk\/wp-content\/smush-webp\/2024\/02\/WPA_2624-1-768x1156.jpg.webp 768w, https:\/\/pti-as.dk\/wp-content\/smush-webp\/2024\/02\/WPA_2624-1-1020x1536.jpg.webp 1020w, https:\/\/pti-as.dk\/wp-content\/smush-webp\/2024\/02\/WPA_2624-1-1360x2048.jpg.webp 1360w, https:\/\/pti-as.dk\/wp-content\/smush-webp\/2024\/02\/WPA_2624-1-1080x1626.jpg.webp 1080w, https:\/\/pti-as.dk\/wp-content\/smush-webp\/2024\/02\/WPA_2624-1-1280x1927.jpg.webp 1280w, https:\/\/pti-as.dk\/wp-content\/smush-webp\/2024\/02\/WPA_2624-1-980x1475.jpg.webp 980w, https:\/\/pti-as.dk\/wp-content\/smush-webp\/2024\/02\/WPA_2624-1-480x723.jpg.webp 480w, https:\/\/pti-as.dk\/wp-content\/smush-webp\/2024\/02\/WPA_2624-1-scaled.jpg.webp 1913w\" sizes=\"(max-width: 680px) 100vw, 680px\" data-smush-webp-fallback=\"{&quot;src&quot;:&quot;https:\\\/\\\/pti-as.dk\\\/wp-content\\\/uploads\\\/2024\\\/02\\\/WPA_2624-1-680x1024.jpg&quot;,&quot;srcset&quot;:&quot;https:\\\/\\\/pti-as.dk\\\/wp-content\\\/uploads\\\/2024\\\/02\\\/WPA_2624-1-680x1024.jpg 680w, https:\\\/\\\/pti-as.dk\\\/wp-content\\\/uploads\\\/2024\\\/02\\\/WPA_2624-1-199x300.jpg 199w, https:\\\/\\\/pti-as.dk\\\/wp-content\\\/uploads\\\/2024\\\/02\\\/WPA_2624-1-768x1156.jpg 768w, https:\\\/\\\/pti-as.dk\\\/wp-content\\\/uploads\\\/2024\\\/02\\\/WPA_2624-1-1020x1536.jpg 1020w, https:\\\/\\\/pti-as.dk\\\/wp-content\\\/uploads\\\/2024\\\/02\\\/WPA_2624-1-1360x2048.jpg 1360w, https:\\\/\\\/pti-as.dk\\\/wp-content\\\/uploads\\\/2024\\\/02\\\/WPA_2624-1-1080x1626.jpg 1080w, https:\\\/\\\/pti-as.dk\\\/wp-content\\\/uploads\\\/2024\\\/02\\\/WPA_2624-1-1280x1927.jpg 1280w, https:\\\/\\\/pti-as.dk\\\/wp-content\\\/uploads\\\/2024\\\/02\\\/WPA_2624-1-980x1475.jpg 980w, https:\\\/\\\/pti-as.dk\\\/wp-content\\\/uploads\\\/2024\\\/02\\\/WPA_2624-1-480x723.jpg 480w, https:\\\/\\\/pti-as.dk\\\/wp-content\\\/uploads\\\/2024\\\/02\\\/WPA_2624-1-scaled.jpg 1913w&quot;}\" \/><\/a>\n\t\t\t<\/dt><\/dl><dl class='gallery-item'>\n\t\t\t<dt class='gallery-icon portrait'>\n\t\t\t\t<a href='https:\/\/pti-as.dk\/wp-content\/smush-webp\/2024\/02\/WPA_2628-1-scaled.jpg.webp' data-smush-webp-fallback='{&quot;href&quot;:&quot;https:\\\/\\\/pti-as.dk\\\/wp-content\\\/uploads\\\/2024\\\/02\\\/WPA_2628-1-scaled.jpg&quot;}'><img loading=\"lazy\" decoding=\"async\" width=\"680\" height=\"1024\" src=\"https:\/\/pti-as.dk\/wp-content\/smush-webp\/2024\/02\/WPA_2628-1-680x1024.jpg.webp\" class=\"attachment-large size-large\" alt=\"\" srcset=\"https:\/\/pti-as.dk\/wp-content\/smush-webp\/2024\/02\/WPA_2628-1-680x1024.jpg.webp 680w, https:\/\/pti-as.dk\/wp-content\/smush-webp\/2024\/02\/WPA_2628-1-199x300.jpg.webp 199w, https:\/\/pti-as.dk\/wp-content\/smush-webp\/2024\/02\/WPA_2628-1-768x1157.jpg.webp 768w, https:\/\/pti-as.dk\/wp-content\/smush-webp\/2024\/02\/WPA_2628-1-1020x1536.jpg.webp 1020w, https:\/\/pti-as.dk\/wp-content\/smush-webp\/2024\/02\/WPA_2628-1-1359x2048.jpg.webp 1359w, https:\/\/pti-as.dk\/wp-content\/smush-webp\/2024\/02\/WPA_2628-1-1080x1627.jpg.webp 1080w, https:\/\/pti-as.dk\/wp-content\/smush-webp\/2024\/02\/WPA_2628-1-1280x1928.jpg.webp 1280w, https:\/\/pti-as.dk\/wp-content\/smush-webp\/2024\/02\/WPA_2628-1-980x1476.jpg.webp 980w, https:\/\/pti-as.dk\/wp-content\/smush-webp\/2024\/02\/WPA_2628-1-480x723.jpg.webp 480w, https:\/\/pti-as.dk\/wp-content\/smush-webp\/2024\/02\/WPA_2628-1-scaled.jpg.webp 1912w\" sizes=\"(max-width: 680px) 100vw, 680px\" data-smush-webp-fallback=\"{&quot;src&quot;:&quot;https:\\\/\\\/pti-as.dk\\\/wp-content\\\/uploads\\\/2024\\\/02\\\/WPA_2628-1-680x1024.jpg&quot;,&quot;srcset&quot;:&quot;https:\\\/\\\/pti-as.dk\\\/wp-content\\\/uploads\\\/2024\\\/02\\\/WPA_2628-1-680x1024.jpg 680w, https:\\\/\\\/pti-as.dk\\\/wp-content\\\/uploads\\\/2024\\\/02\\\/WPA_2628-1-199x300.jpg 199w, https:\\\/\\\/pti-as.dk\\\/wp-content\\\/uploads\\\/2024\\\/02\\\/WPA_2628-1-768x1157.jpg 768w, https:\\\/\\\/pti-as.dk\\\/wp-content\\\/uploads\\\/2024\\\/02\\\/WPA_2628-1-1020x1536.jpg 1020w, https:\\\/\\\/pti-as.dk\\\/wp-content\\\/uploads\\\/2024\\\/02\\\/WPA_2628-1-1359x2048.jpg 1359w, https:\\\/\\\/pti-as.dk\\\/wp-content\\\/uploads\\\/2024\\\/02\\\/WPA_2628-1-1080x1627.jpg 1080w, https:\\\/\\\/pti-as.dk\\\/wp-content\\\/uploads\\\/2024\\\/02\\\/WPA_2628-1-1280x1928.jpg 1280w, https:\\\/\\\/pti-as.dk\\\/wp-content\\\/uploads\\\/2024\\\/02\\\/WPA_2628-1-980x1476.jpg 980w, https:\\\/\\\/pti-as.dk\\\/wp-content\\\/uploads\\\/2024\\\/02\\\/WPA_2628-1-480x723.jpg 480w, https:\\\/\\\/pti-as.dk\\\/wp-content\\\/uploads\\\/2024\\\/02\\\/WPA_2628-1-scaled.jpg 1912w&quot;}\" \/><\/a>\n\t\t\t<\/dt><\/dl><dl class='gallery-item'>\n\t\t\t<dt class='gallery-icon portrait'>\n\t\t\t\t<a href='https:\/\/pti-as.dk\/wp-content\/smush-webp\/2024\/02\/WPA_2635-1-scaled.jpg.webp' data-smush-webp-fallback='{&quot;href&quot;:&quot;https:\\\/\\\/pti-as.dk\\\/wp-content\\\/uploads\\\/2024\\\/02\\\/WPA_2635-1-scaled.jpg&quot;}'><img loading=\"lazy\" decoding=\"async\" width=\"680\" height=\"1024\" src=\"https:\/\/pti-as.dk\/wp-content\/smush-webp\/2024\/02\/WPA_2635-1-680x1024.jpg.webp\" class=\"attachment-large size-large\" alt=\"\" srcset=\"https:\/\/pti-as.dk\/wp-content\/smush-webp\/2024\/02\/WPA_2635-1-680x1024.jpg.webp 680w, https:\/\/pti-as.dk\/wp-content\/smush-webp\/2024\/02\/WPA_2635-1-199x300.jpg.webp 199w, https:\/\/pti-as.dk\/wp-content\/smush-webp\/2024\/02\/WPA_2635-1-768x1156.jpg.webp 768w, https:\/\/pti-as.dk\/wp-content\/smush-webp\/2024\/02\/WPA_2635-1-1020x1536.jpg.webp 1020w, https:\/\/pti-as.dk\/wp-content\/smush-webp\/2024\/02\/WPA_2635-1-1360x2048.jpg.webp 1360w, https:\/\/pti-as.dk\/wp-content\/smush-webp\/2024\/02\/WPA_2635-1-1080x1626.jpg.webp 1080w, https:\/\/pti-as.dk\/wp-content\/smush-webp\/2024\/02\/WPA_2635-1-1280x1927.jpg.webp 1280w, https:\/\/pti-as.dk\/wp-content\/smush-webp\/2024\/02\/WPA_2635-1-980x1475.jpg.webp 980w, https:\/\/pti-as.dk\/wp-content\/smush-webp\/2024\/02\/WPA_2635-1-480x723.jpg.webp 480w, https:\/\/pti-as.dk\/wp-content\/smush-webp\/2024\/02\/WPA_2635-1-scaled.jpg.webp 1913w\" sizes=\"(max-width: 680px) 100vw, 680px\" data-smush-webp-fallback=\"{&quot;src&quot;:&quot;https:\\\/\\\/pti-as.dk\\\/wp-content\\\/uploads\\\/2024\\\/02\\\/WPA_2635-1-680x1024.jpg&quot;,&quot;srcset&quot;:&quot;https:\\\/\\\/pti-as.dk\\\/wp-content\\\/uploads\\\/2024\\\/02\\\/WPA_2635-1-680x1024.jpg 680w, https:\\\/\\\/pti-as.dk\\\/wp-content\\\/uploads\\\/2024\\\/02\\\/WPA_2635-1-199x300.jpg 199w, https:\\\/\\\/pti-as.dk\\\/wp-content\\\/uploads\\\/2024\\\/02\\\/WPA_2635-1-768x1156.jpg 768w, https:\\\/\\\/pti-as.dk\\\/wp-content\\\/uploads\\\/2024\\\/02\\\/WPA_2635-1-1020x1536.jpg 1020w, https:\\\/\\\/pti-as.dk\\\/wp-content\\\/uploads\\\/2024\\\/02\\\/WPA_2635-1-1360x2048.jpg 1360w, https:\\\/\\\/pti-as.dk\\\/wp-content\\\/uploads\\\/2024\\\/02\\\/WPA_2635-1-1080x1626.jpg 1080w, https:\\\/\\\/pti-as.dk\\\/wp-content\\\/uploads\\\/2024\\\/02\\\/WPA_2635-1-1280x1927.jpg 1280w, https:\\\/\\\/pti-as.dk\\\/wp-content\\\/uploads\\\/2024\\\/02\\\/WPA_2635-1-980x1475.jpg 980w, https:\\\/\\\/pti-as.dk\\\/wp-content\\\/uploads\\\/2024\\\/02\\\/WPA_2635-1-480x723.jpg 480w, https:\\\/\\\/pti-as.dk\\\/wp-content\\\/uploads\\\/2024\\\/02\\\/WPA_2635-1-scaled.jpg 1913w&quot;}\" \/><\/a>\n\t\t\t<\/dt><\/dl><br style=\"clear: both\" \/><dl class='gallery-item'>\n\t\t\t<dt class='gallery-icon portrait'>\n\t\t\t\t<a href='https:\/\/pti-as.dk\/wp-content\/smush-webp\/2024\/02\/WPA_2638-1-scaled.jpg.webp' data-smush-webp-fallback='{&quot;href&quot;:&quot;https:\\\/\\\/pti-as.dk\\\/wp-content\\\/uploads\\\/2024\\\/02\\\/WPA_2638-1-scaled.jpg&quot;}'><img loading=\"lazy\" decoding=\"async\" width=\"680\" height=\"1024\" src=\"https:\/\/pti-as.dk\/wp-content\/smush-webp\/2024\/02\/WPA_2638-1-680x1024.jpg.webp\" class=\"attachment-large size-large\" alt=\"\" srcset=\"https:\/\/pti-as.dk\/wp-content\/smush-webp\/2024\/02\/WPA_2638-1-680x1024.jpg.webp 680w, https:\/\/pti-as.dk\/wp-content\/smush-webp\/2024\/02\/WPA_2638-1-199x300.jpg.webp 199w, https:\/\/pti-as.dk\/wp-content\/smush-webp\/2024\/02\/WPA_2638-1-768x1156.jpg.webp 768w, https:\/\/pti-as.dk\/wp-content\/smush-webp\/2024\/02\/WPA_2638-1-1020x1536.jpg.webp 1020w, https:\/\/pti-as.dk\/wp-content\/smush-webp\/2024\/02\/WPA_2638-1-1360x2048.jpg.webp 1360w, https:\/\/pti-as.dk\/wp-content\/smush-webp\/2024\/02\/WPA_2638-1-1080x1626.jpg.webp 1080w, https:\/\/pti-as.dk\/wp-content\/smush-webp\/2024\/02\/WPA_2638-1-1280x1927.jpg.webp 1280w, https:\/\/pti-as.dk\/wp-content\/smush-webp\/2024\/02\/WPA_2638-1-980x1475.jpg.webp 980w, https:\/\/pti-as.dk\/wp-content\/smush-webp\/2024\/02\/WPA_2638-1-480x723.jpg.webp 480w, https:\/\/pti-as.dk\/wp-content\/smush-webp\/2024\/02\/WPA_2638-1-scaled.jpg.webp 1913w\" sizes=\"(max-width: 680px) 100vw, 680px\" data-smush-webp-fallback=\"{&quot;src&quot;:&quot;https:\\\/\\\/pti-as.dk\\\/wp-content\\\/uploads\\\/2024\\\/02\\\/WPA_2638-1-680x1024.jpg&quot;,&quot;srcset&quot;:&quot;https:\\\/\\\/pti-as.dk\\\/wp-content\\\/uploads\\\/2024\\\/02\\\/WPA_2638-1-680x1024.jpg 680w, https:\\\/\\\/pti-as.dk\\\/wp-content\\\/uploads\\\/2024\\\/02\\\/WPA_2638-1-199x300.jpg 199w, https:\\\/\\\/pti-as.dk\\\/wp-content\\\/uploads\\\/2024\\\/02\\\/WPA_2638-1-768x1156.jpg 768w, https:\\\/\\\/pti-as.dk\\\/wp-content\\\/uploads\\\/2024\\\/02\\\/WPA_2638-1-1020x1536.jpg 1020w, https:\\\/\\\/pti-as.dk\\\/wp-content\\\/uploads\\\/2024\\\/02\\\/WPA_2638-1-1360x2048.jpg 1360w, https:\\\/\\\/pti-as.dk\\\/wp-content\\\/uploads\\\/2024\\\/02\\\/WPA_2638-1-1080x1626.jpg 1080w, https:\\\/\\\/pti-as.dk\\\/wp-content\\\/uploads\\\/2024\\\/02\\\/WPA_2638-1-1280x1927.jpg 1280w, https:\\\/\\\/pti-as.dk\\\/wp-content\\\/uploads\\\/2024\\\/02\\\/WPA_2638-1-980x1475.jpg 980w, https:\\\/\\\/pti-as.dk\\\/wp-content\\\/uploads\\\/2024\\\/02\\\/WPA_2638-1-480x723.jpg 480w, https:\\\/\\\/pti-as.dk\\\/wp-content\\\/uploads\\\/2024\\\/02\\\/WPA_2638-1-scaled.jpg 1913w&quot;}\" \/><\/a>\n\t\t\t<\/dt><\/dl><dl class='gallery-item'>\n\t\t\t<dt class='gallery-icon portrait'>\n\t\t\t\t<a href='https:\/\/pti-as.dk\/wp-content\/smush-webp\/2024\/02\/WPA_2655-1-scaled.jpg.webp' data-smush-webp-fallback='{&quot;href&quot;:&quot;https:\\\/\\\/pti-as.dk\\\/wp-content\\\/uploads\\\/2024\\\/02\\\/WPA_2655-1-scaled.jpg&quot;}'><img loading=\"lazy\" decoding=\"async\" width=\"680\" height=\"1024\" src=\"https:\/\/pti-as.dk\/wp-content\/smush-webp\/2024\/02\/WPA_2655-1-680x1024.jpg.webp\" class=\"attachment-large size-large\" alt=\"\" srcset=\"https:\/\/pti-as.dk\/wp-content\/smush-webp\/2024\/02\/WPA_2655-1-680x1024.jpg.webp 680w, https:\/\/pti-as.dk\/wp-content\/smush-webp\/2024\/02\/WPA_2655-1-199x300.jpg.webp 199w, https:\/\/pti-as.dk\/wp-content\/smush-webp\/2024\/02\/WPA_2655-1-768x1156.jpg.webp 768w, https:\/\/pti-as.dk\/wp-content\/smush-webp\/2024\/02\/WPA_2655-1-1020x1536.jpg.webp 1020w, https:\/\/pti-as.dk\/wp-content\/smush-webp\/2024\/02\/WPA_2655-1-1360x2048.jpg.webp 1360w, https:\/\/pti-as.dk\/wp-content\/smush-webp\/2024\/02\/WPA_2655-1-1080x1626.jpg.webp 1080w, https:\/\/pti-as.dk\/wp-content\/smush-webp\/2024\/02\/WPA_2655-1-1280x1927.jpg.webp 1280w, https:\/\/pti-as.dk\/wp-content\/smush-webp\/2024\/02\/WPA_2655-1-980x1475.jpg.webp 980w, https:\/\/pti-as.dk\/wp-content\/smush-webp\/2024\/02\/WPA_2655-1-480x723.jpg.webp 480w, https:\/\/pti-as.dk\/wp-content\/smush-webp\/2024\/02\/WPA_2655-1-scaled.jpg.webp 1913w\" sizes=\"(max-width: 680px) 100vw, 680px\" data-smush-webp-fallback=\"{&quot;src&quot;:&quot;https:\\\/\\\/pti-as.dk\\\/wp-content\\\/uploads\\\/2024\\\/02\\\/WPA_2655-1-680x1024.jpg&quot;,&quot;srcset&quot;:&quot;https:\\\/\\\/pti-as.dk\\\/wp-content\\\/uploads\\\/2024\\\/02\\\/WPA_2655-1-680x1024.jpg 680w, https:\\\/\\\/pti-as.dk\\\/wp-content\\\/uploads\\\/2024\\\/02\\\/WPA_2655-1-199x300.jpg 199w, https:\\\/\\\/pti-as.dk\\\/wp-content\\\/uploads\\\/2024\\\/02\\\/WPA_2655-1-768x1156.jpg 768w, https:\\\/\\\/pti-as.dk\\\/wp-content\\\/uploads\\\/2024\\\/02\\\/WPA_2655-1-1020x1536.jpg 1020w, https:\\\/\\\/pti-as.dk\\\/wp-content\\\/uploads\\\/2024\\\/02\\\/WPA_2655-1-1360x2048.jpg 1360w, https:\\\/\\\/pti-as.dk\\\/wp-content\\\/uploads\\\/2024\\\/02\\\/WPA_2655-1-1080x1626.jpg 1080w, https:\\\/\\\/pti-as.dk\\\/wp-content\\\/uploads\\\/2024\\\/02\\\/WPA_2655-1-1280x1927.jpg 1280w, https:\\\/\\\/pti-as.dk\\\/wp-content\\\/uploads\\\/2024\\\/02\\\/WPA_2655-1-980x1475.jpg 980w, https:\\\/\\\/pti-as.dk\\\/wp-content\\\/uploads\\\/2024\\\/02\\\/WPA_2655-1-480x723.jpg 480w, https:\\\/\\\/pti-as.dk\\\/wp-content\\\/uploads\\\/2024\\\/02\\\/WPA_2655-1-scaled.jpg 1913w&quot;}\" \/><\/a>\n\t\t\t<\/dt><\/dl><dl class='gallery-item'>\n\t\t\t<dt class='gallery-icon portrait'>\n\t\t\t\t<a href='https:\/\/pti-as.dk\/wp-content\/smush-webp\/2024\/02\/WPA_2657-1-scaled.jpg.webp' data-smush-webp-fallback='{&quot;href&quot;:&quot;https:\\\/\\\/pti-as.dk\\\/wp-content\\\/uploads\\\/2024\\\/02\\\/WPA_2657-1-scaled.jpg&quot;}'><img loading=\"lazy\" decoding=\"async\" width=\"680\" height=\"1024\" src=\"https:\/\/pti-as.dk\/wp-content\/smush-webp\/2024\/02\/WPA_2657-1-680x1024.jpg.webp\" class=\"attachment-large size-large\" alt=\"\" srcset=\"https:\/\/pti-as.dk\/wp-content\/smush-webp\/2024\/02\/WPA_2657-1-680x1024.jpg.webp 680w, https:\/\/pti-as.dk\/wp-content\/smush-webp\/2024\/02\/WPA_2657-1-199x300.jpg.webp 199w, https:\/\/pti-as.dk\/wp-content\/smush-webp\/2024\/02\/WPA_2657-1-768x1157.jpg.webp 768w, https:\/\/pti-as.dk\/wp-content\/smush-webp\/2024\/02\/WPA_2657-1-1020x1536.jpg.webp 1020w, https:\/\/pti-as.dk\/wp-content\/smush-webp\/2024\/02\/WPA_2657-1-1359x2048.jpg.webp 1359w, https:\/\/pti-as.dk\/wp-content\/smush-webp\/2024\/02\/WPA_2657-1-1080x1627.jpg.webp 1080w, https:\/\/pti-as.dk\/wp-content\/smush-webp\/2024\/02\/WPA_2657-1-1280x1928.jpg.webp 1280w, https:\/\/pti-as.dk\/wp-content\/smush-webp\/2024\/02\/WPA_2657-1-980x1476.jpg.webp 980w, https:\/\/pti-as.dk\/wp-content\/smush-webp\/2024\/02\/WPA_2657-1-480x723.jpg.webp 480w, https:\/\/pti-as.dk\/wp-content\/smush-webp\/2024\/02\/WPA_2657-1-scaled.jpg.webp 1912w\" sizes=\"(max-width: 680px) 100vw, 680px\" data-smush-webp-fallback=\"{&quot;src&quot;:&quot;https:\\\/\\\/pti-as.dk\\\/wp-content\\\/uploads\\\/2024\\\/02\\\/WPA_2657-1-680x1024.jpg&quot;,&quot;srcset&quot;:&quot;https:\\\/\\\/pti-as.dk\\\/wp-content\\\/uploads\\\/2024\\\/02\\\/WPA_2657-1-680x1024.jpg 680w, https:\\\/\\\/pti-as.dk\\\/wp-content\\\/uploads\\\/2024\\\/02\\\/WPA_2657-1-199x300.jpg 199w, https:\\\/\\\/pti-as.dk\\\/wp-content\\\/uploads\\\/2024\\\/02\\\/WPA_2657-1-768x1157.jpg 768w, https:\\\/\\\/pti-as.dk\\\/wp-content\\\/uploads\\\/2024\\\/02\\\/WPA_2657-1-1020x1536.jpg 1020w, https:\\\/\\\/pti-as.dk\\\/wp-content\\\/uploads\\\/2024\\\/02\\\/WPA_2657-1-1359x2048.jpg 1359w, https:\\\/\\\/pti-as.dk\\\/wp-content\\\/uploads\\\/2024\\\/02\\\/WPA_2657-1-1080x1627.jpg 1080w, https:\\\/\\\/pti-as.dk\\\/wp-content\\\/uploads\\\/2024\\\/02\\\/WPA_2657-1-1280x1928.jpg 1280w, https:\\\/\\\/pti-as.dk\\\/wp-content\\\/uploads\\\/2024\\\/02\\\/WPA_2657-1-980x1476.jpg 980w, https:\\\/\\\/pti-as.dk\\\/wp-content\\\/uploads\\\/2024\\\/02\\\/WPA_2657-1-480x723.jpg 480w, https:\\\/\\\/pti-as.dk\\\/wp-content\\\/uploads\\\/2024\\\/02\\\/WPA_2657-1-scaled.jpg 1912w&quot;}\" \/><\/a>\n\t\t\t<\/dt><\/dl><br style=\"clear: both\" \/>\n\t\t<\/div>\n\n","protected":false},"excerpt":{"rendered":"<p>Chemieabf\u00fcllstation Eine umweltfreundliche L\u00f6sung Sichere und benutzerfreundliche Abf\u00fcllstation f\u00fcr Chemikalien o.\u00e4. Kaufen Sie das Produkt in IBCs und f\u00fcllen Sie es in kleinere Kanister um. Statt Kanister als brennbaren Abfall zu entsorgen, f\u00fcllen Sie sie aus den wiederverwendbaren IBCs nach. Weniger Verschwendung, da Kanister nachgef\u00fcllt werden. Hygienisches und reinigungsfreundliches Design, ideal f\u00fcr Produktionsumgebungen. Einfach zu [&hellip;]<\/p>\n","protected":false},"author":6,"featured_media":1233,"parent":1678,"menu_order":0,"comment_status":"closed","ping_status":"closed","template":"","meta":{"_et_pb_use_builder":"","_et_pb_old_content":"","_et_gb_content_width":"","footnotes":""},"class_list":["post-1686","page","type-page","status-publish","has-post-thumbnail","hentry"],"_links":{"self":[{"href":"https:\/\/pti-as.dk\/de\/wp-json\/wp\/v2\/pages\/1686","targetHints":{"allow":["GET"]}}],"collection":[{"href":"https:\/\/pti-as.dk\/de\/wp-json\/wp\/v2\/pages"}],"about":[{"href":"https:\/\/pti-as.dk\/de\/wp-json\/wp\/v2\/types\/page"}],"author":[{"embeddable":true,"href":"https:\/\/pti-as.dk\/de\/wp-json\/wp\/v2\/users\/6"}],"replies":[{"embeddable":true,"href":"https:\/\/pti-as.dk\/de\/wp-json\/wp\/v2\/comments?post=1686"}],"version-history":[{"count":0,"href":"https:\/\/pti-as.dk\/de\/wp-json\/wp\/v2\/pages\/1686\/revisions"}],"up":[{"embeddable":true,"href":"https:\/\/pti-as.dk\/de\/wp-json\/wp\/v2\/pages\/1678"}],"wp:featuredmedia":[{"embeddable":true,"href":"https:\/\/pti-as.dk\/de\/wp-json\/wp\/v2\/media\/1233"}],"wp:attachment":[{"href":"https:\/\/pti-as.dk\/de\/wp-json\/wp\/v2\/media?parent=1686"}],"curies":[{"name":"wp","href":"https:\/\/api.w.org\/{rel}","templated":true}]}}