{"id":1695,"date":"2024-01-02T11:26:26","date_gmt":"2024-01-02T09:26:26","guid":{"rendered":"https:\/\/pti.qki.dk\/produkter\/pti-fyldere\/stempelfylder\/"},"modified":"2024-03-25T00:04:43","modified_gmt":"2024-03-24T22:04:43","slug":"stempelfylder","status":"publish","type":"page","link":"https:\/\/pti-as.dk\/de\/produkter\/pti-fyldere\/stempelfylder\/","title":{"rendered":"Kolbenf\u00fcller"},"content":{"rendered":"<h1>PTI &#8211; F\u00fcller<\/h1>\n<h3><strong>Anwendung:<\/strong><\/h3>\n<p>Die PTI-Abf\u00fcllmaschine wird zum Abf\u00fcllen von fl\u00fcssigen Medien in beispielsweise Vakuumtrays oder \u00e4hnliche raumgeteilte Medien verwendet. Die Maschine dosiert nach dem Prinzip einer Kolbenpumpe, wobei die Schlagl\u00e4nge variabel ist. Das System wird pneumatisch angetrieben und ist PLC-gesteuert.<\/p>\n<p>Die Pumpe kann durch Dr\u00fccken eines Knopfes einen Einzelschlag ausf\u00fchren oder kontinuierlich pumpen, gesteuert durch ein Signal von einem Timer, Sensor oder von anderen Maschinen. Pumpe und diverse Ventile werden f\u00fcr jede Aufgabe individuell ausgew\u00e4hlt und gestaltet, um gr\u00f6\u00dftm\u00f6gliche R\u00fccksicht auf Viskosit\u00e4t, schonende Abf\u00fcllung, Schaumbildung und andere Faktoren zu nehmen, die den Abf\u00fcllprozess beeinflussen.<\/p>\n<h3><strong>Vorteile:<\/strong><\/h3>\n<p>Die Abf\u00fcllmaschine wird f\u00fcr jede Aufgabe individuell entworfen und gebaut, basierend auf den Anforderungen und W\u00fcnschen des Kunden. Der feste Zyklusablauf tr\u00e4gt dazu bei, einen korrekten Betrieb sicherzustellen, und dass die Maschine nach eventuellen Betriebsunterbrechungen, Notstopps etc. leicht neu gestartet werden kann. Die Maschine kann verschiedene Abf\u00fcllaufgaben durchf\u00fchren.<\/p>\n<p>Die Steuerung wird so aufgebaut, dass mit automatischem oder halbautomatischem Betrieb gefahren werden kann. Die Maschine wird au\u00dferdem so entworfen, dass sie leicht zu demontieren und zu reinigen ist.<br \/>\n<video autoplay=\"autoplay\" loop=\"loop\" width=\"100%\" height=\"auto\"><source src=\"https:\/\/pti-as.dk\/wp-content\/uploads\/2024\/02\/larsenfeb.2006050-ezgif.com-mute-video.mp4\" type=\"video\/mp4\"><\/source><\/video><\/p>\n<h3><strong>Designdaten:<\/strong><\/h3>\n<p>Die Abf\u00fcllmaschine ist aus rostfreiem Stahl und anderen FDA-zugelassenen Materialien gefertigt und basiert im Design auf DS\/EN 1672\/2 (Hygieneanforderungen an Maschinen f\u00fcr Lebensmittel).<\/p>\n<p>Die Abf\u00fcllmaschine ist so gestaltet, dass das Risiko der \u00dcbertragung von Verunreinigungen auf das Medium minimiert wird.<\/p>\n\n\t\t<style type=\"text\/css\">\n\t\t\t#gallery-1 {\n\t\t\t\tmargin: auto;\n\t\t\t}\n\t\t\t#gallery-1 .gallery-item {\n\t\t\t\tfloat: left;\n\t\t\t\tmargin-top: 10px;\n\t\t\t\ttext-align: center;\n\t\t\t\twidth: 33%;\n\t\t\t}\n\t\t\t#gallery-1 img {\n\t\t\t\tborder: 2px solid #cfcfcf;\n\t\t\t}\n\t\t\t#gallery-1 .gallery-caption {\n\t\t\t\tmargin-left: 0;\n\t\t\t}\n\t\t\t\/* see gallery_shortcode() in wp-includes\/media.php *\/\n\t\t<\/style>\n\t\t<div id='gallery-1' class='gallery galleryid-1695 gallery-columns-3 gallery-size-large'><dl class='gallery-item'>\n\t\t\t<dt class='gallery-icon landscape'>\n\t\t\t\t<a href='https:\/\/pti-as.dk\/wp-content\/smush-webp\/2024\/01\/Fyldedel-1-27.jpg.webp' data-smush-webp-fallback='{&quot;href&quot;:&quot;https:\\\/\\\/pti-as.dk\\\/wp-content\\\/uploads\\\/2024\\\/01\\\/Fyldedel-1-27.jpg&quot;}'><img loading=\"lazy\" decoding=\"async\" width=\"1024\" height=\"768\" src=\"https:\/\/pti-as.dk\/wp-content\/smush-webp\/2024\/01\/Fyldedel-1-27-1024x768.jpg.webp\" class=\"attachment-large size-large\" alt=\"\" srcset=\"https:\/\/pti-as.dk\/wp-content\/smush-webp\/2024\/01\/Fyldedel-1-27-980x735.jpg.webp 980w, https:\/\/pti-as.dk\/wp-content\/smush-webp\/2024\/01\/Fyldedel-1-27-480x360.jpg.webp 480w\" sizes=\"(min-width: 0px) and (max-width: 480px) 480px, (min-width: 481px) and (max-width: 980px) 980px, (min-width: 981px) 1024px, 100vw\" data-smush-webp-fallback=\"{&quot;src&quot;:&quot;https:\\\/\\\/pti-as.dk\\\/wp-content\\\/uploads\\\/2024\\\/01\\\/Fyldedel-1-27-1024x768.jpg&quot;,&quot;srcset&quot;:&quot;https:\\\/\\\/pti-as.dk\\\/wp-content\\\/uploads\\\/2024\\\/01\\\/Fyldedel-1-27-980x735.jpg 980w, https:\\\/\\\/pti-as.dk\\\/wp-content\\\/uploads\\\/2024\\\/01\\\/Fyldedel-1-27-480x360.jpg 480w&quot;}\" \/><\/a>\n\t\t\t<\/dt><\/dl><dl class='gallery-item'>\n\t\t\t<dt class='gallery-icon landscape'>\n\t\t\t\t<a href='https:\/\/pti-as.dk\/wp-content\/smush-webp\/2024\/01\/Fyldedel-1-28.jpg.webp' data-smush-webp-fallback='{&quot;href&quot;:&quot;https:\\\/\\\/pti-as.dk\\\/wp-content\\\/uploads\\\/2024\\\/01\\\/Fyldedel-1-28.jpg&quot;}'><img loading=\"lazy\" decoding=\"async\" width=\"1024\" height=\"768\" src=\"https:\/\/pti-as.dk\/wp-content\/smush-webp\/2024\/01\/Fyldedel-1-28-1024x768.jpg.webp\" class=\"attachment-large size-large\" alt=\"\" srcset=\"https:\/\/pti-as.dk\/wp-content\/smush-webp\/2024\/01\/Fyldedel-1-28-980x735.jpg.webp 980w, https:\/\/pti-as.dk\/wp-content\/smush-webp\/2024\/01\/Fyldedel-1-28-480x360.jpg.webp 480w\" sizes=\"(min-width: 0px) and (max-width: 480px) 480px, (min-width: 481px) and (max-width: 980px) 980px, (min-width: 981px) 1024px, 100vw\" data-smush-webp-fallback=\"{&quot;src&quot;:&quot;https:\\\/\\\/pti-as.dk\\\/wp-content\\\/uploads\\\/2024\\\/01\\\/Fyldedel-1-28-1024x768.jpg&quot;,&quot;srcset&quot;:&quot;https:\\\/\\\/pti-as.dk\\\/wp-content\\\/uploads\\\/2024\\\/01\\\/Fyldedel-1-28-980x735.jpg 980w, https:\\\/\\\/pti-as.dk\\\/wp-content\\\/uploads\\\/2024\\\/01\\\/Fyldedel-1-28-480x360.jpg 480w&quot;}\" \/><\/a>\n\t\t\t<\/dt><\/dl><dl class='gallery-item'>\n\t\t\t<dt class='gallery-icon landscape'>\n\t\t\t\t<a href='https:\/\/pti-as.dk\/wp-content\/smush-webp\/2024\/02\/Billede-002.jpg.webp' data-smush-webp-fallback='{&quot;href&quot;:&quot;https:\\\/\\\/pti-as.dk\\\/wp-content\\\/uploads\\\/2024\\\/02\\\/Billede-002.jpg&quot;}'><img loading=\"lazy\" decoding=\"async\" width=\"1024\" height=\"768\" src=\"https:\/\/pti-as.dk\/wp-content\/smush-webp\/2024\/02\/Billede-002-1024x768.jpg.webp\" class=\"attachment-large size-large\" alt=\"\" srcset=\"https:\/\/pti-as.dk\/wp-content\/smush-webp\/2024\/02\/Billede-002-980x735.jpg.webp 980w, https:\/\/pti-as.dk\/wp-content\/smush-webp\/2024\/02\/Billede-002-480x360.jpg.webp 480w\" sizes=\"(min-width: 0px) and (max-width: 480px) 480px, (min-width: 481px) and (max-width: 980px) 980px, (min-width: 981px) 1024px, 100vw\" data-smush-webp-fallback=\"{&quot;src&quot;:&quot;https:\\\/\\\/pti-as.dk\\\/wp-content\\\/uploads\\\/2024\\\/02\\\/Billede-002-1024x768.jpg&quot;,&quot;srcset&quot;:&quot;https:\\\/\\\/pti-as.dk\\\/wp-content\\\/uploads\\\/2024\\\/02\\\/Billede-002-980x735.jpg 980w, https:\\\/\\\/pti-as.dk\\\/wp-content\\\/uploads\\\/2024\\\/02\\\/Billede-002-480x360.jpg 480w&quot;}\" \/><\/a>\n\t\t\t<\/dt><\/dl><br style=\"clear: both\" \/><dl class='gallery-item'>\n\t\t\t<dt class='gallery-icon landscape'>\n\t\t\t\t<a href='https:\/\/pti-as.dk\/wp-content\/smush-webp\/2024\/02\/Billede-005.jpg.webp' data-smush-webp-fallback='{&quot;href&quot;:&quot;https:\\\/\\\/pti-as.dk\\\/wp-content\\\/uploads\\\/2024\\\/02\\\/Billede-005.jpg&quot;}'><img loading=\"lazy\" decoding=\"async\" width=\"1024\" height=\"768\" src=\"https:\/\/pti-as.dk\/wp-content\/smush-webp\/2024\/02\/Billede-005-1024x768.jpg.webp\" class=\"attachment-large size-large\" alt=\"\" srcset=\"https:\/\/pti-as.dk\/wp-content\/smush-webp\/2024\/02\/Billede-005-980x735.jpg.webp 980w, https:\/\/pti-as.dk\/wp-content\/smush-webp\/2024\/02\/Billede-005-480x360.jpg.webp 480w\" sizes=\"(min-width: 0px) and (max-width: 480px) 480px, (min-width: 481px) and (max-width: 980px) 980px, (min-width: 981px) 1024px, 100vw\" data-smush-webp-fallback=\"{&quot;src&quot;:&quot;https:\\\/\\\/pti-as.dk\\\/wp-content\\\/uploads\\\/2024\\\/02\\\/Billede-005-1024x768.jpg&quot;,&quot;srcset&quot;:&quot;https:\\\/\\\/pti-as.dk\\\/wp-content\\\/uploads\\\/2024\\\/02\\\/Billede-005-980x735.jpg 980w, https:\\\/\\\/pti-as.dk\\\/wp-content\\\/uploads\\\/2024\\\/02\\\/Billede-005-480x360.jpg 480w&quot;}\" \/><\/a>\n\t\t\t<\/dt><\/dl><dl class='gallery-item'>\n\t\t\t<dt class='gallery-icon landscape'>\n\t\t\t\t<a href='https:\/\/pti-as.dk\/wp-content\/smush-webp\/2024\/02\/Fyldedel-1-18.jpg.webp' data-smush-webp-fallback='{&quot;href&quot;:&quot;https:\\\/\\\/pti-as.dk\\\/wp-content\\\/uploads\\\/2024\\\/02\\\/Fyldedel-1-18.jpg&quot;}'><img loading=\"lazy\" decoding=\"async\" width=\"1024\" height=\"768\" src=\"https:\/\/pti-as.dk\/wp-content\/smush-webp\/2024\/02\/Fyldedel-1-18-1024x768.jpg.webp\" class=\"attachment-large size-large\" alt=\"\" srcset=\"https:\/\/pti-as.dk\/wp-content\/smush-webp\/2024\/02\/Fyldedel-1-18-980x735.jpg.webp 980w, https:\/\/pti-as.dk\/wp-content\/smush-webp\/2024\/02\/Fyldedel-1-18-480x360.jpg.webp 480w\" sizes=\"(min-width: 0px) and (max-width: 480px) 480px, (min-width: 481px) and (max-width: 980px) 980px, (min-width: 981px) 1024px, 100vw\" data-smush-webp-fallback=\"{&quot;src&quot;:&quot;https:\\\/\\\/pti-as.dk\\\/wp-content\\\/uploads\\\/2024\\\/02\\\/Fyldedel-1-18-1024x768.jpg&quot;,&quot;srcset&quot;:&quot;https:\\\/\\\/pti-as.dk\\\/wp-content\\\/uploads\\\/2024\\\/02\\\/Fyldedel-1-18-980x735.jpg 980w, https:\\\/\\\/pti-as.dk\\\/wp-content\\\/uploads\\\/2024\\\/02\\\/Fyldedel-1-18-480x360.jpg 480w&quot;}\" \/><\/a>\n\t\t\t<\/dt><\/dl><dl class='gallery-item'>\n\t\t\t<dt class='gallery-icon landscape'>\n\t\t\t\t<a href='https:\/\/pti-as.dk\/wp-content\/smush-webp\/2024\/02\/Fyldedel-1-27.jpg.webp' data-smush-webp-fallback='{&quot;href&quot;:&quot;https:\\\/\\\/pti-as.dk\\\/wp-content\\\/uploads\\\/2024\\\/02\\\/Fyldedel-1-27.jpg&quot;}'><img loading=\"lazy\" decoding=\"async\" width=\"1024\" height=\"768\" src=\"https:\/\/pti-as.dk\/wp-content\/smush-webp\/2024\/02\/Fyldedel-1-27-1024x768.jpg.webp\" class=\"attachment-large size-large\" alt=\"\" srcset=\"https:\/\/pti-as.dk\/wp-content\/smush-webp\/2024\/02\/Fyldedel-1-27-980x735.jpg.webp 980w, https:\/\/pti-as.dk\/wp-content\/smush-webp\/2024\/02\/Fyldedel-1-27-480x360.jpg.webp 480w\" sizes=\"(min-width: 0px) and (max-width: 480px) 480px, (min-width: 481px) and (max-width: 980px) 980px, (min-width: 981px) 1024px, 100vw\" data-smush-webp-fallback=\"{&quot;src&quot;:&quot;https:\\\/\\\/pti-as.dk\\\/wp-content\\\/uploads\\\/2024\\\/02\\\/Fyldedel-1-27-1024x768.jpg&quot;,&quot;srcset&quot;:&quot;https:\\\/\\\/pti-as.dk\\\/wp-content\\\/uploads\\\/2024\\\/02\\\/Fyldedel-1-27-980x735.jpg 980w, https:\\\/\\\/pti-as.dk\\\/wp-content\\\/uploads\\\/2024\\\/02\\\/Fyldedel-1-27-480x360.jpg 480w&quot;}\" \/><\/a>\n\t\t\t<\/dt><\/dl><br style=\"clear: both\" \/><dl class='gallery-item'>\n\t\t\t<dt class='gallery-icon landscape'>\n\t\t\t\t<a href='https:\/\/pti-as.dk\/wp-content\/smush-webp\/2024\/02\/Fyldedel-1-28.jpg.webp' data-smush-webp-fallback='{&quot;href&quot;:&quot;https:\\\/\\\/pti-as.dk\\\/wp-content\\\/uploads\\\/2024\\\/02\\\/Fyldedel-1-28.jpg&quot;}'><img loading=\"lazy\" decoding=\"async\" width=\"1024\" height=\"768\" src=\"https:\/\/pti-as.dk\/wp-content\/smush-webp\/2024\/02\/Fyldedel-1-28-1024x768.jpg.webp\" class=\"attachment-large size-large\" alt=\"\" srcset=\"https:\/\/pti-as.dk\/wp-content\/smush-webp\/2024\/02\/Fyldedel-1-28-980x735.jpg.webp 980w, https:\/\/pti-as.dk\/wp-content\/smush-webp\/2024\/02\/Fyldedel-1-28-480x360.jpg.webp 480w\" sizes=\"(min-width: 0px) and (max-width: 480px) 480px, (min-width: 481px) and (max-width: 980px) 980px, (min-width: 981px) 1024px, 100vw\" data-smush-webp-fallback=\"{&quot;src&quot;:&quot;https:\\\/\\\/pti-as.dk\\\/wp-content\\\/uploads\\\/2024\\\/02\\\/Fyldedel-1-28-1024x768.jpg&quot;,&quot;srcset&quot;:&quot;https:\\\/\\\/pti-as.dk\\\/wp-content\\\/uploads\\\/2024\\\/02\\\/Fyldedel-1-28-980x735.jpg 980w, https:\\\/\\\/pti-as.dk\\\/wp-content\\\/uploads\\\/2024\\\/02\\\/Fyldedel-1-28-480x360.jpg 480w&quot;}\" \/><\/a>\n\t\t\t<\/dt><\/dl>\n\t\t\t<br style='clear: both' \/>\n\t\t<\/div>\n\n<h3><strong>Kundenspezifische Optionen:<\/strong><\/h3>\n<p>Es k\u00f6nnen kundenspezifische L\u00f6sungen je nach zu l\u00f6sender Aufgabe hergestellt werden. Folgendes sind Beispiele:<\/p>\n<ul>\n<li>Beh\u00e4lter\/Tank ist \u00fcber der Maschine erh\u00f6ht.<\/li>\n<li>Beh\u00e4lter mit R\u00fchrwerk, um das Produkt w\u00e4hrend der Abf\u00fcllung homogen zu halten.<\/li>\n<\/ul>\n","protected":false},"excerpt":{"rendered":"<p>PTI &#8211; F\u00fcller Anwendung: Die PTI-Abf\u00fcllmaschine wird zum Abf\u00fcllen von fl\u00fcssigen Medien in beispielsweise Vakuumtrays oder \u00e4hnliche raumgeteilte Medien verwendet. Die Maschine dosiert nach dem Prinzip einer Kolbenpumpe, wobei die Schlagl\u00e4nge variabel ist. Das System wird pneumatisch angetrieben und ist PLC-gesteuert. Die Pumpe kann durch Dr\u00fccken eines Knopfes einen Einzelschlag ausf\u00fchren oder kontinuierlich pumpen, gesteuert [&hellip;]<\/p>\n","protected":false},"author":6,"featured_media":1209,"parent":1678,"menu_order":0,"comment_status":"closed","ping_status":"closed","template":"","meta":{"_et_pb_use_builder":"","_et_pb_old_content":"","_et_gb_content_width":"","footnotes":""},"class_list":["post-1695","page","type-page","status-publish","has-post-thumbnail","hentry"],"_links":{"self":[{"href":"https:\/\/pti-as.dk\/de\/wp-json\/wp\/v2\/pages\/1695","targetHints":{"allow":["GET"]}}],"collection":[{"href":"https:\/\/pti-as.dk\/de\/wp-json\/wp\/v2\/pages"}],"about":[{"href":"https:\/\/pti-as.dk\/de\/wp-json\/wp\/v2\/types\/page"}],"author":[{"embeddable":true,"href":"https:\/\/pti-as.dk\/de\/wp-json\/wp\/v2\/users\/6"}],"replies":[{"embeddable":true,"href":"https:\/\/pti-as.dk\/de\/wp-json\/wp\/v2\/comments?post=1695"}],"version-history":[{"count":0,"href":"https:\/\/pti-as.dk\/de\/wp-json\/wp\/v2\/pages\/1695\/revisions"}],"up":[{"embeddable":true,"href":"https:\/\/pti-as.dk\/de\/wp-json\/wp\/v2\/pages\/1678"}],"wp:featuredmedia":[{"embeddable":true,"href":"https:\/\/pti-as.dk\/de\/wp-json\/wp\/v2\/media\/1209"}],"wp:attachment":[{"href":"https:\/\/pti-as.dk\/de\/wp-json\/wp\/v2\/media?parent=1695"}],"curies":[{"name":"wp","href":"https:\/\/api.w.org\/{rel}","templated":true}]}}