{"id":1699,"date":"2024-01-02T15:52:48","date_gmt":"2024-01-02T13:52:48","guid":{"rendered":"https:\/\/pti.qki.dk\/produkter\/tanke-og-beholdere\/"},"modified":"2024-03-25T00:11:04","modified_gmt":"2024-03-24T22:11:04","slug":"tanke-og-beholdere","status":"publish","type":"page","link":"https:\/\/pti-as.dk\/de\/produkter\/tanke-og-beholdere\/","title":{"rendered":"Tanks und Mischer"},"content":{"rendered":"<h1>Tanks und Mischer<\/h1>\n<p>PTI A\/S stellt Tanks und Mischer aus Edelstahl f\u00fcr kleine und gro\u00dfe Unternehmen im ganzen Land her. Wir produzieren Beh\u00e4lter f\u00fcr die Verwendung in der Lebensmittelindustrie und f\u00fcr andere industrielle Zwecke.<br \/>\n\u200b.<br \/>\nWenn Sie spezielle W\u00fcnsche und Anforderungen an einen Beh\u00e4lter oder Edelstahltank haben, k\u00f6nnen unsere erfahrenen und qualifizierten Mitarbeiter die Aufgabe \u00fcbernehmen.<\/p>\n<p>Wir fertigen alle Tanks und Mischer nach Ihren individuellen Ma\u00dfen. Sie haben auch die M\u00f6glichkeit, Ihren neuen Edelstahltank selbst zu entwerfen.<\/p>\n<p><strong>Technische Spezifikationen f\u00fcr Edelstahltanks \u2013 rufen Sie f\u00fcr mehr Informationen<\/strong> <strong>\u00fcber Edelstahltanks und -beh\u00e4lter an.<\/strong><\/p>\n<p><video autoplay=\"autoplay\" loop=\"loop\" width=\"100%\" height=\"auto\"><source src=\"https:\/\/pti-as.dk\/wp-content\/uploads\/2024\/02\/PTIMixere.mp4\" type=\"video\/mp4\"><\/source><\/video><\/p>\n\n\t\t<style type=\"text\/css\">\n\t\t\t#gallery-1 {\n\t\t\t\tmargin: auto;\n\t\t\t}\n\t\t\t#gallery-1 .gallery-item {\n\t\t\t\tfloat: left;\n\t\t\t\tmargin-top: 10px;\n\t\t\t\ttext-align: center;\n\t\t\t\twidth: 33%;\n\t\t\t}\n\t\t\t#gallery-1 img {\n\t\t\t\tborder: 2px solid #cfcfcf;\n\t\t\t}\n\t\t\t#gallery-1 .gallery-caption {\n\t\t\t\tmargin-left: 0;\n\t\t\t}\n\t\t\t\/* see gallery_shortcode() in wp-includes\/media.php *\/\n\t\t<\/style>\n\t\t<div id='gallery-1' class='gallery galleryid-1699 gallery-columns-3 gallery-size-large'><dl class='gallery-item'>\n\t\t\t<dt class='gallery-icon portrait'>\n\t\t\t\t<a href='https:\/\/pti-as.dk\/wp-content\/uploads\/2024\/02\/20170719_134357-rotated.jpg'><img loading=\"lazy\" decoding=\"async\" width=\"768\" height=\"1024\" src=\"https:\/\/pti-as.dk\/wp-content\/smush-webp\/2024\/02\/20170719_134357-768x1024.jpg.webp\" class=\"attachment-large size-large\" alt=\"\" srcset=\"https:\/\/pti-as.dk\/wp-content\/smush-webp\/2024\/02\/20170719_134357-768x1024.jpg.webp 768w, https:\/\/pti-as.dk\/wp-content\/smush-webp\/2024\/02\/20170719_134357-225x300.jpg.webp 225w, https:\/\/pti-as.dk\/wp-content\/uploads\/2024\/02\/20170719_134357-1152x1536.jpg 1152w, https:\/\/pti-as.dk\/wp-content\/uploads\/2024\/02\/20170719_134357-1536x2048.jpg 1536w, https:\/\/pti-as.dk\/wp-content\/smush-webp\/2024\/02\/20170719_134357-1080x1440.jpg.webp 1080w, https:\/\/pti-as.dk\/wp-content\/uploads\/2024\/02\/20170719_134357-1280x1707.jpg 1280w, https:\/\/pti-as.dk\/wp-content\/smush-webp\/2024\/02\/20170719_134357-980x1307.jpg.webp 980w, https:\/\/pti-as.dk\/wp-content\/smush-webp\/2024\/02\/20170719_134357-480x640.jpg.webp 480w, https:\/\/pti-as.dk\/wp-content\/uploads\/2024\/02\/20170719_134357-rotated.jpg 1944w\" sizes=\"(max-width: 768px) 100vw, 768px\" data-smush-webp-fallback=\"{&quot;src&quot;:&quot;https:\\\/\\\/pti-as.dk\\\/wp-content\\\/uploads\\\/2024\\\/02\\\/20170719_134357-768x1024.jpg&quot;,&quot;srcset&quot;:&quot;https:\\\/\\\/pti-as.dk\\\/wp-content\\\/uploads\\\/2024\\\/02\\\/20170719_134357-768x1024.jpg 768w, https:\\\/\\\/pti-as.dk\\\/wp-content\\\/uploads\\\/2024\\\/02\\\/20170719_134357-225x300.jpg 225w, https:\\\/\\\/pti-as.dk\\\/wp-content\\\/uploads\\\/2024\\\/02\\\/20170719_134357-1152x1536.jpg 1152w, https:\\\/\\\/pti-as.dk\\\/wp-content\\\/uploads\\\/2024\\\/02\\\/20170719_134357-1536x2048.jpg 1536w, https:\\\/\\\/pti-as.dk\\\/wp-content\\\/uploads\\\/2024\\\/02\\\/20170719_134357-1080x1440.jpg 1080w, https:\\\/\\\/pti-as.dk\\\/wp-content\\\/uploads\\\/2024\\\/02\\\/20170719_134357-1280x1707.jpg 1280w, https:\\\/\\\/pti-as.dk\\\/wp-content\\\/uploads\\\/2024\\\/02\\\/20170719_134357-980x1307.jpg 980w, https:\\\/\\\/pti-as.dk\\\/wp-content\\\/uploads\\\/2024\\\/02\\\/20170719_134357-480x640.jpg 480w, https:\\\/\\\/pti-as.dk\\\/wp-content\\\/uploads\\\/2024\\\/02\\\/20170719_134357-rotated.jpg 1944w&quot;}\" \/><\/a>\n\t\t\t<\/dt><\/dl><dl class='gallery-item'>\n\t\t\t<dt class='gallery-icon portrait'>\n\t\t\t\t<a href='https:\/\/pti-as.dk\/wp-content\/smush-webp\/2024\/02\/20180608_134205-rotated.jpg.webp' data-smush-webp-fallback='{&quot;href&quot;:&quot;https:\\\/\\\/pti-as.dk\\\/wp-content\\\/uploads\\\/2024\\\/02\\\/20180608_134205-rotated.jpg&quot;}'><img loading=\"lazy\" decoding=\"async\" width=\"768\" height=\"1024\" src=\"https:\/\/pti-as.dk\/wp-content\/smush-webp\/2024\/02\/20180608_134205-768x1024.jpg.webp\" class=\"attachment-large size-large\" alt=\"\" srcset=\"https:\/\/pti-as.dk\/wp-content\/smush-webp\/2024\/02\/20180608_134205-768x1024.jpg.webp 768w, https:\/\/pti-as.dk\/wp-content\/smush-webp\/2024\/02\/20180608_134205-225x300.jpg.webp 225w, https:\/\/pti-as.dk\/wp-content\/smush-webp\/2024\/02\/20180608_134205-1152x1536.jpg.webp 1152w, https:\/\/pti-as.dk\/wp-content\/smush-webp\/2024\/02\/20180608_134205-1536x2048.jpg.webp 1536w, https:\/\/pti-as.dk\/wp-content\/smush-webp\/2024\/02\/20180608_134205-1080x1440.jpg.webp 1080w, https:\/\/pti-as.dk\/wp-content\/smush-webp\/2024\/02\/20180608_134205-1280x1707.jpg.webp 1280w, https:\/\/pti-as.dk\/wp-content\/smush-webp\/2024\/02\/20180608_134205-980x1307.jpg.webp 980w, https:\/\/pti-as.dk\/wp-content\/smush-webp\/2024\/02\/20180608_134205-480x640.jpg.webp 480w, https:\/\/pti-as.dk\/wp-content\/smush-webp\/2024\/02\/20180608_134205-rotated.jpg.webp 1944w\" sizes=\"(max-width: 768px) 100vw, 768px\" data-smush-webp-fallback=\"{&quot;src&quot;:&quot;https:\\\/\\\/pti-as.dk\\\/wp-content\\\/uploads\\\/2024\\\/02\\\/20180608_134205-768x1024.jpg&quot;,&quot;srcset&quot;:&quot;https:\\\/\\\/pti-as.dk\\\/wp-content\\\/uploads\\\/2024\\\/02\\\/20180608_134205-768x1024.jpg 768w, https:\\\/\\\/pti-as.dk\\\/wp-content\\\/uploads\\\/2024\\\/02\\\/20180608_134205-225x300.jpg 225w, https:\\\/\\\/pti-as.dk\\\/wp-content\\\/uploads\\\/2024\\\/02\\\/20180608_134205-1152x1536.jpg 1152w, https:\\\/\\\/pti-as.dk\\\/wp-content\\\/uploads\\\/2024\\\/02\\\/20180608_134205-1536x2048.jpg 1536w, https:\\\/\\\/pti-as.dk\\\/wp-content\\\/uploads\\\/2024\\\/02\\\/20180608_134205-1080x1440.jpg 1080w, https:\\\/\\\/pti-as.dk\\\/wp-content\\\/uploads\\\/2024\\\/02\\\/20180608_134205-1280x1707.jpg 1280w, https:\\\/\\\/pti-as.dk\\\/wp-content\\\/uploads\\\/2024\\\/02\\\/20180608_134205-980x1307.jpg 980w, https:\\\/\\\/pti-as.dk\\\/wp-content\\\/uploads\\\/2024\\\/02\\\/20180608_134205-480x640.jpg 480w, https:\\\/\\\/pti-as.dk\\\/wp-content\\\/uploads\\\/2024\\\/02\\\/20180608_134205-rotated.jpg 1944w&quot;}\" \/><\/a>\n\t\t\t<\/dt><\/dl><dl class='gallery-item'>\n\t\t\t<dt class='gallery-icon portrait'>\n\t\t\t\t<a href='https:\/\/pti-as.dk\/wp-content\/smush-webp\/2024\/02\/20200602_072435-scaled.jpg.webp' data-smush-webp-fallback='{&quot;href&quot;:&quot;https:\\\/\\\/pti-as.dk\\\/wp-content\\\/uploads\\\/2024\\\/02\\\/20200602_072435-scaled.jpg&quot;}'><img loading=\"lazy\" decoding=\"async\" width=\"768\" height=\"1024\" src=\"https:\/\/pti-as.dk\/wp-content\/smush-webp\/2024\/02\/20200602_072435-768x1024.jpg.webp\" class=\"attachment-large size-large\" alt=\"\" srcset=\"https:\/\/pti-as.dk\/wp-content\/smush-webp\/2024\/02\/20200602_072435-768x1024.jpg.webp 768w, https:\/\/pti-as.dk\/wp-content\/smush-webp\/2024\/02\/20200602_072435-225x300.jpg.webp 225w, https:\/\/pti-as.dk\/wp-content\/smush-webp\/2024\/02\/20200602_072435-1152x1536.jpg.webp 1152w, https:\/\/pti-as.dk\/wp-content\/smush-webp\/2024\/02\/20200602_072435-1536x2048.jpg.webp 1536w, https:\/\/pti-as.dk\/wp-content\/smush-webp\/2024\/02\/20200602_072435-1080x1440.jpg.webp 1080w, https:\/\/pti-as.dk\/wp-content\/smush-webp\/2024\/02\/20200602_072435-1280x1707.jpg.webp 1280w, https:\/\/pti-as.dk\/wp-content\/smush-webp\/2024\/02\/20200602_072435-980x1307.jpg.webp 980w, https:\/\/pti-as.dk\/wp-content\/smush-webp\/2024\/02\/20200602_072435-480x640.jpg.webp 480w\" sizes=\"(max-width: 768px) 100vw, 768px\" data-smush-webp-fallback=\"{&quot;src&quot;:&quot;https:\\\/\\\/pti-as.dk\\\/wp-content\\\/uploads\\\/2024\\\/02\\\/20200602_072435-768x1024.jpg&quot;,&quot;srcset&quot;:&quot;https:\\\/\\\/pti-as.dk\\\/wp-content\\\/uploads\\\/2024\\\/02\\\/20200602_072435-768x1024.jpg 768w, https:\\\/\\\/pti-as.dk\\\/wp-content\\\/uploads\\\/2024\\\/02\\\/20200602_072435-225x300.jpg 225w, https:\\\/\\\/pti-as.dk\\\/wp-content\\\/uploads\\\/2024\\\/02\\\/20200602_072435-1152x1536.jpg 1152w, https:\\\/\\\/pti-as.dk\\\/wp-content\\\/uploads\\\/2024\\\/02\\\/20200602_072435-1536x2048.jpg 1536w, https:\\\/\\\/pti-as.dk\\\/wp-content\\\/uploads\\\/2024\\\/02\\\/20200602_072435-1080x1440.jpg 1080w, https:\\\/\\\/pti-as.dk\\\/wp-content\\\/uploads\\\/2024\\\/02\\\/20200602_072435-1280x1707.jpg 1280w, https:\\\/\\\/pti-as.dk\\\/wp-content\\\/uploads\\\/2024\\\/02\\\/20200602_072435-980x1307.jpg 980w, https:\\\/\\\/pti-as.dk\\\/wp-content\\\/uploads\\\/2024\\\/02\\\/20200602_072435-480x640.jpg 480w&quot;}\" \/><\/a>\n\t\t\t<\/dt><\/dl><br style=\"clear: both\" \/><dl class='gallery-item'>\n\t\t\t<dt class='gallery-icon portrait'>\n\t\t\t\t<a href='https:\/\/pti-as.dk\/wp-content\/smush-webp\/2024\/02\/20220331_171724-scaled.jpg.webp' data-smush-webp-fallback='{&quot;href&quot;:&quot;https:\\\/\\\/pti-as.dk\\\/wp-content\\\/uploads\\\/2024\\\/02\\\/20220331_171724-scaled.jpg&quot;}'><img loading=\"lazy\" decoding=\"async\" width=\"498\" height=\"1024\" src=\"https:\/\/pti-as.dk\/wp-content\/smush-webp\/2024\/02\/20220331_171724-498x1024.jpg.webp\" class=\"attachment-large size-large\" alt=\"\" srcset=\"https:\/\/pti-as.dk\/wp-content\/smush-webp\/2024\/02\/20220331_171724-498x1024.jpg.webp 498w, https:\/\/pti-as.dk\/wp-content\/smush-webp\/2024\/02\/20220331_171724-146x300.jpg.webp 146w, https:\/\/pti-as.dk\/wp-content\/smush-webp\/2024\/02\/20220331_171724-768x1580.jpg.webp 768w, https:\/\/pti-as.dk\/wp-content\/smush-webp\/2024\/02\/20220331_171724-747x1536.jpg.webp 747w, https:\/\/pti-as.dk\/wp-content\/uploads\/2024\/02\/20220331_171724-996x2048.jpg 996w, https:\/\/pti-as.dk\/wp-content\/smush-webp\/2024\/02\/20220331_171724-1080x2222.jpg.webp 1080w, https:\/\/pti-as.dk\/wp-content\/smush-webp\/2024\/02\/20220331_171724-1280x2633.jpg.webp 1280w, https:\/\/pti-as.dk\/wp-content\/uploads\/2024\/02\/20220331_171724-980x2016.jpg 980w, https:\/\/pti-as.dk\/wp-content\/smush-webp\/2024\/02\/20220331_171724-480x987.jpg.webp 480w, https:\/\/pti-as.dk\/wp-content\/smush-webp\/2024\/02\/20220331_171724-scaled.jpg.webp 1400w\" sizes=\"(max-width: 498px) 100vw, 498px\" data-smush-webp-fallback=\"{&quot;src&quot;:&quot;https:\\\/\\\/pti-as.dk\\\/wp-content\\\/uploads\\\/2024\\\/02\\\/20220331_171724-498x1024.jpg&quot;,&quot;srcset&quot;:&quot;https:\\\/\\\/pti-as.dk\\\/wp-content\\\/uploads\\\/2024\\\/02\\\/20220331_171724-498x1024.jpg 498w, https:\\\/\\\/pti-as.dk\\\/wp-content\\\/uploads\\\/2024\\\/02\\\/20220331_171724-146x300.jpg 146w, https:\\\/\\\/pti-as.dk\\\/wp-content\\\/uploads\\\/2024\\\/02\\\/20220331_171724-768x1580.jpg 768w, https:\\\/\\\/pti-as.dk\\\/wp-content\\\/uploads\\\/2024\\\/02\\\/20220331_171724-747x1536.jpg 747w, https:\\\/\\\/pti-as.dk\\\/wp-content\\\/uploads\\\/2024\\\/02\\\/20220331_171724-996x2048.jpg 996w, https:\\\/\\\/pti-as.dk\\\/wp-content\\\/uploads\\\/2024\\\/02\\\/20220331_171724-1080x2222.jpg 1080w, https:\\\/\\\/pti-as.dk\\\/wp-content\\\/uploads\\\/2024\\\/02\\\/20220331_171724-1280x2633.jpg 1280w, https:\\\/\\\/pti-as.dk\\\/wp-content\\\/uploads\\\/2024\\\/02\\\/20220331_171724-980x2016.jpg 980w, https:\\\/\\\/pti-as.dk\\\/wp-content\\\/uploads\\\/2024\\\/02\\\/20220331_171724-480x987.jpg 480w, https:\\\/\\\/pti-as.dk\\\/wp-content\\\/uploads\\\/2024\\\/02\\\/20220331_171724-scaled.jpg 1400w&quot;}\" \/><\/a>\n\t\t\t<\/dt><\/dl><dl class='gallery-item'>\n\t\t\t<dt class='gallery-icon portrait'>\n\t\t\t\t<a href='https:\/\/pti-as.dk\/wp-content\/smush-webp\/2024\/02\/20220428_152018-scaled.jpg.webp' data-smush-webp-fallback='{&quot;href&quot;:&quot;https:\\\/\\\/pti-as.dk\\\/wp-content\\\/uploads\\\/2024\\\/02\\\/20220428_152018-scaled.jpg&quot;}'><img loading=\"lazy\" decoding=\"async\" width=\"498\" height=\"1024\" src=\"https:\/\/pti-as.dk\/wp-content\/smush-webp\/2024\/02\/20220428_152018-498x1024.jpg.webp\" class=\"attachment-large size-large\" alt=\"\" srcset=\"https:\/\/pti-as.dk\/wp-content\/smush-webp\/2024\/02\/20220428_152018-498x1024.jpg.webp 498w, https:\/\/pti-as.dk\/wp-content\/smush-webp\/2024\/02\/20220428_152018-146x300.jpg.webp 146w, https:\/\/pti-as.dk\/wp-content\/smush-webp\/2024\/02\/20220428_152018-768x1580.jpg.webp 768w, https:\/\/pti-as.dk\/wp-content\/smush-webp\/2024\/02\/20220428_152018-747x1536.jpg.webp 747w, https:\/\/pti-as.dk\/wp-content\/smush-webp\/2024\/02\/20220428_152018-996x2048.jpg.webp 996w, https:\/\/pti-as.dk\/wp-content\/smush-webp\/2024\/02\/20220428_152018-1080x2222.jpg.webp 1080w, https:\/\/pti-as.dk\/wp-content\/smush-webp\/2024\/02\/20220428_152018-1280x2633.jpg.webp 1280w, https:\/\/pti-as.dk\/wp-content\/smush-webp\/2024\/02\/20220428_152018-980x2016.jpg.webp 980w, https:\/\/pti-as.dk\/wp-content\/smush-webp\/2024\/02\/20220428_152018-480x987.jpg.webp 480w, https:\/\/pti-as.dk\/wp-content\/smush-webp\/2024\/02\/20220428_152018-scaled.jpg.webp 1400w\" sizes=\"(max-width: 498px) 100vw, 498px\" data-smush-webp-fallback=\"{&quot;src&quot;:&quot;https:\\\/\\\/pti-as.dk\\\/wp-content\\\/uploads\\\/2024\\\/02\\\/20220428_152018-498x1024.jpg&quot;,&quot;srcset&quot;:&quot;https:\\\/\\\/pti-as.dk\\\/wp-content\\\/uploads\\\/2024\\\/02\\\/20220428_152018-498x1024.jpg 498w, https:\\\/\\\/pti-as.dk\\\/wp-content\\\/uploads\\\/2024\\\/02\\\/20220428_152018-146x300.jpg 146w, https:\\\/\\\/pti-as.dk\\\/wp-content\\\/uploads\\\/2024\\\/02\\\/20220428_152018-768x1580.jpg 768w, https:\\\/\\\/pti-as.dk\\\/wp-content\\\/uploads\\\/2024\\\/02\\\/20220428_152018-747x1536.jpg 747w, https:\\\/\\\/pti-as.dk\\\/wp-content\\\/uploads\\\/2024\\\/02\\\/20220428_152018-996x2048.jpg 996w, https:\\\/\\\/pti-as.dk\\\/wp-content\\\/uploads\\\/2024\\\/02\\\/20220428_152018-1080x2222.jpg 1080w, https:\\\/\\\/pti-as.dk\\\/wp-content\\\/uploads\\\/2024\\\/02\\\/20220428_152018-1280x2633.jpg 1280w, https:\\\/\\\/pti-as.dk\\\/wp-content\\\/uploads\\\/2024\\\/02\\\/20220428_152018-980x2016.jpg 980w, https:\\\/\\\/pti-as.dk\\\/wp-content\\\/uploads\\\/2024\\\/02\\\/20220428_152018-480x987.jpg 480w, https:\\\/\\\/pti-as.dk\\\/wp-content\\\/uploads\\\/2024\\\/02\\\/20220428_152018-scaled.jpg 1400w&quot;}\" \/><\/a>\n\t\t\t<\/dt><\/dl><dl class='gallery-item'>\n\t\t\t<dt class='gallery-icon portrait'>\n\t\t\t\t<a href='https:\/\/pti-as.dk\/wp-content\/smush-webp\/2024\/02\/WPA_2482.jpg.webp' data-smush-webp-fallback='{&quot;href&quot;:&quot;https:\\\/\\\/pti-as.dk\\\/wp-content\\\/uploads\\\/2024\\\/02\\\/WPA_2482.jpg&quot;}'><img loading=\"lazy\" decoding=\"async\" width=\"680\" height=\"1024\" src=\"https:\/\/pti-as.dk\/wp-content\/uploads\/2024\/02\/WPA_2482-680x1024.png\" class=\"attachment-large size-large\" alt=\"\" srcset=\"https:\/\/pti-as.dk\/wp-content\/uploads\/2024\/02\/WPA_2482-680x1024.png 680w, https:\/\/pti-as.dk\/wp-content\/uploads\/2024\/02\/WPA_2482-199x300.png 199w, https:\/\/pti-as.dk\/wp-content\/uploads\/2024\/02\/WPA_2482-768x1156.png 768w, https:\/\/pti-as.dk\/wp-content\/uploads\/2024\/02\/WPA_2482-1020x1536.png 1020w, https:\/\/pti-as.dk\/wp-content\/uploads\/2024\/02\/WPA_2482-1360x2048.png 1360w, https:\/\/pti-as.dk\/wp-content\/uploads\/2024\/02\/WPA_2482-1080x1626.png 1080w, https:\/\/pti-as.dk\/wp-content\/uploads\/2024\/02\/WPA_2482-1280x1927.png 1280w, https:\/\/pti-as.dk\/wp-content\/uploads\/2024\/02\/WPA_2482-980x1476.png 980w, https:\/\/pti-as.dk\/wp-content\/uploads\/2024\/02\/WPA_2482-480x723.png 480w\" sizes=\"(max-width: 680px) 100vw, 680px\" \/><\/a>\n\t\t\t<\/dt><\/dl><br style=\"clear: both\" \/><dl class='gallery-item'>\n\t\t\t<dt class='gallery-icon portrait'>\n\t\t\t\t<a href='https:\/\/pti-as.dk\/wp-content\/smush-webp\/2024\/02\/WPA_2689b-scaled.jpg.webp' data-smush-webp-fallback='{&quot;href&quot;:&quot;https:\\\/\\\/pti-as.dk\\\/wp-content\\\/uploads\\\/2024\\\/02\\\/WPA_2689b-scaled.jpg&quot;}'><img loading=\"lazy\" decoding=\"async\" width=\"683\" height=\"1024\" src=\"https:\/\/pti-as.dk\/wp-content\/smush-webp\/2024\/02\/WPA_2689b-683x1024.jpg.webp\" class=\"attachment-large size-large\" alt=\"\" srcset=\"https:\/\/pti-as.dk\/wp-content\/smush-webp\/2024\/02\/WPA_2689b-683x1024.jpg.webp 683w, https:\/\/pti-as.dk\/wp-content\/smush-webp\/2024\/02\/WPA_2689b-200x300.jpg.webp 200w, https:\/\/pti-as.dk\/wp-content\/smush-webp\/2024\/02\/WPA_2689b-768x1152.jpg.webp 768w, https:\/\/pti-as.dk\/wp-content\/smush-webp\/2024\/02\/WPA_2689b-1024x1536.jpg.webp 1024w, https:\/\/pti-as.dk\/wp-content\/smush-webp\/2024\/02\/WPA_2689b-1365x2048.jpg.webp 1365w, https:\/\/pti-as.dk\/wp-content\/smush-webp\/2024\/02\/WPA_2689b-1080x1620.jpg.webp 1080w, https:\/\/pti-as.dk\/wp-content\/smush-webp\/2024\/02\/WPA_2689b-1280x1920.jpg.webp 1280w, https:\/\/pti-as.dk\/wp-content\/smush-webp\/2024\/02\/WPA_2689b-980x1470.jpg.webp 980w, https:\/\/pti-as.dk\/wp-content\/smush-webp\/2024\/02\/WPA_2689b-480x720.jpg.webp 480w, https:\/\/pti-as.dk\/wp-content\/smush-webp\/2024\/02\/WPA_2689b-scaled.jpg.webp 1920w\" sizes=\"(max-width: 683px) 100vw, 683px\" data-smush-webp-fallback=\"{&quot;src&quot;:&quot;https:\\\/\\\/pti-as.dk\\\/wp-content\\\/uploads\\\/2024\\\/02\\\/WPA_2689b-683x1024.jpg&quot;,&quot;srcset&quot;:&quot;https:\\\/\\\/pti-as.dk\\\/wp-content\\\/uploads\\\/2024\\\/02\\\/WPA_2689b-683x1024.jpg 683w, https:\\\/\\\/pti-as.dk\\\/wp-content\\\/uploads\\\/2024\\\/02\\\/WPA_2689b-200x300.jpg 200w, https:\\\/\\\/pti-as.dk\\\/wp-content\\\/uploads\\\/2024\\\/02\\\/WPA_2689b-768x1152.jpg 768w, https:\\\/\\\/pti-as.dk\\\/wp-content\\\/uploads\\\/2024\\\/02\\\/WPA_2689b-1024x1536.jpg 1024w, https:\\\/\\\/pti-as.dk\\\/wp-content\\\/uploads\\\/2024\\\/02\\\/WPA_2689b-1365x2048.jpg 1365w, https:\\\/\\\/pti-as.dk\\\/wp-content\\\/uploads\\\/2024\\\/02\\\/WPA_2689b-1080x1620.jpg 1080w, https:\\\/\\\/pti-as.dk\\\/wp-content\\\/uploads\\\/2024\\\/02\\\/WPA_2689b-1280x1920.jpg 1280w, https:\\\/\\\/pti-as.dk\\\/wp-content\\\/uploads\\\/2024\\\/02\\\/WPA_2689b-980x1470.jpg 980w, https:\\\/\\\/pti-as.dk\\\/wp-content\\\/uploads\\\/2024\\\/02\\\/WPA_2689b-480x720.jpg 480w, https:\\\/\\\/pti-as.dk\\\/wp-content\\\/uploads\\\/2024\\\/02\\\/WPA_2689b-scaled.jpg 1920w&quot;}\" \/><\/a>\n\t\t\t<\/dt><\/dl><dl class='gallery-item'>\n\t\t\t<dt class='gallery-icon portrait'>\n\t\t\t\t<a href='https:\/\/pti-as.dk\/wp-content\/uploads\/2024\/02\/DSCN2657-copy-Kopi-scaled-1.gif'><img loading=\"lazy\" decoding=\"async\" width=\"768\" height=\"1024\" src=\"https:\/\/pti-as.dk\/wp-content\/uploads\/2024\/02\/DSCN2657-copy-Kopi-scaled-1-768x1024.gif\" class=\"attachment-large size-large\" alt=\"\" \/><\/a>\n\t\t\t<\/dt><\/dl><dl class='gallery-item'>\n\t\t\t<dt class='gallery-icon portrait'>\n\t\t\t\t<a href='https:\/\/pti-as.dk\/wp-content\/uploads\/2024\/02\/DSCN2667-copy-Kopi-scaled-1.gif'><img loading=\"lazy\" decoding=\"async\" width=\"768\" height=\"1024\" src=\"https:\/\/pti-as.dk\/wp-content\/uploads\/2024\/02\/DSCN2667-copy-Kopi-scaled-1-768x1024.gif\" class=\"attachment-large size-large\" alt=\"\" \/><\/a>\n\t\t\t<\/dt><\/dl><br style=\"clear: both\" \/><dl class='gallery-item'>\n\t\t\t<dt class='gallery-icon portrait'>\n\t\t\t\t<a href='https:\/\/pti-as.dk\/wp-content\/smush-webp\/2024\/02\/Blandetank-scaled.jpg.webp' data-smush-webp-fallback='{&quot;href&quot;:&quot;https:\\\/\\\/pti-as.dk\\\/wp-content\\\/uploads\\\/2024\\\/02\\\/Blandetank-scaled.jpg&quot;}'><img loading=\"lazy\" decoding=\"async\" width=\"680\" height=\"1024\" src=\"https:\/\/pti-as.dk\/wp-content\/smush-webp\/2024\/02\/Blandetank-680x1024.jpg.webp\" class=\"attachment-large size-large\" alt=\"\" aria-describedby=\"gallery-1-1545\" srcset=\"https:\/\/pti-as.dk\/wp-content\/smush-webp\/2024\/02\/Blandetank-680x1024.jpg.webp 680w, https:\/\/pti-as.dk\/wp-content\/smush-webp\/2024\/02\/Blandetank-199x300.jpg.webp 199w, https:\/\/pti-as.dk\/wp-content\/smush-webp\/2024\/02\/Blandetank-768x1156.jpg.webp 768w, https:\/\/pti-as.dk\/wp-content\/smush-webp\/2024\/02\/Blandetank-1020x1536.jpg.webp 1020w, https:\/\/pti-as.dk\/wp-content\/smush-webp\/2024\/02\/Blandetank-1360x2048.jpg.webp 1360w, https:\/\/pti-as.dk\/wp-content\/smush-webp\/2024\/02\/Blandetank-1080x1626.jpg.webp 1080w, https:\/\/pti-as.dk\/wp-content\/smush-webp\/2024\/02\/Blandetank-1280x1927.jpg.webp 1280w, https:\/\/pti-as.dk\/wp-content\/smush-webp\/2024\/02\/Blandetank-980x1475.jpg.webp 980w, https:\/\/pti-as.dk\/wp-content\/smush-webp\/2024\/02\/Blandetank-480x723.jpg.webp 480w, https:\/\/pti-as.dk\/wp-content\/smush-webp\/2024\/02\/Blandetank-scaled.jpg.webp 1913w\" sizes=\"(max-width: 680px) 100vw, 680px\" data-smush-webp-fallback=\"{&quot;src&quot;:&quot;https:\\\/\\\/pti-as.dk\\\/wp-content\\\/uploads\\\/2024\\\/02\\\/Blandetank-680x1024.jpg&quot;,&quot;srcset&quot;:&quot;https:\\\/\\\/pti-as.dk\\\/wp-content\\\/uploads\\\/2024\\\/02\\\/Blandetank-680x1024.jpg 680w, https:\\\/\\\/pti-as.dk\\\/wp-content\\\/uploads\\\/2024\\\/02\\\/Blandetank-199x300.jpg 199w, https:\\\/\\\/pti-as.dk\\\/wp-content\\\/uploads\\\/2024\\\/02\\\/Blandetank-768x1156.jpg 768w, https:\\\/\\\/pti-as.dk\\\/wp-content\\\/uploads\\\/2024\\\/02\\\/Blandetank-1020x1536.jpg 1020w, https:\\\/\\\/pti-as.dk\\\/wp-content\\\/uploads\\\/2024\\\/02\\\/Blandetank-1360x2048.jpg 1360w, https:\\\/\\\/pti-as.dk\\\/wp-content\\\/uploads\\\/2024\\\/02\\\/Blandetank-1080x1626.jpg 1080w, https:\\\/\\\/pti-as.dk\\\/wp-content\\\/uploads\\\/2024\\\/02\\\/Blandetank-1280x1927.jpg 1280w, https:\\\/\\\/pti-as.dk\\\/wp-content\\\/uploads\\\/2024\\\/02\\\/Blandetank-980x1475.jpg 980w, https:\\\/\\\/pti-as.dk\\\/wp-content\\\/uploads\\\/2024\\\/02\\\/Blandetank-480x723.jpg 480w, https:\\\/\\\/pti-as.dk\\\/wp-content\\\/uploads\\\/2024\\\/02\\\/Blandetank-scaled.jpg 1913w&quot;}\" \/><\/a>\n\t\t\t<\/dt>\n\t\t\t\t<dd class='wp-caption-text gallery-caption' id='gallery-1-1545'>\n\t\t\t\tProcestank\n\t\t\t\t<\/dd><\/dl>\n\t\t\t<br style='clear: both' \/>\n\t\t<\/div>\n\n","protected":false},"excerpt":{"rendered":"<p>Tanks und Mischer PTI A\/S stellt Tanks und Mischer aus Edelstahl f\u00fcr kleine und gro\u00dfe Unternehmen im ganzen Land her. Wir produzieren Beh\u00e4lter f\u00fcr die Verwendung in der Lebensmittelindustrie und f\u00fcr andere industrielle Zwecke. \u200b. Wenn Sie spezielle W\u00fcnsche und Anforderungen an einen Beh\u00e4lter oder Edelstahltank haben, k\u00f6nnen unsere erfahrenen und qualifizierten Mitarbeiter die Aufgabe [&hellip;]<\/p>\n","protected":false},"author":6,"featured_media":1545,"parent":1628,"menu_order":0,"comment_status":"closed","ping_status":"closed","template":"","meta":{"_et_pb_use_builder":"","_et_pb_old_content":"","_et_gb_content_width":"","footnotes":""},"class_list":["post-1699","page","type-page","status-publish","has-post-thumbnail","hentry"],"_links":{"self":[{"href":"https:\/\/pti-as.dk\/de\/wp-json\/wp\/v2\/pages\/1699","targetHints":{"allow":["GET"]}}],"collection":[{"href":"https:\/\/pti-as.dk\/de\/wp-json\/wp\/v2\/pages"}],"about":[{"href":"https:\/\/pti-as.dk\/de\/wp-json\/wp\/v2\/types\/page"}],"author":[{"embeddable":true,"href":"https:\/\/pti-as.dk\/de\/wp-json\/wp\/v2\/users\/6"}],"replies":[{"embeddable":true,"href":"https:\/\/pti-as.dk\/de\/wp-json\/wp\/v2\/comments?post=1699"}],"version-history":[{"count":0,"href":"https:\/\/pti-as.dk\/de\/wp-json\/wp\/v2\/pages\/1699\/revisions"}],"up":[{"embeddable":true,"href":"https:\/\/pti-as.dk\/de\/wp-json\/wp\/v2\/pages\/1628"}],"wp:featuredmedia":[{"embeddable":true,"href":"https:\/\/pti-as.dk\/de\/wp-json\/wp\/v2\/media\/1545"}],"wp:attachment":[{"href":"https:\/\/pti-as.dk\/de\/wp-json\/wp\/v2\/media?parent=1699"}],"curies":[{"name":"wp","href":"https:\/\/api.w.org\/{rel}","templated":true}]}}