{"id":1703,"date":"2023-12-06T09:19:31","date_gmt":"2023-12-06T07:19:31","guid":{"rendered":"https:\/\/pti.qki.dk\/produkter\/transportbaand\/"},"modified":"2024-03-25T00:23:08","modified_gmt":"2024-03-24T22:23:08","slug":"transportbaand","status":"publish","type":"page","link":"https:\/\/pti-as.dk\/de\/produkter\/transportbaand\/","title":{"rendered":"F\u00f6rderb\u00e4nder"},"content":{"rendered":"<h1>Transportanlagen<\/h1>\n<p>Ben\u00f6tigen Sie ein Transportanlagen, das genau auf Ihre Bed\u00fcrfnisse zugeschnitten ist? Dann sind Sie bei PTI A\/S genau richtig. Wir bei <a title=\"Erfahren Sie hier mehr \u00fcber unser Unternehmen\" href=\"https:\/\/www.pti-as.dk\/\" target=\"_self\" rel=\"noopener\">PTI A\/S<\/a> stellen und vertreiben eine Reihe verschiedener F\u00f6rderb\u00e4nder her, die f\u00fcr den Einsatz in der Lebensmittelindustrie konzipiert sind. Wir bieten eine schnelle Lieferung f\u00fcr Kunden in ganz D\u00e4nemark.<\/p>\n<p>Wir sind ein lokales Unternehmen in Tarm, das sowohl Prozessl\u00f6sungen als auch mechanische L\u00f6sungen f\u00fcr verschiedene Gesch\u00e4ftskunden entwickelt und herstellt. Dank unserer umfangreichen Erfahrung in der Branche sind wir in der Lage, Transportanlagen herzustellen, die genau Ihren W\u00fcnschen und Bed\u00fcrfnissen entsprechen. Dies kann beispielsweise der Transport von fl\u00fcssigen oder festen Produkten sein. Bei uns k\u00f6nnen Sie die folgenden Bandtypen herstellen lassen:<\/p>\n<div class=\"subpages-container\">        <div class=\"subpage\">\n            <a href=\"https:\/\/pti-as.dk\/de\/produkter\/transportbaand\/mudul-kurvebaand\/\">\n                                    <div class=\"thumbnail\"><img loading=\"lazy\" decoding=\"async\" width=\"1600\" height=\"1200\" src=\"https:\/\/pti-as.dk\/wp-content\/uploads\/2024\/01\/Modul_01-Kopi.gif\" class=\"attachment-post-thumbnail size-post-thumbnail wp-post-image\" alt=\"\" \/><\/div>\n                                <h3 class=\"subpage-title\">Modulkurvenband<\/h3>\n            <\/a>\n        <\/div>\n                <div class=\"subpage\">\n            <a href=\"https:\/\/pti-as.dk\/de\/produkter\/transportbaand\/mudulbaand\/\">\n                                    <div class=\"thumbnail\"><img loading=\"lazy\" decoding=\"async\" width=\"2560\" height=\"1707\" src=\"https:\/\/pti-as.dk\/wp-content\/uploads\/2024\/01\/IMG_3623-scaled.jpg\" class=\"attachment-post-thumbnail size-post-thumbnail wp-post-image\" alt=\"\" srcset=\"https:\/\/pti-as.dk\/wp-content\/uploads\/2024\/01\/IMG_3623-scaled.jpg 2560w, https:\/\/pti-as.dk\/wp-content\/smush-webp\/2024\/01\/IMG_3623-1280x854.jpg.webp 1280w, https:\/\/pti-as.dk\/wp-content\/smush-webp\/2024\/01\/IMG_3623-980x653.jpg.webp 980w, https:\/\/pti-as.dk\/wp-content\/smush-webp\/2024\/01\/IMG_3623-480x320.jpg.webp 480w\" sizes=\"(min-width: 0px) and (max-width: 480px) 480px, (min-width: 481px) and (max-width: 980px) 980px, (min-width: 981px) and (max-width: 1280px) 1280px, (min-width: 1281px) 2560px, 100vw\" data-smush-webp-fallback=\"{&quot;srcset&quot;:&quot;https:\\\/\\\/pti-as.dk\\\/wp-content\\\/uploads\\\/2024\\\/01\\\/IMG_3623-scaled.jpg 2560w, https:\\\/\\\/pti-as.dk\\\/wp-content\\\/uploads\\\/2024\\\/01\\\/IMG_3623-1280x854.jpg 1280w, https:\\\/\\\/pti-as.dk\\\/wp-content\\\/uploads\\\/2024\\\/01\\\/IMG_3623-980x653.jpg 980w, https:\\\/\\\/pti-as.dk\\\/wp-content\\\/uploads\\\/2024\\\/01\\\/IMG_3623-480x320.jpg 480w&quot;}\" \/><\/div>\n                                <h3 class=\"subpage-title\">Modulband<\/h3>\n            <\/a>\n        <\/div>\n                <div class=\"subpage\">\n            <a href=\"https:\/\/pti-as.dk\/de\/produkter\/transportbaand\/pu-baand\/\">\n                                    <div class=\"thumbnail\"><img loading=\"lazy\" decoding=\"async\" width=\"2560\" height=\"1920\" src=\"https:\/\/pti-as.dk\/wp-content\/uploads\/2024\/01\/DSCN2199-copy-Kopi-scaled.gif\" class=\"attachment-post-thumbnail size-post-thumbnail wp-post-image\" alt=\"\" \/><\/div>\n                                <h3 class=\"subpage-title\">PU-band<\/h3>\n            <\/a>\n        <\/div>\n                <div class=\"subpage\">\n            <a href=\"https:\/\/pti-as.dk\/de\/produkter\/transportbaand\/z-baand\/\">\n                                    <div class=\"thumbnail\"><img loading=\"lazy\" decoding=\"async\" width=\"1200\" height=\"1600\" src=\"https:\/\/pti-as.dk\/wp-content\/uploads\/2024\/01\/Z_B_02.gif\" class=\"attachment-post-thumbnail size-post-thumbnail wp-post-image\" alt=\"\" \/><\/div>\n                                <h3 class=\"subpage-title\">Z - b\u00e5nd<\/h3>\n            <\/a>\n        <\/div>\n        <\/div>\n<h2>Finden Sie die Transportanlage, die am besten zu Ihren Bed\u00fcrfnissen passt<\/h2>\n<p>Wenn Sie ein Unternehmen sind, das nach einer Transportanlage f\u00fcr eine spezielle Art von Produkten sucht, helfen wir Ihnen gerne, eine Anlage zu entwickeln, die Ihren Anforderungen entspricht. Wir k\u00f6nnen beispielsweise ein Modulband aus Kunststoffmodulen herstellen. F\u00fcr diesen Bandtyp gibt es viele Auswahlm\u00f6glichkeiten f\u00fcr Bel\u00e4ge, Noppen und Mitnehmer, abh\u00e4ngig von der jeweiligen Aufgabe. Ein Modulband ist robust und hat eine lange Lebensdauer, was es ideal f\u00fcr den Transport aller Arten von Verpackungen und Produkten macht.<\/p>\n<p>Dar\u00fcber hinaus bieten wir PTI-Bandl\u00f6sungen mit Drahtb\u00e4ndern an. Diese B\u00e4nder sind wartungsfrei und haben eine offene Struktur, was sie f\u00fcr viele verschiedene Aufgaben mit leichten Produkten geeignet macht. Sie k\u00f6nnen beispielsweise f\u00fcr K\u00fchlung, Braten und Trocknen verwendet werden. Ein PU-Band sollten Sie w\u00e4hlen, wenn Sie ein F\u00f6rderband mit langer Lebensdauer suchen, das gegen Fett, \u00d6l und viele Chemikalien best\u00e4ndig ist. Die Produkte auf diesem Band k\u00f6nnen sowohl mit als auch ohne Verpackung transportiert werden.<\/p>\n","protected":false},"excerpt":{"rendered":"<p>Transportanlagen Ben\u00f6tigen Sie ein Transportanlagen, das genau auf Ihre Bed\u00fcrfnisse zugeschnitten ist? Dann sind Sie bei PTI A\/S genau richtig. Wir bei PTI A\/S stellen und vertreiben eine Reihe verschiedener F\u00f6rderb\u00e4nder her, die f\u00fcr den Einsatz in der Lebensmittelindustrie konzipiert sind. Wir bieten eine schnelle Lieferung f\u00fcr Kunden in ganz D\u00e4nemark. Wir sind ein lokales [&hellip;]<\/p>\n","protected":false},"author":6,"featured_media":1251,"parent":1628,"menu_order":0,"comment_status":"closed","ping_status":"closed","template":"","meta":{"_et_pb_use_builder":"","_et_pb_old_content":"","_et_gb_content_width":"","footnotes":""},"class_list":["post-1703","page","type-page","status-publish","has-post-thumbnail","hentry"],"_links":{"self":[{"href":"https:\/\/pti-as.dk\/de\/wp-json\/wp\/v2\/pages\/1703","targetHints":{"allow":["GET"]}}],"collection":[{"href":"https:\/\/pti-as.dk\/de\/wp-json\/wp\/v2\/pages"}],"about":[{"href":"https:\/\/pti-as.dk\/de\/wp-json\/wp\/v2\/types\/page"}],"author":[{"embeddable":true,"href":"https:\/\/pti-as.dk\/de\/wp-json\/wp\/v2\/users\/6"}],"replies":[{"embeddable":true,"href":"https:\/\/pti-as.dk\/de\/wp-json\/wp\/v2\/comments?post=1703"}],"version-history":[{"count":0,"href":"https:\/\/pti-as.dk\/de\/wp-json\/wp\/v2\/pages\/1703\/revisions"}],"up":[{"embeddable":true,"href":"https:\/\/pti-as.dk\/de\/wp-json\/wp\/v2\/pages\/1628"}],"wp:featuredmedia":[{"embeddable":true,"href":"https:\/\/pti-as.dk\/de\/wp-json\/wp\/v2\/media\/1251"}],"wp:attachment":[{"href":"https:\/\/pti-as.dk\/de\/wp-json\/wp\/v2\/media?parent=1703"}],"curies":[{"name":"wp","href":"https:\/\/api.w.org\/{rel}","templated":true}]}}