{"id":1711,"date":"2024-01-02T14:49:37","date_gmt":"2024-01-02T12:49:37","guid":{"rendered":"https:\/\/pti.qki.dk\/produkter\/transportbaand\/mudul-kurvebaand\/"},"modified":"2024-03-25T12:30:47","modified_gmt":"2024-03-25T10:30:47","slug":"mudul-kurvebaand","status":"publish","type":"page","link":"https:\/\/pti-as.dk\/de\/produkter\/transportbaand\/mudul-kurvebaand\/","title":{"rendered":"Modulkurvenband"},"content":{"rendered":"<h1>PTI &#8211; Kurvenmodul-F\u00f6rderband<\/h1>\n<h3><strong>Anwendung:<\/strong><\/h3>\n<p>Modulb\u00e4nder werden aus Kunststoffmodulen zu einem Gesamtband zusammengesetzt. Das bietet extrem gro\u00dfe Flexibilit\u00e4t hinsichtlich der Auswahl von Modulen f\u00fcr gerade B\u00e4nder, Kurvenb\u00e4nder, Z-B\u00e4nder, Elevatoren usw. Dar\u00fcber hinaus gibt es eine Vielzahl von Optionen f\u00fcr Bel\u00e4ge, Noppen und Mitnehmer, die f\u00fcr die jeweilige Aufgabe ausgew\u00e4hlt werden.<\/p>\n<p>Modulb\u00e4nder k\u00f6nnen f\u00fcr den Transport aller Arten von Produkten und Verpackungen verwendet werden.<\/p>\n<p>Die F\u00f6rderb\u00e4nder werden nach Ma\u00df gefertigt, um sie in Prozesslinien, flexibel oder in geraden Verl\u00e4ufen zu integrieren.<\/p>\n<p>Modulb\u00e4nder sind robust und langlebig.<\/p>\n<p><img loading=\"lazy\" decoding=\"async\" class=\"alignnone size-large wp-image-569\" src=\"https:\/\/pti-as.dk\/wp-content\/smush-webp\/2024\/01\/20220215_132409-1024x498.jpg.webp\" alt=\"\" width=\"1024\" height=\"498\" srcset=\"https:\/\/pti-as.dk\/wp-content\/smush-webp\/2024\/01\/20220215_132409-1024x498.jpg.webp 1024w, https:\/\/pti-as.dk\/wp-content\/smush-webp\/2024\/01\/20220215_132409-300x146.jpg.webp 300w, https:\/\/pti-as.dk\/wp-content\/smush-webp\/2024\/01\/20220215_132409-768x373.jpg.webp 768w, https:\/\/pti-as.dk\/wp-content\/smush-webp\/2024\/01\/20220215_132409-1536x747.jpg.webp 1536w, https:\/\/pti-as.dk\/wp-content\/smush-webp\/2024\/01\/20220215_132409-2048x996.jpg.webp 2048w, https:\/\/pti-as.dk\/wp-content\/smush-webp\/2024\/01\/20220215_132409-1080x525.jpg.webp 1080w, https:\/\/pti-as.dk\/wp-content\/smush-webp\/2024\/01\/20220215_132409-1280x622.jpg.webp 1280w, https:\/\/pti-as.dk\/wp-content\/smush-webp\/2024\/01\/20220215_132409-980x476.jpg.webp 980w, https:\/\/pti-as.dk\/wp-content\/smush-webp\/2024\/01\/20220215_132409-480x233.jpg.webp 480w\" sizes=\"(max-width: 1024px) 100vw, 1024px\" data-smush-webp-fallback=\"{&quot;src&quot;:&quot;https:\\\/\\\/pti-as.dk\\\/wp-content\\\/uploads\\\/2024\\\/01\\\/20220215_132409-1024x498.jpg&quot;,&quot;srcset&quot;:&quot;https:\\\/\\\/pti-as.dk\\\/wp-content\\\/uploads\\\/2024\\\/01\\\/20220215_132409-1024x498.jpg 1024w, https:\\\/\\\/pti-as.dk\\\/wp-content\\\/uploads\\\/2024\\\/01\\\/20220215_132409-300x146.jpg 300w, https:\\\/\\\/pti-as.dk\\\/wp-content\\\/uploads\\\/2024\\\/01\\\/20220215_132409-768x373.jpg 768w, https:\\\/\\\/pti-as.dk\\\/wp-content\\\/uploads\\\/2024\\\/01\\\/20220215_132409-1536x747.jpg 1536w, https:\\\/\\\/pti-as.dk\\\/wp-content\\\/uploads\\\/2024\\\/01\\\/20220215_132409-2048x996.jpg 2048w, https:\\\/\\\/pti-as.dk\\\/wp-content\\\/uploads\\\/2024\\\/01\\\/20220215_132409-1080x525.jpg 1080w, https:\\\/\\\/pti-as.dk\\\/wp-content\\\/uploads\\\/2024\\\/01\\\/20220215_132409-1280x622.jpg 1280w, https:\\\/\\\/pti-as.dk\\\/wp-content\\\/uploads\\\/2024\\\/01\\\/20220215_132409-980x476.jpg 980w, https:\\\/\\\/pti-as.dk\\\/wp-content\\\/uploads\\\/2024\\\/01\\\/20220215_132409-480x233.jpg 480w&quot;}\" \/><\/p>\n<p>Die Gestelle f\u00fcr PTIs Modultransportb\u00e4nder haben ein einzigartiges Design mit optimaler Hygiene und sind sehr reinigungsfreundlich.<br \/>\nDas F\u00f6rderband wird typischerweise aus Stahlwangen konstruiert, die mit POM-F\u00fchrungsschienen f\u00fcr Vor- und R\u00fccklauf montiert sind.<br \/>\nPTI entwirft Modultransportb\u00e4nder basierend auf Modulen von anerkannten Herstellern wie z.B. Uni Chains\/Ammerraal Beltech, Intralox, Habasit und mehr.<\/p>\n<ul>\n<li>Transport von leichten und mittelschweren Produkten.<\/li>\n<li>Transport von verpackten und unverpackten Produkten.<\/li>\n<\/ul>\n<h3>Eigenschaften:<\/h3>\n<ul>\n<li>Das F\u00f6rderband hat ein einzigartiges Design mit optimaler Hygiene und ist daher sehr reinigungsfreundlich.<\/li>\n<\/ul>\n<ul>\n<li>Zugelassen f\u00fcr den Lebensmittelkontakt mit FDA\/USDA-Zertifizierungen.<\/li>\n<\/ul>\n<ul>\n<li>Materialien, die in Kontakt mit Lebensmitteln kommen, entsprechen der Verordnung 1935\/2004 und 2023\/2006 sowie der Verordnung 10\/2011 f\u00fcr Kunststoffe.<\/li>\n<\/ul>\n<ul>\n<li>Konstruktiv hergestellt gem\u00e4\u00df Hygienischem Design (DS\/EN 1672-2 + A1:2009).<\/li>\n<\/ul>\n<ul>\n<li>Die Bandtyp wird individuell von Aufgabe zu Aufgabe gew\u00e4hlt.<\/li>\n<\/ul>\n<ul>\n<li>Es k\u00f6nnen F\u00f6rderb\u00e4nder innerhalb der folgenden Spezifikationen geliefert werden.<\/li>\n<\/ul>\n<p>&nbsp;<\/p>\n<table style=\"width: 100%; height: 736px;\" width=\"100%\">\n<tbody>\n<tr style=\"height: 51px;\">\n<td style=\"width: 40%; height: 51px;\">\n<div class=\"column step-7-12\">\n<div id=\"site-container-15955\" class=\"Container ModuleElement Textarea AutoResizable con-212 \" data-snap=\"1\" data-containertype=\"Textarea\" data-moduleelement=\"6627\">\n<div class=\"Module-6627 Textarea\">\n<p><strong>Technische Daten (Beispiel):<\/strong><\/p>\n<\/div>\n<\/div>\n<\/div>\n<\/td>\n<td style=\"width: 60%; height: 51px;\">\n<div class=\"column step-7-12\">\n<div id=\"site-container-15955\" class=\"Container ModuleElement Textarea AutoResizable con-212 \" data-snap=\"1\" data-containertype=\"Textarea\" data-moduleelement=\"6627\">\n<div class=\"Module-6627 Textarea\">\n<p><strong> <\/strong><\/p>\n<\/div>\n<\/div>\n<\/div>\n<\/td>\n<\/tr>\n<tr style=\"height: 75px;\">\n<td style=\"width: 40%; height: 75px;\"><strong>Bandbreite:<\/strong><\/td>\n<td style=\"width: 60%; height: 75px;\">\n<div class=\"column step-7-12 step-8-9\">\n<div id=\"site-container-15958\" class=\"Container Placeholder con-208 \" data-snap=\"1\">\n<div class=\"row\">\n<div class=\"column step-7-12\">\n<div id=\"site-container-15959\" class=\"Container ModuleElement Textarea con-210 \" data-snap=\"1\" data-containertype=\"Textarea\" data-moduleelement=\"6629\">\n<div class=\"Module-6629 Textarea\">\n<p>Von 209 mm \u2013 1.088 mm Innenradius: Von 343 mm \u2013 2.143 mm Au\u00dfenradius: Von 1.104 mm \u2013 6.462 mm Bandh\u00f6he: Von 550 \u2013 1.000 mm, justierbar +\/- 50 mm Wendeachse: Achseldurchmesser \u00d820 mm, Wendehjul POM Antrieb: Trommelmotor, Antriebsrad POM Bandgeschwindigkeit: Von 0,63 &#8211; 25 m \/ min. F\u00f6rderband: Modulband &#8211; kurvenabh\u00e4ngig Bandgestell: Rostfreier Stahl AISI 304 Beinstativ: Rostfreier Stahl AISI 304, h\u00f6henverstellbar +\/- 50 mm Bandunterst\u00fctzung: Gleitprofil aus Kunststoff<\/p>\n<\/div>\n<\/div>\n<\/div>\n<\/div>\n<\/div>\n<\/div>\n<\/td>\n<\/tr>\n<tr style=\"height: 75px;\">\n<td style=\"width: 40%; height: 75px;\"><strong>Innen<br \/>\nradius:<br \/>\n<\/strong><\/td>\n<td style=\"width: 60%; height: 75px;\">\n<div class=\"column step-7-12 step-8-9\">\n<div id=\"site-container-15962\" class=\"Container Placeholder AutoResizable con-208 \" data-snap=\"1\">\n<div class=\"row\">\n<div class=\"column step-7-12\">\n<div id=\"site-container-15963\" class=\"Container ModuleElement Textarea AutoResizable con-210 \" data-snap=\"1\" data-containertype=\"Textarea\" data-moduleelement=\"6631\">\n<div class=\"Module-6631 Textarea\">\n<p>Von 343 mm \u2013 2.143 mm<\/p>\n<\/div>\n<\/div>\n<\/div>\n<\/div>\n<\/div>\n<\/div>\n<\/td>\n<\/tr>\n<tr style=\"height: 75px;\">\n<td style=\"width: 40%; height: 75px;\"><strong>Au\u00dfen<br \/>\nradius:<\/strong><\/td>\n<td style=\"width: 60%; height: 75px;\">\n<div class=\"column step-7-12 step-8-9\">\n<div id=\"site-container-15966\" class=\"Container Placeholder AutoResizable con-208 \" data-snap=\"1\">\n<div class=\"row\">\n<div class=\"column step-7-12\">\n<div id=\"site-container-15967\" class=\"Container ModuleElement Textarea AutoResizable con-210 \" data-snap=\"1\" data-containertype=\"Textarea\" data-moduleelement=\"6633\">\n<div class=\"Module-6633 Textarea\">\n<p>Von 1.104 mm \u2013 6.462 mm<\/p>\n<\/div>\n<\/div>\n<\/div>\n<\/div>\n<\/div>\n<\/div>\n<\/td>\n<\/tr>\n<tr style=\"height: 123px;\">\n<td style=\"width: 40%; height: 123px;\"><strong>Bandh\u00f6he:<\/strong><\/td>\n<td style=\"width: 60%; height: 123px;\">\n<div class=\"column step-7-12 step-8-9\">\n<div id=\"site-container-15970\" class=\"Container Placeholder AutoResizable con-208 \" data-snap=\"1\">\n<div class=\"row\">\n<div class=\"column step-7-12\">\n<div id=\"site-container-15971\" class=\"Container ModuleElement Textarea AutoResizable con-210 \" data-snap=\"1\" data-containertype=\"Textarea\" data-moduleelement=\"6635\">\n<div class=\"Module-6635 Textarea\">\n<p>Von 550 \u2013 1.000 mm, justierbar +\/- 50 mm<\/p>\n<\/div>\n<\/div>\n<\/div>\n<\/div>\n<\/div>\n<\/div>\n<\/td>\n<\/tr>\n<tr style=\"height: 147px;\">\n<td style=\"width: 40%; height: 147px;\"><strong>Wendeachse:<\/strong><\/td>\n<td style=\"width: 60%; height: 147px;\">\n<div class=\"column step-7-12 step-8-9\">\n<div id=\"site-container-15974\" class=\"Container Placeholder AutoResizable con-208 \" data-snap=\"1\">\n<div class=\"row\">\n<div class=\"column step-7-12\">\n<div id=\"site-container-15975\" class=\"Container ModuleElement Textarea AutoResizable con-210 \" data-snap=\"1\" data-containertype=\"Textarea\" data-moduleelement=\"6637\">\n<div class=\"Module-6637 Textarea\">\n<p>Achseldurchmesser \u00d820 mm, Wendehjul POM<\/p>\n<\/div>\n<\/div>\n<\/div>\n<\/div>\n<\/div>\n<\/div>\n<\/td>\n<\/tr>\n<tr style=\"height: 75px;\">\n<td style=\"width: 40%; height: 75px;\"><strong>Antrieb:<\/strong><\/td>\n<td style=\"width: 60%; height: 75px;\">\n<div class=\"column step-7-12 step-8-9\">\n<div id=\"site-container-15978\" class=\"Container Placeholder AutoResizable con-208 \" data-snap=\"1\">\n<div class=\"row\">\n<div class=\"column step-7-12\">\n<div id=\"site-container-15979\" class=\"Container ModuleElement Textarea AutoResizable con-210 \" data-snap=\"1\" data-containertype=\"Textarea\" data-moduleelement=\"6639\">\n<div class=\"Module-6639 Textarea\">\n<p>Trommelmotor, Antriebsrad POM<\/p>\n<\/div>\n<\/div>\n<\/div>\n<\/div>\n<\/div>\n<\/div>\n<\/td>\n<\/tr>\n<tr style=\"height: 23px;\">\n<td style=\"width: 40%; height: 23px;\"><strong>Bandgeschwindigkeit:<\/strong><\/td>\n<td style=\"width: 60%; height: 23px;\">\n<div class=\"column step-7-12 step-8-9\">\n<div id=\"site-container-15982\" class=\"Container Placeholder AutoResizable con-208 \" data-snap=\"1\">\n<div class=\"row\">\n<div class=\"column step-7-12\">\n<div id=\"site-container-15983\" class=\"Container ModuleElement Textarea AutoResizable con-210 \" data-snap=\"1\" data-containertype=\"Textarea\" data-moduleelement=\"6641\">\n<div class=\"Module-6641 Textarea\">\n<p>Von 0,63 &#8211; 25 m \/ min.<\/p>\n<\/div>\n<\/div>\n<\/div>\n<\/div>\n<\/div>\n<\/div>\n<\/td>\n<\/tr>\n<tr style=\"height: 23px;\">\n<td style=\"width: 40%; height: 23px;\"><strong>F\u00f6rderband:<\/strong><\/td>\n<td style=\"width: 60%; height: 23px;\">\n<div class=\"column step-7-12 step-8-9\">\n<div id=\"site-container-15986\" class=\"Container Placeholder AutoResizable con-208 \" data-snap=\"1\">\n<div class=\"row\">\n<div class=\"column step-7-12\">\n<div id=\"site-container-15987\" class=\"Container ModuleElement Textarea AutoResizable con-210 \" data-snap=\"1\" data-containertype=\"Textarea\" data-moduleelement=\"6643\">\n<div class=\"Module-6643 Textarea\">\n<p>Modulband &#8211; kurvenabh\u00e4ngig<\/p>\n<\/div>\n<\/div>\n<\/div>\n<\/div>\n<\/div>\n<\/div>\n<\/td>\n<\/tr>\n<tr style=\"height: 23px;\">\n<td style=\"width: 40%; height: 23px;\"><strong>Bandgestell:<\/strong><\/td>\n<td style=\"width: 60%; height: 23px;\">\n<div class=\"column step-7-12 step-8-9\">\n<div id=\"site-container-15990\" class=\"Container Placeholder AutoResizable con-208 \" data-snap=\"1\">\n<div class=\"row\">\n<div class=\"column step-7-12\">\n<div id=\"site-container-15991\" class=\"Container ModuleElement Textarea AutoResizable con-210 \" data-snap=\"1\" data-containertype=\"Textarea\" data-moduleelement=\"6645\">\n<div class=\"Module-6645 Textarea\">\n<p>Rostfreier Stahl AISI 304<\/p>\n<\/div>\n<\/div>\n<\/div>\n<\/div>\n<\/div>\n<\/div>\n<\/td>\n<\/tr>\n<tr style=\"height: 23px;\">\n<td style=\"width: 40%; height: 23px;\"><strong>Beinstativ:<\/strong><\/td>\n<td style=\"width: 60%; height: 23px;\">\n<div class=\"column step-7-12 step-8-9\">\n<div id=\"site-container-15994\" class=\"Container Placeholder AutoResizable con-208 \" data-snap=\"1\">\n<div class=\"row\">\n<div class=\"column step-7-12\">\n<div id=\"site-container-15995\" class=\"Container ModuleElement Textarea AutoResizable con-210 \" data-snap=\"1\" data-containertype=\"Textarea\" data-moduleelement=\"6647\">\n<div class=\"Module-6647 Textarea\">\n<p>Rostfreier Stahl AISI 304, h\u00f6henverstellbar +\/- 50 mm<\/p>\n<\/div>\n<\/div>\n<\/div>\n<\/div>\n<\/div>\n<\/div>\n<\/td>\n<\/tr>\n<tr style=\"height: 23px;\">\n<td style=\"width: 40%; height: 23px;\"><strong>Bandunterst\u00fctzung:<\/strong><\/td>\n<td style=\"width: 60%; height: 23px;\">Gleitprofil aus Kunststoff<\/td>\n<\/tr>\n<\/tbody>\n<\/table>\n","protected":false},"excerpt":{"rendered":"<p>PTI &#8211; Kurvenmodul-F\u00f6rderband Anwendung: Modulb\u00e4nder werden aus Kunststoffmodulen zu einem Gesamtband zusammengesetzt. Das bietet extrem gro\u00dfe Flexibilit\u00e4t hinsichtlich der Auswahl von Modulen f\u00fcr gerade B\u00e4nder, Kurvenb\u00e4nder, Z-B\u00e4nder, Elevatoren usw. Dar\u00fcber hinaus gibt es eine Vielzahl von Optionen f\u00fcr Bel\u00e4ge, Noppen und Mitnehmer, die f\u00fcr die jeweilige Aufgabe ausgew\u00e4hlt werden. Modulb\u00e4nder k\u00f6nnen f\u00fcr den Transport aller [&hellip;]<\/p>\n","protected":false},"author":6,"featured_media":1249,"parent":1703,"menu_order":0,"comment_status":"closed","ping_status":"closed","template":"","meta":{"_et_pb_use_builder":"","_et_pb_old_content":"","_et_gb_content_width":"","footnotes":""},"class_list":["post-1711","page","type-page","status-publish","has-post-thumbnail","hentry"],"_links":{"self":[{"href":"https:\/\/pti-as.dk\/de\/wp-json\/wp\/v2\/pages\/1711","targetHints":{"allow":["GET"]}}],"collection":[{"href":"https:\/\/pti-as.dk\/de\/wp-json\/wp\/v2\/pages"}],"about":[{"href":"https:\/\/pti-as.dk\/de\/wp-json\/wp\/v2\/types\/page"}],"author":[{"embeddable":true,"href":"https:\/\/pti-as.dk\/de\/wp-json\/wp\/v2\/users\/6"}],"replies":[{"embeddable":true,"href":"https:\/\/pti-as.dk\/de\/wp-json\/wp\/v2\/comments?post=1711"}],"version-history":[{"count":0,"href":"https:\/\/pti-as.dk\/de\/wp-json\/wp\/v2\/pages\/1711\/revisions"}],"up":[{"embeddable":true,"href":"https:\/\/pti-as.dk\/de\/wp-json\/wp\/v2\/pages\/1703"}],"wp:featuredmedia":[{"embeddable":true,"href":"https:\/\/pti-as.dk\/de\/wp-json\/wp\/v2\/media\/1249"}],"wp:attachment":[{"href":"https:\/\/pti-as.dk\/de\/wp-json\/wp\/v2\/media?parent=1711"}],"curies":[{"name":"wp","href":"https:\/\/api.w.org\/{rel}","templated":true}]}}