{"id":1715,"date":"2024-01-02T15:09:12","date_gmt":"2024-01-02T13:09:12","guid":{"rendered":"https:\/\/pti.qki.dk\/produkter\/transportbaand\/mudulbaand\/"},"modified":"2024-03-25T12:45:17","modified_gmt":"2024-03-25T10:45:17","slug":"mudulbaand","status":"publish","type":"page","link":"https:\/\/pti-as.dk\/de\/produkter\/transportbaand\/mudulbaand\/","title":{"rendered":"Modulband"},"content":{"rendered":"<h1>PTI &#8211; Modulband<\/h1>\n<h3><strong>Anwendung:<\/strong><\/h3>\n<p>Modulb\u00e4nder bestehen aus Kunststoffmodulen, die zu einem Gesamtband zusammengesetzt werden. Das bietet extrem gro\u00dfe Flexibilit\u00e4t hinsichtlich der Auswahl von Modulen f\u00fcr gerade B\u00e4nder, Kurvenb\u00e4nder, Z-B\u00e4nder, Elevatoren usw. Zudem gibt es zahlreiche Optionen f\u00fcr Bel\u00e4ge, Noppen und Mitnehmer, die je nach aktueller Aufgabe ausgew\u00e4hlt werden.<br \/>\nModulb\u00e4nder k\u00f6nnen f\u00fcr den Transport aller Arten von Produkten und Verpackungen verwendet werden.<br \/>\nDie F\u00f6rderb\u00e4nder werden nach Ma\u00df gefertigt, um sie in Prozesslinien, flexibel oder in geraden Verl\u00e4ufen zu integrieren.<br \/>\nModulb\u00e4nder sind robust und langlebig.<br \/>\nDie Gestelle f\u00fcr PTIs Modultransportb\u00e4nder haben ein einzigartiges Design mit optimaler Hygiene und sind sehr reinigungsfreundlich.<br \/>\nDas F\u00f6rderband wird typischerweise aus Stahlwangen konstruiert, die mit POM-F\u00fchrungsschienen f\u00fcr Vor- und R\u00fccklauf montiert sind.<br \/>\nPTI A\/S entwirft Modultransportb\u00e4nder basierend auf Modulen von anerkannten Herstellern wie z.B. Uni Chains\/Ammerraal Beltech, Intralox, Habasit und mehr.<\/p>\n<h3><strong>Materialien:<\/strong><\/h3>\n<p>Materialien, die in Kontakt mit Lebensmitteln kommen, entsprechen der Verordnung 1935\/2004 und 2023\/2006 sowie der Verordnung 10\/2011 f\u00fcr Kunststoffe.<br \/>\nKonstruktiv hergestellt gem\u00e4\u00df hygienischem Design (DS\/EN 1672-2 + A1:2009).<\/p>\n<table style=\"width: 100%; height: 736px;\" width=\"100%\">\n<tbody>\n<tr style=\"\">\n<td style=\"width: 40%;  \">\n<strong>Technische Daten (Beispiel):<\/strong>\n<\/td>\n<td style=\"width: 60%;  \">\n<strong> <\/strong>\n<\/td>\n<\/tr>\n<tr style=\"\">\n<td style=\"width: 40%;  \"><strong>Bandbreite:<\/strong><\/td>\n<td style=\"width: 60%;  \">\nVon 50 mm \u2013 4.000 mm\n<\/td>\n<\/tr>\n<tr style=\"\">\n<td style=\"width: 40%;  \"><strong>Bandh\u00f6he:<\/strong><\/td>\n<td style=\"width: 60%;  \">\nVon 550 \u2013 1.000 mm\n<\/td>\n<\/tr>\n<tr>\n<td style=\"width: 40%;\">\n<strong>L\u00e4nge:<\/strong>\n<\/td>\n<td style=\"width: 60%;\">\nVon 1.000 \u2013 40.000 mm250 mm &#8211; 600 mm\n<\/td>\n<\/tr>\n<tr style=\"\">\n<td style=\"width: 40%;  \"><strong>Wendeachse:<\/strong><\/td>\n<td style=\"width: 60%;  \">\nAchsendurchmesser 20 mm, Mitl\u00e4ufer Mat. POM\n<\/td>\n<\/tr>\n<tr style=\"\">\n<td style=\"width: 40%;  \"><strong>Antrieb:<\/strong><\/td>\n<td style=\"width: 60%;  \">\nTrommelmotor, Antriebsrad Mat. POM\n<\/td>\n<\/tr>\n<tr style=\"\">\n<td style=\"width: 40%;  \"><strong>Bandgeschwindigkeit:<\/strong><\/td>\n<td style=\"width: 60%;  \">\nVon 0,63 &#8211; 25 m \/ min. (kann mit Frequenzumrichter geliefert werden)\n<\/td>\n<\/tr>\n<tr style=\"\">\n<td style=\"width: 40%;  \"><strong>F\u00f6rderband:<\/strong><\/td>\n<td style=\"width: 60%;  \">\nPP, PEHD, PA, und mehr.\n<\/td>\n<\/tr>\n<tr style=\"\">\n<td style=\"width: 40%;  \">\n<strong>Stahlwangen (Seiten):<\/strong>\n<\/td>\n<td style=\"width: 60%;  \">\nRostfreier Stahl, AISI 304\n<\/td>\n<\/tr>\n<tr>\n<td style=\"width: 40%;\">\n<strong>Beine:<\/strong>\n<\/td>\n<td style=\"width: 60%;\">\nRostfreier Stahl, AISI 304, h\u00f6henverstellbar +\/- 50 mm\n<\/td>\n<\/tr>\n<tr style=\"\">\n<td style=\"width: 40%;  \">\n<strong>Bandunterst\u00fctzung:<\/strong>\n<\/td>\n<td style=\"width: 60%;  \">\nGleitprofil aus Kunststoff\n<\/td>\n<\/tr>\n<tr style=\"\">\n<td style=\"width: 40%;  \">\n<strong>Material:<\/strong>\n<\/td>\n<td style=\"width: 60%;  \">\nRostfreier Stahl AISI 304\n<\/td>\n<\/tr>\n<\/tbody>\n<\/table>\n","protected":false},"excerpt":{"rendered":"<p>PTI &#8211; Modulband Anwendung: Modulb\u00e4nder bestehen aus Kunststoffmodulen, die zu einem Gesamtband zusammengesetzt werden. Das bietet extrem gro\u00dfe Flexibilit\u00e4t hinsichtlich der Auswahl von Modulen f\u00fcr gerade B\u00e4nder, Kurvenb\u00e4nder, Z-B\u00e4nder, Elevatoren usw. Zudem gibt es zahlreiche Optionen f\u00fcr Bel\u00e4ge, Noppen und Mitnehmer, die je nach aktueller Aufgabe ausgew\u00e4hlt werden. Modulb\u00e4nder k\u00f6nnen f\u00fcr den Transport aller Arten [&hellip;]<\/p>\n","protected":false},"author":6,"featured_media":1253,"parent":1703,"menu_order":0,"comment_status":"closed","ping_status":"closed","template":"","meta":{"_et_pb_use_builder":"","_et_pb_old_content":"","_et_gb_content_width":"","footnotes":""},"class_list":["post-1715","page","type-page","status-publish","has-post-thumbnail","hentry"],"_links":{"self":[{"href":"https:\/\/pti-as.dk\/de\/wp-json\/wp\/v2\/pages\/1715","targetHints":{"allow":["GET"]}}],"collection":[{"href":"https:\/\/pti-as.dk\/de\/wp-json\/wp\/v2\/pages"}],"about":[{"href":"https:\/\/pti-as.dk\/de\/wp-json\/wp\/v2\/types\/page"}],"author":[{"embeddable":true,"href":"https:\/\/pti-as.dk\/de\/wp-json\/wp\/v2\/users\/6"}],"replies":[{"embeddable":true,"href":"https:\/\/pti-as.dk\/de\/wp-json\/wp\/v2\/comments?post=1715"}],"version-history":[{"count":0,"href":"https:\/\/pti-as.dk\/de\/wp-json\/wp\/v2\/pages\/1715\/revisions"}],"up":[{"embeddable":true,"href":"https:\/\/pti-as.dk\/de\/wp-json\/wp\/v2\/pages\/1703"}],"wp:featuredmedia":[{"embeddable":true,"href":"https:\/\/pti-as.dk\/de\/wp-json\/wp\/v2\/media\/1253"}],"wp:attachment":[{"href":"https:\/\/pti-as.dk\/de\/wp-json\/wp\/v2\/media?parent=1715"}],"curies":[{"name":"wp","href":"https:\/\/api.w.org\/{rel}","templated":true}]}}