{"id":1719,"date":"2024-01-02T15:18:08","date_gmt":"2024-01-02T13:18:08","guid":{"rendered":"https:\/\/pti.qki.dk\/produkter\/transportbaand\/pu-baand\/"},"modified":"2024-03-25T13:01:20","modified_gmt":"2024-03-25T11:01:20","slug":"pu-baand","status":"publish","type":"page","link":"https:\/\/pti-as.dk\/de\/produkter\/transportbaand\/pu-baand\/","title":{"rendered":"PU-band"},"content":{"rendered":"<h1><strong>Transportsystem mit PU-Band f\u00fcr alle Produkte<\/strong><\/h1>\n<p>Das Transportsystem von PTI mit einem PU-Band hat eine recht lange Lebensdauer und ist resistent gegen Fett, \u00d6l und viele Chemikalien.<\/p>\n<p>Ein PU-Band ist ein F\u00f6rderband oder genauer gesagt ein Transportsystem mit geschlossenen B\u00e4ndern, was sie f\u00fcr ganz kleine sowie f\u00fcr gr\u00f6\u00dfere, leichte oder mittelschwere Produkte geeignet macht. Die Produkte k\u00f6nnen sowohl verpackt als auch unverpackt sein.<\/p>\n<h3><strong>Flexibles, einfaches und reinigungsfreundliches Transportsystem<\/strong><\/h3>\n<p>Der Radius der Umlenkrolle kann sehr klein gestaltet werden, was den Transfer der Produkte auf und vom PU-Band erleichtert, wo der Antrieb typischerweise durch einen Trommelmotor erfolgt. Die Wahl des Bandtyps f\u00fcr das Transportsystem erfolgt individuell von Aufgabe zu Aufgabe, und es kann mit verstellbaren Seitenf\u00fchrungen geliefert werden.<\/p>\n<p>Unser F\u00f6rderband mit PU-Band ist sehr reinigungsfreundlich. Dar\u00fcber hinaus haben die Gestelle f\u00fcr die PU-Bandf\u00f6rderer ein einzigartiges Design, das eine optimale Hygiene erm\u00f6glicht. Daher sind auch die Gestelle sehr reinigungsfreundlich. Unser gesamtes Transportsystem ist daher f\u00fcr Aufgaben geeignet, bei denen Hygieneanforderungen bestehen.<\/p>\n<p>PTIs Bandf\u00f6rderer kann als Transportsystem f\u00fcr alle Arten von Produkten und Verpackungen verwendet werden, haupts\u00e4chlich jedoch in der Lebensmittelindustrie. Unsere Transportsysteme sind nat\u00fcrlich zur Integration in eine Prozesslinie gedacht.<\/p>\n<h3><strong>Unser Transportsystem darf in Kontakt mit Lebensmitteln kommen<\/strong><\/h3>\n<p>Die Materialien dieses Transportsystems, die mit Lebensmitteln in Kontakt kommen, entsprechen der Verordnung 1935\/2004 und 2023\/2006 sowie der Verordnung 10\/2011 f\u00fcr Kunststoffe. Zudem sind sie konstruktiv gem\u00e4\u00df hygienischem Design (DS\/EN 1672-2 + A1:2009) hergestellt.<\/p>\n<table style=\"width: 100%; height: 736px;\" width=\"100%\">\n<tbody>\n<tr>\n<td style=\"width: 40%;\"><strong>Technische Daten (Beispiel):<\/strong><\/td>\n<td style=\"width: 60%;\"><strong> <\/strong><\/td>\n<\/tr>\n<tr>\n<td style=\"width: 40%;\"><strong>Bandbreite:<\/strong><\/td>\n<td style=\"width: 60%;\">Bis zu 2.000 mm<\/td>\n<\/tr>\n<tr>\n<td style=\"width: 40%;\"><strong>Banddicke:<\/strong><\/td>\n<td style=\"width: 60%;\">L1: 400 mm horizontal, L2: ansteigend 4.600 mm, L3: 600 mm<\/td>\n<\/tr>\n<tr>\n<td style=\"width: 40%;\"><strong>Radius der Umlenkrolle:<\/strong><\/td>\n<td style=\"width: 60%;\">Bis zu 5 mm<\/td>\n<\/tr>\n<tr>\n<td style=\"width: 40%;\"><strong>Temperaturbereich:<\/strong><\/td>\n<td style=\"width: 60%;\">20\/+120\u00b0C<\/td>\n<\/tr>\n<tr>\n<td style=\"width: 40%;\"><strong>Bandgestell:<\/strong><\/td>\n<td style=\"width: 60%;\">Rostfreier Stahl AISI 304 \u2013 Anfragen f\u00fcr andere Materialien m\u00f6glich.<\/td>\n<\/tr>\n<tr>\n<td style=\"width: 40%;\"><strong>Bandl\u00e4nge:<\/strong><\/td>\n<td style=\"width: 60%;\">Ab 1.000 mm<\/td>\n<\/tr>\n<tr>\n<td style=\"width: 40%;\"><strong>Bandh\u00f6he:<\/strong><\/td>\n<td style=\"width: 60%;\">Ab 550 mm<\/td>\n<\/tr>\n<\/tbody>\n<\/table>\n","protected":false},"excerpt":{"rendered":"<p>Transportsystem mit PU-Band f\u00fcr alle Produkte Das Transportsystem von PTI mit einem PU-Band hat eine recht lange Lebensdauer und ist resistent gegen Fett, \u00d6l und viele Chemikalien. Ein PU-Band ist ein F\u00f6rderband oder genauer gesagt ein Transportsystem mit geschlossenen B\u00e4ndern, was sie f\u00fcr ganz kleine sowie f\u00fcr gr\u00f6\u00dfere, leichte oder mittelschwere Produkte geeignet macht. Die [&hellip;]<\/p>\n","protected":false},"author":6,"featured_media":1255,"parent":1703,"menu_order":0,"comment_status":"closed","ping_status":"closed","template":"","meta":{"_et_pb_use_builder":"","_et_pb_old_content":"","_et_gb_content_width":"","footnotes":""},"class_list":["post-1719","page","type-page","status-publish","has-post-thumbnail","hentry"],"_links":{"self":[{"href":"https:\/\/pti-as.dk\/de\/wp-json\/wp\/v2\/pages\/1719","targetHints":{"allow":["GET"]}}],"collection":[{"href":"https:\/\/pti-as.dk\/de\/wp-json\/wp\/v2\/pages"}],"about":[{"href":"https:\/\/pti-as.dk\/de\/wp-json\/wp\/v2\/types\/page"}],"author":[{"embeddable":true,"href":"https:\/\/pti-as.dk\/de\/wp-json\/wp\/v2\/users\/6"}],"replies":[{"embeddable":true,"href":"https:\/\/pti-as.dk\/de\/wp-json\/wp\/v2\/comments?post=1719"}],"version-history":[{"count":0,"href":"https:\/\/pti-as.dk\/de\/wp-json\/wp\/v2\/pages\/1719\/revisions"}],"up":[{"embeddable":true,"href":"https:\/\/pti-as.dk\/de\/wp-json\/wp\/v2\/pages\/1703"}],"wp:featuredmedia":[{"embeddable":true,"href":"https:\/\/pti-as.dk\/de\/wp-json\/wp\/v2\/media\/1255"}],"wp:attachment":[{"href":"https:\/\/pti-as.dk\/de\/wp-json\/wp\/v2\/media?parent=1719"}],"curies":[{"name":"wp","href":"https:\/\/api.w.org\/{rel}","templated":true}]}}