{"id":1723,"date":"2024-01-02T15:35:32","date_gmt":"2024-01-02T13:35:32","guid":{"rendered":"https:\/\/pti.qki.dk\/produkter\/transportbaand\/z-baand\/"},"modified":"2024-01-02T15:35:32","modified_gmt":"2024-01-02T13:35:32","slug":"z-baand","status":"publish","type":"page","link":"https:\/\/pti-as.dk\/de\/produkter\/transportbaand\/z-baand\/","title":{"rendered":"Z &#8211; b\u00e5nd"},"content":{"rendered":"<h1>PTI &#8211; Z-b\u00e5nd &#8211; Modulb\u00e5nd<\/h1>\n<h3>\u200b<strong>Anvendelse: <\/strong><\/h3>\n<p>Z-b\u00e5nd sammens\u00e6ttes af plastik moduler til et samlet b\u00e5nd. Det giver ekstrem stor fleksibilitet mht. valg af moduler til lige b\u00e5nd, kurveb\u00e5nd, z-b\u00e5nd, elevatorer mv. Desuden findes et utal af valgmuligheder for bel\u00e6gninger, knopper og medbringere, som v\u00e6lges til den aktuelle opgave.<br \/>\nModulb\u00e5nd kan anvendes til transport af alle former for produkter og emballage.<br \/>\nTransportb\u00e5ndene fremstilles efter m\u00e5l for integrering i proceslinjer, flexende eller i lige forl\u00f8b.<br \/>\nModulb\u00e5nd er robuste og med lang holdbarhed.<br \/>\nPTI\u2019s stativer til modultransportb\u00e5nd har et unikt design med optimal hygiejne og meget reng\u00f8ringsvenlige.<br \/>\nTransportb\u00e5ndet opbygges typisk af st\u00e5lvanger monteret med POM styreskinner til frem- &amp; returl\u00f8b.<br \/>\nPTI A\/S designer modultransportb\u00e5nd baseret p\u00e5 moduler fra anerkendte producenter som f.eks. Uni Chains\/Ammerraal Beltech, Intralox, Habasit m.fl.<\/p>\n<p>Z-b\u00e5nd kan anvendes til transport af alle former for produkter og emballage, hovedsageligt indenfor levnedsmiddelindustrien.<br \/>\nMest velegnet til lette og mellemtunge produkter.<\/p>\n<h3>Materialer:<\/h3>\n<p>Materialer som kommer i f\u00f8devarekontakt er i overensstemmelse med forordning 1935\/2004 og 2023\/2006 samt forordning 10\/2011 for plast.<\/p>\n<p>Designm\u00e6ssig fremstillet i henhold til Hygiejnisk design (DS\/EN 1672-2 + A1:2009).<\/p>\n<table style=\"width: 100%; height: 736px;\" width=\"100%\">\n<tbody>\n<tr>\n<td style=\"width: 40%;\"><strong>Tekniske data (eksempel):<\/strong><\/td>\n<td style=\"width: 60%;\"><strong>\u00a0<\/strong><\/td>\n<\/tr>\n<tr>\n<td style=\"width: 40%;\"><strong>H\u00f8jde:<\/strong><\/td>\n<td style=\"width: 60%;\">H1-middle remskrive: 270mm, H2 -center drev tromle:3.870 mm<\/td>\n<\/tr>\n<tr>\n<td style=\"width: 40%;\"><strong>L\u00e6ngde:<\/strong><\/td>\n<td style=\"width: 60%;\">L1: 400 mm vandret, L2: stigende 4,600 mm, L3: 600 mm<\/td>\n<\/tr>\n<tr>\n<td style=\"width: 40%;\"><strong>Bredde:<\/strong><\/td>\n<td style=\"width: 60%;\">250 mm &#8211; 600 mm<\/td>\n<\/tr>\n<tr>\n<td style=\"width: 40%;\"><strong>B\u00e5ndbredde:<\/strong><\/td>\n<td style=\"width: 60%;\">200 mm &#8211; 550 mm<\/td>\n<\/tr>\n<tr>\n<td style=\"width: 40%;\"><strong>Motorst\u00f8rrelse:<\/strong><\/td>\n<td style=\"width: 60%;\">0,25 &#8211; 2,2 kW<\/td>\n<\/tr>\n<tr>\n<td style=\"width: 40%;\"><strong>B\u00e5ndtype:<\/strong><\/td>\n<td style=\"width: 60%;\">PVC\/PU 2 lags, silikone m.m.<\/td>\n<\/tr>\n<tr>\n<td style=\"width: 40%;\"><strong>Tragt:<\/strong><\/td>\n<td style=\"width: 60%;\">ANSI 304, ekstra udstyr<\/td>\n<\/tr>\n<tr>\n<td style=\"width: 40%;\"><strong>Sidestyring:<\/strong><\/td>\n<td style=\"width: 60%;\">ANSI, mulighed for at siderne kan klappes ned<\/td>\n<\/tr>\n<tr>\n<td style=\"width: 40%;\"><strong>B\u00e5ndhastighed:<\/strong><\/td>\n<td style=\"width: 60%;\">1-30m\/min.<\/td>\n<\/tr>\n<tr>\n<td style=\"width: 40%;\"><strong>Materiale:<\/strong><\/td>\n<td style=\"width: 60%;\">rustfri st\u00e5l, ANSI 304<\/td>\n<\/tr>\n<\/tbody>\n<\/table>\n","protected":false},"excerpt":{"rendered":"<p>PTI &#8211; Z-b\u00e5nd &#8211; Modulb\u00e5nd \u200bAnvendelse: Z-b\u00e5nd sammens\u00e6ttes af plastik moduler til et samlet b\u00e5nd. Det giver ekstrem stor fleksibilitet mht. valg af moduler til lige b\u00e5nd, kurveb\u00e5nd, z-b\u00e5nd, elevatorer mv. Desuden findes et utal af valgmuligheder for bel\u00e6gninger, knopper og medbringere, som v\u00e6lges til den aktuelle opgave. Modulb\u00e5nd kan anvendes til transport af alle [&hellip;]<\/p>\n","protected":false},"author":6,"featured_media":1257,"parent":1703,"menu_order":0,"comment_status":"closed","ping_status":"closed","template":"","meta":{"_et_pb_use_builder":"","_et_pb_old_content":"","_et_gb_content_width":"","footnotes":""},"class_list":["post-1723","page","type-page","status-publish","has-post-thumbnail","hentry"],"_links":{"self":[{"href":"https:\/\/pti-as.dk\/de\/wp-json\/wp\/v2\/pages\/1723","targetHints":{"allow":["GET"]}}],"collection":[{"href":"https:\/\/pti-as.dk\/de\/wp-json\/wp\/v2\/pages"}],"about":[{"href":"https:\/\/pti-as.dk\/de\/wp-json\/wp\/v2\/types\/page"}],"author":[{"embeddable":true,"href":"https:\/\/pti-as.dk\/de\/wp-json\/wp\/v2\/users\/6"}],"replies":[{"embeddable":true,"href":"https:\/\/pti-as.dk\/de\/wp-json\/wp\/v2\/comments?post=1723"}],"version-history":[{"count":0,"href":"https:\/\/pti-as.dk\/de\/wp-json\/wp\/v2\/pages\/1723\/revisions"}],"up":[{"embeddable":true,"href":"https:\/\/pti-as.dk\/de\/wp-json\/wp\/v2\/pages\/1703"}],"wp:featuredmedia":[{"embeddable":true,"href":"https:\/\/pti-as.dk\/de\/wp-json\/wp\/v2\/media\/1257"}],"wp:attachment":[{"href":"https:\/\/pti-as.dk\/de\/wp-json\/wp\/v2\/media?parent=1723"}],"curies":[{"name":"wp","href":"https:\/\/api.w.org\/{rel}","templated":true}]}}