{"id":1738,"date":"2024-01-02T16:14:50","date_gmt":"2024-01-02T14:14:50","guid":{"rendered":"https:\/\/pti.qki.dk\/produkter\/underleverandoerarbejde\/vandstraaleskaering\/"},"modified":"2024-03-25T13:54:30","modified_gmt":"2024-03-25T11:54:30","slug":"vandstraaleskaering","status":"publish","type":"page","link":"https:\/\/pti-as.dk\/de\/produkter\/underleverandoerarbejde\/vandstraaleskaering\/","title":{"rendered":"Wasserstrahlschneiden"},"content":{"rendered":"<h1>Anlage f\u00fcr Wasserstrahlschneiden aller Materialien<\/h1>\n<p>PTI A\/S verf\u00fcgt \u00fcber eine Wasserstrahlschneidanlage, die unglaubliche Formen und Konturen in nahezu allen Materialien mithilfe von effizientem Wasserstrahlschneiden herstellen kann. Wasserstrahlschneiden er\u00f6ffnet neue M\u00f6glichkeiten in Bezug auf Designauswahl, Materialien, Effizienz und Produktivit\u00e4t. Zudem ist es sowohl f\u00fcr kleine als auch f\u00fcr gro\u00dfe Serien geeignet. Wir liefern nat\u00fcrlich in ganz D\u00e4nemark.<\/p>\n<h2><strong>Materialieneigenschaften werden beim Wasserstrahlschneiden nicht besch\u00e4digt<\/strong><\/h2>\n<p>Der Vorteil des Wasserstrahlschneidens ist, dass es kalt erfolgt. Dieses Verfahren hat den Vorteil, dass die Materialeigenschaften nicht durch Erw\u00e4rmung besch\u00e4digt werden. Zudem kann mit Wasserstrahlschneiden in viel dickeren Platten als beispielsweise beim Laserschneiden gearbeitet werden.<\/p>\n<p><img loading=\"lazy\" decoding=\"async\" class=\"alignnone wp-image-629 size-full\" src=\"https:\/\/pti-as.dk\/wp-content\/smush-webp\/2024\/01\/reservedele_2794.jpg.webp\" alt=\"\" width=\"386\" height=\"336\" srcset=\"https:\/\/pti-as.dk\/wp-content\/smush-webp\/2024\/01\/reservedele_2794.jpg.webp 386w, https:\/\/pti-as.dk\/wp-content\/smush-webp\/2024\/01\/reservedele_2794-300x261.jpg.webp 300w\" sizes=\"(max-width: 386px) 100vw, 386px\" data-smush-webp-fallback=\"{&quot;src&quot;:&quot;https:\\\/\\\/pti-as.dk\\\/wp-content\\\/uploads\\\/2024\\\/01\\\/reservedele_2794.jpg&quot;,&quot;srcset&quot;:&quot;https:\\\/\\\/pti-as.dk\\\/wp-content\\\/uploads\\\/2024\\\/01\\\/reservedele_2794.jpg 386w, https:\\\/\\\/pti-as.dk\\\/wp-content\\\/uploads\\\/2024\\\/01\\\/reservedele_2794-300x261.jpg 300w&quot;}\" \/><\/p>\n<h2>Die technischen Spezifikationen unserer Wasserstrahlschneidanlage sind:<\/h2>\n<ul>\n<li>Maximale Plattendicke: etwa 100 Millimeter Dicke.<\/li>\n<li>Maximale Schneidefl\u00e4che: 4000 x 2000 Millimeter.<\/li>\n<li>Maximale Schneidefl\u00e4che: 4000 x 2000 Millimeter. Schneidkopf: 1: 90\u00b0, senkrecht zur Platte.<\/li>\n<li>Zeichnungen: DXF-Datei.<\/li>\n<\/ul>\n<h2><strong>Wasserstrahlschneiden ist m\u00f6glich von Gummi bis Stahl<\/strong><\/h2>\n<p>Die Technologie hinter dem Wasserstrahlschneiden basiert auf der Hochdruckpumpe, bei der das Wasser unter Druck gesetzt und dann zum Schneidkopf gepumpt wird. Das Wasserstrahlschneiden erfolgt mit Wasserstrahlen, aber beim Schneiden sehr harter Materialien wird Granatsand hinzugef\u00fcgt. So kann durch nahezu alle Materialien nassgeschliffen werden.<\/p>\n<h2>Materialien, die mit Wasserstrahlschneiden bearbeitet werden k\u00f6nnen, umfassen unter anderem:<\/h2>\n<ul>\n<li>Holz<\/li>\n<li>Glas<\/li>\n<li>Kunststoff<\/li>\n<li>Gummi<\/li>\n<li>Marmor<\/li>\n<li>Aluminium<\/li>\n<li>Hardox-Stahl<\/li>\n<li>Edelstahl<\/li>\n<li>Fliesen\/Beton<\/li>\n<li>Normaler Stahl<\/li>\n<li>Plexiglas und Polycarbonat<\/li>\n<li>Anfragen f\u00fcr das Schneiden anderer Materialien sind willkommen.<\/li>\n<\/ul>\n","protected":false},"excerpt":{"rendered":"<p>Anlage f\u00fcr Wasserstrahlschneiden aller Materialien PTI A\/S verf\u00fcgt \u00fcber eine Wasserstrahlschneidanlage, die unglaubliche Formen und Konturen in nahezu allen Materialien mithilfe von effizientem Wasserstrahlschneiden herstellen kann. Wasserstrahlschneiden er\u00f6ffnet neue M\u00f6glichkeiten in Bezug auf Designauswahl, Materialien, Effizienz und Produktivit\u00e4t. Zudem ist es sowohl f\u00fcr kleine als auch f\u00fcr gro\u00dfe Serien geeignet. Wir liefern nat\u00fcrlich in ganz [&hellip;]<\/p>\n","protected":false},"author":6,"featured_media":1283,"parent":1707,"menu_order":0,"comment_status":"closed","ping_status":"closed","template":"","meta":{"_et_pb_use_builder":"","_et_pb_old_content":"","_et_gb_content_width":"","footnotes":""},"class_list":["post-1738","page","type-page","status-publish","has-post-thumbnail","hentry"],"_links":{"self":[{"href":"https:\/\/pti-as.dk\/de\/wp-json\/wp\/v2\/pages\/1738","targetHints":{"allow":["GET"]}}],"collection":[{"href":"https:\/\/pti-as.dk\/de\/wp-json\/wp\/v2\/pages"}],"about":[{"href":"https:\/\/pti-as.dk\/de\/wp-json\/wp\/v2\/types\/page"}],"author":[{"embeddable":true,"href":"https:\/\/pti-as.dk\/de\/wp-json\/wp\/v2\/users\/6"}],"replies":[{"embeddable":true,"href":"https:\/\/pti-as.dk\/de\/wp-json\/wp\/v2\/comments?post=1738"}],"version-history":[{"count":0,"href":"https:\/\/pti-as.dk\/de\/wp-json\/wp\/v2\/pages\/1738\/revisions"}],"up":[{"embeddable":true,"href":"https:\/\/pti-as.dk\/de\/wp-json\/wp\/v2\/pages\/1707"}],"wp:featuredmedia":[{"embeddable":true,"href":"https:\/\/pti-as.dk\/de\/wp-json\/wp\/v2\/media\/1283"}],"wp:attachment":[{"href":"https:\/\/pti-as.dk\/de\/wp-json\/wp\/v2\/media?parent=1738"}],"curies":[{"name":"wp","href":"https:\/\/api.w.org\/{rel}","templated":true}]}}