{"id":1754,"date":"2023-12-08T09:11:17","date_gmt":"2023-12-08T07:11:17","guid":{"rendered":"https:\/\/pti.qki.dk\/profil\/mission-vision-og-vaerdier\/"},"modified":"2024-03-26T10:55:14","modified_gmt":"2024-03-26T08:55:14","slug":"mission-vision-og-vaerdier","status":"publish","type":"page","link":"https:\/\/pti-as.dk\/de\/profil\/mission-vision-og-vaerdier\/","title":{"rendered":"Mission, Vision und Werte"},"content":{"rendered":"<h1>Mission, Vision und Werte<\/h1>\n<h3>Mission<\/h3>\n<p>Die Mission von PTI ist es, kundenspezifische mechanische Maschinen, Prozessausr\u00fcstung und vorgefertigte Teile von hoher Qualit\u00e4t zu entwickeln und herzustellen, haupts\u00e4chlich f\u00fcr die Lebensmittel- und Prozessindustrie.<\/p>\n<h3>Vision<\/h3>\n<p>PTI A\/S soll als seri\u00f6ser Lieferant bekannt sein, der von unseren Kunden bevorzugt wird, f\u00fcr die Entwicklung und Herstellung von mechanischen Maschinen in den Technologien Transport, F\u00fcllung\/Dosierung, Handhabung und Auspacken.<\/p>\n<p>PTI A\/S soll ein seri\u00f6ser Lieferant sein, der von unseren Kunden bevorzugt wird, f\u00fcr die Entwicklung und Herstellung von Prozessausr\u00fcstung f\u00fcr die Lebensmittel- und Prozessindustrie.<\/p>\n<p>PTI A\/S soll dar\u00fcber hinaus als seri\u00f6ser Lieferant bekannt sein, der von unseren Kunden bevorzugt wird, f\u00fcr die Herstellung von gefertigten Teilen f\u00fcr verschiedene Zwecke.<\/p>\n<h3>Werte<\/h3>\n<ul>\n<li>Wir finden es nat\u00fcrlich, Aufgaben in enger Zusammenarbeit mit unseren Kunden zu l\u00f6sen und dabei das umfangreiche Wissen unserer Kunden \u00fcber ihre Produkte bestm\u00f6glich einzubeziehen, um die optimale L\u00f6sung zu finden.<\/li>\n<li>Wir sind verantwortlich f\u00fcr die Gesamtl\u00f6sung der Aufgabe, auch wenn wir Partner einsetzen, die \u00fcber Technologien verf\u00fcgen, die wir nicht haben.<\/li>\n<li>Wir stellen sicher, dass vertrauliche Informationen von Kunden vertraulich bleiben.<\/li>\n<li>Wir liefern L\u00f6sungen, die so gut durchdacht sind, dass die Ausr\u00fcstung mit kurzer Einarbeitungszeit und minimalem Ausfall nach Inbetriebnahme verwendet werden kann.<\/li>\n<li>Wir liefern p\u00fcnktlich.<\/li>\n<\/ul>\n<h2>Kontaktieren Sie uns<\/h2>\n<p>Sie k\u00f6nnen uns telefonisch unter <a class=\"custom7\" href=\"tel:+45%2097%2037%2016%2033\">+45 97 37 16 33<\/a> oder per E-Mail an <a href=\"mailto:mail@pti-as.dk\">mail@pti-as.dk<\/a> kontaktieren.<\/p>\n","protected":false},"excerpt":{"rendered":"<p>Mission, Vision und Werte Mission Die Mission von PTI ist es, kundenspezifische mechanische Maschinen, Prozessausr\u00fcstung und vorgefertigte Teile von hoher Qualit\u00e4t zu entwickeln und herzustellen, haupts\u00e4chlich f\u00fcr die Lebensmittel- und Prozessindustrie. Vision PTI A\/S soll als seri\u00f6ser Lieferant bekannt sein, der von unseren Kunden bevorzugt wird, f\u00fcr die Entwicklung und Herstellung von mechanischen Maschinen in [&hellip;]<\/p>\n","protected":false},"author":6,"featured_media":1155,"parent":1742,"menu_order":0,"comment_status":"closed","ping_status":"closed","template":"","meta":{"_et_pb_use_builder":"","_et_pb_old_content":"","_et_gb_content_width":"","footnotes":""},"class_list":["post-1754","page","type-page","status-publish","has-post-thumbnail","hentry"],"_links":{"self":[{"href":"https:\/\/pti-as.dk\/de\/wp-json\/wp\/v2\/pages\/1754","targetHints":{"allow":["GET"]}}],"collection":[{"href":"https:\/\/pti-as.dk\/de\/wp-json\/wp\/v2\/pages"}],"about":[{"href":"https:\/\/pti-as.dk\/de\/wp-json\/wp\/v2\/types\/page"}],"author":[{"embeddable":true,"href":"https:\/\/pti-as.dk\/de\/wp-json\/wp\/v2\/users\/6"}],"replies":[{"embeddable":true,"href":"https:\/\/pti-as.dk\/de\/wp-json\/wp\/v2\/comments?post=1754"}],"version-history":[{"count":0,"href":"https:\/\/pti-as.dk\/de\/wp-json\/wp\/v2\/pages\/1754\/revisions"}],"up":[{"embeddable":true,"href":"https:\/\/pti-as.dk\/de\/wp-json\/wp\/v2\/pages\/1742"}],"wp:featuredmedia":[{"embeddable":true,"href":"https:\/\/pti-as.dk\/de\/wp-json\/wp\/v2\/media\/1155"}],"wp:attachment":[{"href":"https:\/\/pti-as.dk\/de\/wp-json\/wp\/v2\/media?parent=1754"}],"curies":[{"name":"wp","href":"https:\/\/api.w.org\/{rel}","templated":true}]}}