{"id":1763,"date":"2023-12-06T09:18:48","date_gmt":"2023-12-06T07:18:48","guid":{"rendered":"https:\/\/pti.qki.dk\/projekter\/daasetoemmer\/"},"modified":"2024-03-26T11:15:45","modified_gmt":"2024-03-26T09:15:45","slug":"daasetoemmer","status":"publish","type":"page","link":"https:\/\/pti-as.dk\/de\/projekter\/daasetoemmer\/","title":{"rendered":"Dosenentleerer"},"content":{"rendered":"<h1>Dosenentleerer<\/h1>\n<p>Diese Maschine wurde f\u00fcr Dosen mit Pulver entwickelt, wo man eine m\u00f6glichst automatische und hygienische Entleerung w\u00fcnscht.<\/p>\n<h3>Vorteile des Dosenentleerers:<\/h3>\n<ul>\n<li>Sie sparen viel manuelle und eint\u00f6nig wiederholte Arbeit.<\/li>\n<li>Sie minimieren das Risiko einer Kontaminierung erheblich.<\/li>\n<li>Automatischer Prozess von Anfang bis Ende.<\/li>\n<li>Kundenangepasste L\u00f6sung.<\/li>\n<\/ul>\n<p><video autoplay=\"autoplay\" loop=\"loop\" width=\"100%\" height=\"auto\"><source src=\"https:\/\/pti-as.dk\/wp-content\/uploads\/2024\/02\/Canemptying.mp4\" type=\"video\/mp4\"><\/source><\/video><\/p>\n","protected":false},"excerpt":{"rendered":"<p>Dosenentleerer Diese Maschine wurde f\u00fcr Dosen mit Pulver entwickelt, wo man eine m\u00f6glichst automatische und hygienische Entleerung w\u00fcnscht. Vorteile des Dosenentleerers: Sie sparen viel manuelle und eint\u00f6nig wiederholte Arbeit. Sie minimieren das Risiko einer Kontaminierung erheblich. Automatischer Prozess von Anfang bis Ende. Kundenangepasste L\u00f6sung.<\/p>\n","protected":false},"author":6,"featured_media":1225,"parent":1657,"menu_order":0,"comment_status":"closed","ping_status":"closed","template":"","meta":{"_et_pb_use_builder":"","_et_pb_old_content":"","_et_gb_content_width":"","footnotes":""},"class_list":["post-1763","page","type-page","status-publish","has-post-thumbnail","hentry"],"_links":{"self":[{"href":"https:\/\/pti-as.dk\/de\/wp-json\/wp\/v2\/pages\/1763","targetHints":{"allow":["GET"]}}],"collection":[{"href":"https:\/\/pti-as.dk\/de\/wp-json\/wp\/v2\/pages"}],"about":[{"href":"https:\/\/pti-as.dk\/de\/wp-json\/wp\/v2\/types\/page"}],"author":[{"embeddable":true,"href":"https:\/\/pti-as.dk\/de\/wp-json\/wp\/v2\/users\/6"}],"replies":[{"embeddable":true,"href":"https:\/\/pti-as.dk\/de\/wp-json\/wp\/v2\/comments?post=1763"}],"version-history":[{"count":0,"href":"https:\/\/pti-as.dk\/de\/wp-json\/wp\/v2\/pages\/1763\/revisions"}],"up":[{"embeddable":true,"href":"https:\/\/pti-as.dk\/de\/wp-json\/wp\/v2\/pages\/1657"}],"wp:featuredmedia":[{"embeddable":true,"href":"https:\/\/pti-as.dk\/de\/wp-json\/wp\/v2\/media\/1225"}],"wp:attachment":[{"href":"https:\/\/pti-as.dk\/de\/wp-json\/wp\/v2\/media?parent=1763"}],"curies":[{"name":"wp","href":"https:\/\/api.w.org\/{rel}","templated":true}]}}