{"id":1767,"date":"2024-01-02T13:55:32","date_gmt":"2024-01-02T11:55:32","guid":{"rendered":"https:\/\/pti.qki.dk\/projekter\/fylde-og-emballeringsudstyr\/"},"modified":"2024-03-26T11:58:47","modified_gmt":"2024-03-26T09:58:47","slug":"fylde-og-emballeringsudstyr","status":"publish","type":"page","link":"https:\/\/pti-as.dk\/de\/projekter\/fylde-og-emballeringsudstyr\/","title":{"rendered":"F\u00fcll- und Verpackungsausr\u00fcstung"},"content":{"rendered":"<h1>F\u00fcll- und Verpackungsausr\u00fcstung sowie Etikettiermaschine<\/h1>\n<p>F\u00fcr kleine und mittlere Produktionsmengen<\/p>\n<p>Test- und Versuchsproduktionen<\/p>\n<p><video autoplay=\"autoplay\" loop=\"loop\" width=\"100%\" height=\"auto\"><source src=\"https:\/\/pti-as.dk\/wp-content\/uploads\/2024\/02\/emballeringsudstyr.mp4\" type=\"video\/mp4\"><\/source><\/video><\/p>\n<p>Wirtschaftlich attraktive L\u00f6sungen mit gro\u00dfer Flexibilit\u00e4t<\/p>\n<h2>L\u00f6sungen f\u00fcr kleine F\u00fcll- und Abf\u00fcllmengen<\/h2>\n<p>PTI A\/S arbeitet mit Lieferanten von Maschinen aus der ganzen Welt zusammen. Wir haben einen Lieferanten, der auf Verpackungsmaschinen\/-linien mit relativ geringer Kapazit\u00e4t zu einem wirtschaftlich attraktiven Preis und in guter Qualit\u00e4t spezialisiert ist.<\/p>\n<p>Die Maschinen eignen sich besonders f\u00fcr:<\/p>\n<ul>\n<li>Start-up-Unternehmen.<\/li>\n<li>Spezialit\u00e4ten in kleineren Produktionen.<\/li>\n<li>Test- und Versuchsproduktionen.<\/li>\n<\/ul>\n<p>Die Kapazit\u00e4t liegt typischerweise bei bis zu 1.000-2.000 Einheiten\/Stunde.<\/p>\n<p>Das Konzept basiert auf \u201eStand-alone-Units\u201c, die leicht zu kompletten,<br \/>\nfunktionsf\u00e4higen Produktionslinien zusammengebaut werden k\u00f6nnen.<\/p>\n<p><strong>Die Kombinationsm\u00f6glichkeiten sind unz\u00e4hlig, kontaktieren Sie daher PTI A\/S, um eine Produktionslinie zusammenzustellen, die Ihren Bed\u00fcrfnissen entspricht.<\/strong><\/p>\n<p>Die Maschinen erf\u00fcllen die Anforderungen mehrerer Industriezweige, einschlie\u00dflich der Lebensmittel-, Kosmetik- und Pharmaindustrie.<\/p>\n<p>Die Qualit\u00e4t wird durch einen ersten FAT-Test beim Hersteller und einen zweiten FAT-Test bei PTI A\/S in D\u00e4nemark sichergestellt, wo die Maschinen systematisch \u00fcberpr\u00fcft und von PTI A\/S vor der Auslieferung CE-gekennzeichnet werden.<\/p>\n<h2>F\u00fcll- und Dosiermaschinen<\/h2>\n<p>Zahnradf\u00fcller:<\/p>\n<ul>\n<li>Gesteuerte Zahnradpumpe; flie\u00dff\u00e4hige Produkte; keine\/kleine Partikel.<\/li>\n<\/ul>\n<ul>\n<li>Semi-automatische Tischmodelle: 40-4.000 ml\/F\u00fcllung, 50-250 ml\/Sek.<\/li>\n<li>Automatische In-Line-Modelle: Anzahl der F\u00fcllk\u00f6pfe anpassbar,<br \/>\n50-5.000 ml\/F\u00fcllung, bis zu 40 Einheiten\/Min.<\/li>\n<\/ul>\n<p>Kolbenf\u00fcller:<\/p>\n<ul>\n<li>Kolbenpumpe mit gesteuerter Schlagl\u00e4nge; viskose Produkte; kleinere Partikel.<\/li>\n<\/ul>\n<ul>\n<li>Semi-automatische Tischmodelle: 50-200 ml\/F\u00fcllung, 30-150 ml\/Sek.<\/li>\n<li>Automatische In-Line-Modelle: Anzahl der F\u00fcllk\u00f6pfe anpassbar,<br \/>\n50-5.000 ml\/F\u00fcllung, bis zu 30 Einheiten\/Min.<\/li>\n<\/ul>\n<p>Overflowf\u00fcller:<\/p>\n<ul>\n<li>F\u00fcllung auf bestimmtes Niveau in Flaschen; flie\u00dff\u00e4hige Produkte; keine Partikel.<\/li>\n<\/ul>\n<ul>\n<li>Semi-automatische Tischmodelle: 50-5.000 ml\/F\u00fcllung, 50-250 ml\/Sek.<\/li>\n<li>Automatische In-Line-Modelle: Anzahl der F\u00fcllk\u00f6pfe anpassbar,<br \/>\n50-5.000 ml\/F\u00fcllung, bis zu 40 Einheiten\/Min.<\/li>\n<\/ul>\n<p>Tabletten-\/Kapselz\u00e4hler:<\/p>\n<ul>\n<li>Z\u00e4hlt die Tabletten und f\u00fcllt sie in die Verpackung; Tabletten bis zu \u00f840 mm.<\/li>\n<\/ul>\n<ul>\n<li>Semi-automatische Tischmodelle: 600-1.000 Tabletten\/Min.<\/li>\n<\/ul>\n<ul>\n<li>Automatische In-Line-Modelle: 1 oder 2 F\u00fcllk\u00f6pfe, 600-2.400 Tabletten\/Min.<\/li>\n<\/ul>\n<h2>Etikettiermaschine<\/h2>\n<ul>\n<li>Etikettierung auf: Seite, oben, unten, Wrap-Around, Vorder- und R\u00fcckseite sowie 3-seitig.<\/li>\n<li>Etikettiermaschine f\u00fcr runde, flache, ovale oder quadratische Flaschen\/Gl\u00e4ser.<\/li>\n<li>Kombinationsmaschinen f\u00fcr z.B. oben+Wrap-Around oder oben+Seite.<\/li>\n<li>Spezialmaschinen f\u00fcr z.B. Lippenstifte, Stifte, SD-Karten und Spritzen.<\/li>\n<li>Verf\u00fcgbare Modelle:\n<ul>\n<li>Tischmodelle &#8211; bis zu 30 Einheiten\/Min.<\/li>\n<li>Automatische In-Line-Modelle &#8211; bis zu 40 Einheiten\/Min.\u200b<\/li>\n<\/ul>\n<\/li>\n<\/ul>\n<h2>Automatischer Flaschenreiniger<\/h2>\n<ul>\n<li>Zus\u00e4tzliche Sicherheit gegen Fremdk\u00f6rper in Flaschen\/Gl\u00e4sern.<\/li>\n<li>Verwendet f\u00fcr neue\/gereinigte Flaschen, bei denen das Risiko von Staub, Plastikresten usw. besteht.<\/li>\n<li>Bl\u00e4st mit Druckluft sauber und saugt verunreinigte Luft mit Vakuum ab.<\/li>\n<li>Kann auch mit Wassersp\u00fclung durchgef\u00fchrt werden.<\/li>\n<li>Bis zu 30 Flaschen\/Min.<\/li>\n<\/ul>\n<h2>Rundtische<\/h2>\n<ul>\n<li>Verwendet am Anfang und Ende von Produktionslinien.<\/li>\n<li>Puffer, der leere Flaschen, Gl\u00e4ser usw. zu einer Produktionslinie hinzuf\u00fcgt.<\/li>\n<li>Puffer, der gef\u00fcllte Flaschen\/Gl\u00e4ser von einer Produktionslinie abnimmt.<\/li>\n<\/ul>\n<h2>Kapselverschlie\u00dfmaschinen<\/h2>\n<ul>\n<li>Aufsetzen von ROPP, Schraubverschl\u00fcssen, Stopfen, Kapseln, Deckeln mit Dispenser, Kapseln f\u00fcr Fl\u00e4schchen usw.<\/li>\n<li>Kapselgr\u00f6\u00dfen von \u00f820 bis \u00f8120.<\/li>\n<li>Verf\u00fcgbare Modelle:<\/li>\n<li>Semi-automatische Tischmodelle &#8211; bis zu 30 Einheiten\/Min.<\/li>\n<\/ul>\n<ul>\n<li>Automatische In-Line-Modelle &#8211; bis zu 40 Einheiten\/Min.<\/li>\n<li>Verf\u00fcgbar mit oder ohne automatisches Deckelaufsetzen.<\/li>\n<\/ul>\n<h2>Beispiele f\u00fcr Produktionslinien<\/h2>\n<h4><strong>Extra kompakte Abf\u00fclllinie f\u00fcr kleinere Flaschen und Vials<\/strong><\/h4>\n<ul>\n<li>Wirtschaftlich attraktive L\u00f6sung f\u00fcr kleine\/kleinere Produktionen von fl\u00fcssigen Lebensmittel- und Non-Food-Produkten.<\/li>\n<li>Die gezeigte Abf\u00fclllinie besteht aus einer Dosierungseinheit, einer Abf\u00fclleinheit mit integrierter Handhabung leerer Flaschen, Verschraubung und Etikettiermaschine.<\/li>\n<li>Entworfen f\u00fcr Vials und kleinere Flaschen (bis ca. 200 ml) innerhalb der Produktion von Lebensmittel-, Kosmetik-, Medizinprodukten und anderen Non-Food-Produkten wie z.B. fl\u00fcssige Handseife usw.<\/li>\n<li>Die Dosiereinheit kann von der Linie getrennt und f\u00fcr das Bef\u00fcllen anderer<\/li>\n<li>Verpackungen wie z.B. Bag-in-Box-Beutel, Kanister usw. verwendet werden.<\/li>\n<li>Deckel werden manuell aufgesetzt, was gro\u00dfe Flexibilit\u00e4t beim Design der Deckel bietet.<\/li>\n<li>Die Etikettiermaschine bringt ein Seitensetikett auf die Flasche an.<\/li>\n<li>Kapazit\u00e4t von bis zu ca. 15 Einheiten\/Min.<\/li>\n<li>Die Linie ist nicht gr\u00f6\u00dfer, als dass sie auf einem gew\u00f6hnlichen Tisch stehen k\u00f6nnte!<\/li>\n<\/ul>\n<h4>Flaschenabf\u00fclllinie f\u00fcr kleine und gro\u00dfe Flaschen<\/h4>\n<ul>\n<li>Wirtschaftlich attraktive L\u00f6sung f\u00fcr kleinere Produktionen von fl\u00fcssigen Lebensmittel- und Non-Food-Produkten.<\/li>\n<li>Die gezeigte Abf\u00fclllinie besteht aus einem Drehtisch f\u00fcr leere Flaschen, einem 6-Kopf-\u00dcberlauf-Flaschenf\u00fcller, ROOP-Aufsetzung und Etikettiermaschine sowie einem Drehtisch<\/li>\n<li>als Puffer f\u00fcr gef\u00fcllte Flaschen.<\/li>\n<li>Sie ist f\u00fcr das Bef\u00fcllen von Flaschen (Gr\u00f6\u00dfe wird je nach Aufgabe gew\u00e4hlt) innerhalb der Produktion von Lebensmittel-, Kosmetik-, Pharma- und anderen Non-Food-Produkten wie z.B. fl\u00fcssiger Handseife usw. konzipiert.<\/li>\n<li>Kapazit\u00e4t von bis zu ca. 30 Einheiten\/Min.<\/li>\n<\/ul>\n<h4>Abf\u00fclllinie f\u00fcr Tabletten in Bechern<\/h4>\n<ul>\n<li>Wirtschaftlich attraktive L\u00f6sung f\u00fcr kleinere Produktionen von Tabletten und Kapseln in Bechern.<\/li>\n<li>Die gezeigte Abf\u00fclllinie besteht aus einem Unscrambler f\u00fcr leere Becher, einer doppelten Z\u00e4hleinheit, Verschraubung und Etikettiermaschine.<\/li>\n<li>Sie ist f\u00fcr das Z\u00e4hlen\/Bef\u00fcllen von Flaschen\/Bechern innerhalb der Produktion von Kosmetik-, Pharma-, Nahrungserg\u00e4nzungsmitteln und anderen Non-Food-Produkten wie z.B. Geschirrsp\u00fcltabs usw. konzipiert.<\/li>\n<li>Die Kapazit\u00e4t h\u00e4ngt von der Tablettengr\u00f6\u00dfe und der Anzahl pro Einheit ab. Kann bis zu 2.000 Tabletten\/Min. z\u00e4hlen und\/oder bis zu 40 Becher\/Min.<\/li>\n<\/ul>\n\n\t\t<style type=\"text\/css\">\n\t\t\t#gallery-1 {\n\t\t\t\tmargin: auto;\n\t\t\t}\n\t\t\t#gallery-1 .gallery-item {\n\t\t\t\tfloat: left;\n\t\t\t\tmargin-top: 10px;\n\t\t\t\ttext-align: center;\n\t\t\t\twidth: 33%;\n\t\t\t}\n\t\t\t#gallery-1 img {\n\t\t\t\tborder: 2px solid #cfcfcf;\n\t\t\t}\n\t\t\t#gallery-1 .gallery-caption {\n\t\t\t\tmargin-left: 0;\n\t\t\t}\n\t\t\t\/* see gallery_shortcode() in wp-includes\/media.php *\/\n\t\t<\/style>\n\t\t<div id='gallery-1' class='gallery galleryid-1767 gallery-columns-3 gallery-size-large'><dl class='gallery-item'>\n\t\t\t<dt class='gallery-icon landscape'>\n\t\t\t\t<a href='https:\/\/pti-as.dk\/de\/projekter\/fylde-og-emballeringsudstyr\/20210629_111323-2-2\/'><img loading=\"lazy\" decoding=\"async\" width=\"1024\" height=\"768\" src=\"https:\/\/pti-as.dk\/wp-content\/smush-webp\/2024\/02\/20210629_111323-1-1024x768.jpg.webp\" class=\"attachment-large size-large\" alt=\"\" srcset=\"https:\/\/pti-as.dk\/wp-content\/smush-webp\/2024\/02\/20210629_111323-1-1024x768.jpg.webp 1024w, https:\/\/pti-as.dk\/wp-content\/smush-webp\/2024\/02\/20210629_111323-1-300x225.jpg.webp 300w, https:\/\/pti-as.dk\/wp-content\/smush-webp\/2024\/02\/20210629_111323-1-768x576.jpg.webp 768w, https:\/\/pti-as.dk\/wp-content\/smush-webp\/2024\/02\/20210629_111323-1-1536x1152.jpg.webp 1536w, https:\/\/pti-as.dk\/wp-content\/uploads\/2024\/02\/20210629_111323-1-2048x1536.jpg 2048w, https:\/\/pti-as.dk\/wp-content\/smush-webp\/2024\/02\/20210629_111323-1-510x382.jpg.webp 510w, https:\/\/pti-as.dk\/wp-content\/smush-webp\/2024\/02\/20210629_111323-1-1080x810.jpg.webp 1080w, https:\/\/pti-as.dk\/wp-content\/smush-webp\/2024\/02\/20210629_111323-1-1280x960.jpg.webp 1280w, https:\/\/pti-as.dk\/wp-content\/smush-webp\/2024\/02\/20210629_111323-1-980x735.jpg.webp 980w, https:\/\/pti-as.dk\/wp-content\/smush-webp\/2024\/02\/20210629_111323-1-480x360.jpg.webp 480w\" sizes=\"(max-width: 1024px) 100vw, 1024px\" data-smush-webp-fallback=\"{&quot;src&quot;:&quot;https:\\\/\\\/pti-as.dk\\\/wp-content\\\/uploads\\\/2024\\\/02\\\/20210629_111323-1-1024x768.jpg&quot;,&quot;srcset&quot;:&quot;https:\\\/\\\/pti-as.dk\\\/wp-content\\\/uploads\\\/2024\\\/02\\\/20210629_111323-1-1024x768.jpg 1024w, https:\\\/\\\/pti-as.dk\\\/wp-content\\\/uploads\\\/2024\\\/02\\\/20210629_111323-1-300x225.jpg 300w, https:\\\/\\\/pti-as.dk\\\/wp-content\\\/uploads\\\/2024\\\/02\\\/20210629_111323-1-768x576.jpg 768w, https:\\\/\\\/pti-as.dk\\\/wp-content\\\/uploads\\\/2024\\\/02\\\/20210629_111323-1-1536x1152.jpg 1536w, https:\\\/\\\/pti-as.dk\\\/wp-content\\\/uploads\\\/2024\\\/02\\\/20210629_111323-1-2048x1536.jpg 2048w, https:\\\/\\\/pti-as.dk\\\/wp-content\\\/uploads\\\/2024\\\/02\\\/20210629_111323-1-510x382.jpg 510w, https:\\\/\\\/pti-as.dk\\\/wp-content\\\/uploads\\\/2024\\\/02\\\/20210629_111323-1-1080x810.jpg 1080w, https:\\\/\\\/pti-as.dk\\\/wp-content\\\/uploads\\\/2024\\\/02\\\/20210629_111323-1-1280x960.jpg 1280w, https:\\\/\\\/pti-as.dk\\\/wp-content\\\/uploads\\\/2024\\\/02\\\/20210629_111323-1-980x735.jpg 980w, https:\\\/\\\/pti-as.dk\\\/wp-content\\\/uploads\\\/2024\\\/02\\\/20210629_111323-1-480x360.jpg 480w&quot;}\" \/><\/a>\n\t\t\t<\/dt><\/dl><dl class='gallery-item'>\n\t\t\t<dt class='gallery-icon landscape'>\n\t\t\t\t<a href='https:\/\/pti-as.dk\/de\/projekter\/fylde-og-emballeringsudstyr\/automatic-bottle-filling-capping-labeling-production-line_uden-logo-edited-1-2\/'><img loading=\"lazy\" decoding=\"async\" width=\"680\" height=\"285\" src=\"https:\/\/pti-as.dk\/wp-content\/uploads\/2024\/02\/Automatic-Bottle-Filling-Capping-Labeling-Production-Line_uden-logo-edited-1.gif\" class=\"attachment-large size-large\" alt=\"\" \/><\/a>\n\t\t\t<\/dt><\/dl><dl class='gallery-item'>\n\t\t\t<dt class='gallery-icon landscape'>\n\t\t\t\t<a href='https:\/\/pti-as.dk\/de\/projekter\/fylde-og-emballeringsudstyr\/automatic-piston-pump-filler-with-safty-gate-nfp-565_edited-1-2\/'><img loading=\"lazy\" decoding=\"async\" width=\"535\" height=\"350\" src=\"https:\/\/pti-as.dk\/wp-content\/smush-webp\/2024\/02\/automatic-piston-pump-filler-with-safty-gate-NFP-565_edited-1.jpg.webp\" class=\"attachment-large size-large\" alt=\"\" srcset=\"https:\/\/pti-as.dk\/wp-content\/smush-webp\/2024\/02\/automatic-piston-pump-filler-with-safty-gate-NFP-565_edited-1.jpg.webp 535w, https:\/\/pti-as.dk\/wp-content\/smush-webp\/2024\/02\/automatic-piston-pump-filler-with-safty-gate-NFP-565_edited-1-480x314.jpg.webp 480w\" sizes=\"(min-width: 0px) and (max-width: 480px) 480px, (min-width: 481px) 535px, 100vw\" data-smush-webp-fallback=\"{&quot;src&quot;:&quot;https:\\\/\\\/pti-as.dk\\\/wp-content\\\/uploads\\\/2024\\\/02\\\/automatic-piston-pump-filler-with-safty-gate-NFP-565_edited-1.jpg&quot;,&quot;srcset&quot;:&quot;https:\\\/\\\/pti-as.dk\\\/wp-content\\\/uploads\\\/2024\\\/02\\\/automatic-piston-pump-filler-with-safty-gate-NFP-565_edited-1.jpg 535w, https:\\\/\\\/pti-as.dk\\\/wp-content\\\/uploads\\\/2024\\\/02\\\/automatic-piston-pump-filler-with-safty-gate-NFP-565_edited-1-480x314.jpg 480w&quot;}\" \/><\/a>\n\t\t\t<\/dt><\/dl><br style=\"clear: both\" \/><dl class='gallery-item'>\n\t\t\t<dt class='gallery-icon landscape'>\n\t\t\t\t<a href='https:\/\/pti-as.dk\/de\/projekter\/fylde-og-emballeringsudstyr\/automatic-piston-pump-filler-with-safty-gate-nfp-565-uden-logo_edited-1-2\/'><img loading=\"lazy\" decoding=\"async\" width=\"535\" height=\"350\" src=\"https:\/\/pti-as.dk\/wp-content\/uploads\/2024\/02\/automatic-piston-pump-filler-with-safty-gate-NFP-565-uden-logo_edited-1.gif\" class=\"attachment-large size-large\" alt=\"\" \/><\/a>\n\t\t\t<\/dt><\/dl><dl class='gallery-item'>\n\t\t\t<dt class='gallery-icon landscape'>\n\t\t\t\t<a href='https:\/\/pti-as.dk\/de\/projekter\/fylde-og-emballeringsudstyr\/filling-500-line-uden-logo-2\/'><img loading=\"lazy\" decoding=\"async\" width=\"350\" height=\"350\" src=\"https:\/\/pti-as.dk\/wp-content\/smush-webp\/2024\/02\/Filling-500-Line-uden-logo.jpg.webp\" class=\"attachment-large size-large\" alt=\"\" srcset=\"https:\/\/pti-as.dk\/wp-content\/smush-webp\/2024\/02\/Filling-500-Line-uden-logo.jpg.webp 350w, https:\/\/pti-as.dk\/wp-content\/smush-webp\/2024\/02\/Filling-500-Line-uden-logo-300x300.jpg.webp 300w, https:\/\/pti-as.dk\/wp-content\/smush-webp\/2024\/02\/Filling-500-Line-uden-logo-150x150.jpg.webp 150w\" sizes=\"(max-width: 350px) 100vw, 350px\" data-smush-webp-fallback=\"{&quot;src&quot;:&quot;https:\\\/\\\/pti-as.dk\\\/wp-content\\\/uploads\\\/2024\\\/02\\\/Filling-500-Line-uden-logo.jpg&quot;,&quot;srcset&quot;:&quot;https:\\\/\\\/pti-as.dk\\\/wp-content\\\/uploads\\\/2024\\\/02\\\/Filling-500-Line-uden-logo.jpg 350w, https:\\\/\\\/pti-as.dk\\\/wp-content\\\/uploads\\\/2024\\\/02\\\/Filling-500-Line-uden-logo-300x300.jpg 300w, https:\\\/\\\/pti-as.dk\\\/wp-content\\\/uploads\\\/2024\\\/02\\\/Filling-500-Line-uden-logo-150x150.jpg 150w&quot;}\" \/><\/a>\n\t\t\t<\/dt><\/dl><dl class='gallery-item'>\n\t\t\t<dt class='gallery-icon landscape'>\n\t\t\t\t<a href='https:\/\/pti-as.dk\/de\/projekter\/fylde-og-emballeringsudstyr\/olive-oil-filling-capping-labeling-line-uden-logo_edited-1-2\/'><img loading=\"lazy\" decoding=\"async\" width=\"776\" height=\"350\" src=\"https:\/\/pti-as.dk\/wp-content\/uploads\/2024\/02\/Olive-oil-filling-capping-labeling-line-uden-logo_edited-1.gif\" class=\"attachment-large size-large\" alt=\"\" \/><\/a>\n\t\t\t<\/dt><\/dl><br style=\"clear: both\" \/>\n\t\t<\/div>\n\n","protected":false},"excerpt":{"rendered":"<p>F\u00fcll- und Verpackungsausr\u00fcstung sowie Etikettiermaschine F\u00fcr kleine und mittlere Produktionsmengen Test- und Versuchsproduktionen Wirtschaftlich attraktive L\u00f6sungen mit gro\u00dfer Flexibilit\u00e4t L\u00f6sungen f\u00fcr kleine F\u00fcll- und Abf\u00fcllmengen PTI A\/S arbeitet mit Lieferanten von Maschinen aus der ganzen Welt zusammen. Wir haben einen Lieferanten, der auf Verpackungsmaschinen\/-linien mit relativ geringer Kapazit\u00e4t zu einem wirtschaftlich attraktiven Preis und in [&hellip;]<\/p>\n","protected":false},"author":6,"featured_media":1467,"parent":1657,"menu_order":0,"comment_status":"closed","ping_status":"closed","template":"","meta":{"_et_pb_use_builder":"","_et_pb_old_content":"","_et_gb_content_width":"","footnotes":""},"class_list":["post-1767","page","type-page","status-publish","has-post-thumbnail","hentry"],"_links":{"self":[{"href":"https:\/\/pti-as.dk\/de\/wp-json\/wp\/v2\/pages\/1767","targetHints":{"allow":["GET"]}}],"collection":[{"href":"https:\/\/pti-as.dk\/de\/wp-json\/wp\/v2\/pages"}],"about":[{"href":"https:\/\/pti-as.dk\/de\/wp-json\/wp\/v2\/types\/page"}],"author":[{"embeddable":true,"href":"https:\/\/pti-as.dk\/de\/wp-json\/wp\/v2\/users\/6"}],"replies":[{"embeddable":true,"href":"https:\/\/pti-as.dk\/de\/wp-json\/wp\/v2\/comments?post=1767"}],"version-history":[{"count":0,"href":"https:\/\/pti-as.dk\/de\/wp-json\/wp\/v2\/pages\/1767\/revisions"}],"up":[{"embeddable":true,"href":"https:\/\/pti-as.dk\/de\/wp-json\/wp\/v2\/pages\/1657"}],"wp:featuredmedia":[{"embeddable":true,"href":"https:\/\/pti-as.dk\/de\/wp-json\/wp\/v2\/media\/1467"}],"wp:attachment":[{"href":"https:\/\/pti-as.dk\/de\/wp-json\/wp\/v2\/media?parent=1767"}],"curies":[{"name":"wp","href":"https:\/\/api.w.org\/{rel}","templated":true}]}}