{"id":1771,"date":"2023-12-06T09:20:59","date_gmt":"2023-12-06T07:20:59","guid":{"rendered":"https:\/\/pti.qki.dk\/projekter\/ombygning-af-fyldesystem\/"},"modified":"2024-03-26T12:09:48","modified_gmt":"2024-03-26T10:09:48","slug":"ombygning-af-fyldesystem","status":"publish","type":"page","link":"https:\/\/pti-as.dk\/de\/projekter\/ombygning-af-fyldesystem\/","title":{"rendered":"Umbau des Abf\u00fcllsystems"},"content":{"rendered":"<h1>Umbau des Abf\u00fcllsystems<\/h1>\n<p>Eine bestehende Abf\u00fcllmaschine f\u00fcr Kanister wurde umgebaut. Das Kernziel des Projekts ist die Verbesserung der F\u00fcllgenauigkeit sowie die Erh\u00f6hung der Maschinenkapazit\u00e4t. Die Produkte werden in Kanister in 4 verschiedenen Gr\u00f6\u00dfen gef\u00fcllt, n\u00e4mlich 0,250 L, 0,750 L, 1 L und 5 L.<\/p>\n<h2>Vor dem Umbau<\/h2>\n<p>Vier Kanister werden gleichzeitig gef\u00fcllt, w\u00e4hrend die Maschine stillsteht. Anschlie\u00dfend wird jeder Kanister einzeln zur Verschlussaufsetzung weitertransportiert. Das Ergebnis ist, dass das F\u00fcllsystem und das Verschlussaufsetzungssystem abwechselnd stillstehen.<\/p>\n<p>Die F\u00fcllung erfolgt zeitbasiert und wird pneumatisch gesteuert. Schwankungen in der Viskosit\u00e4t des Produkts f\u00fchren dazu, dass auch das Volumen in den Kanistern variiert.<\/p>\n<h2>Nach dem Umbau<\/h2>\n<p>Drei Kanister werden gleichzeitig und im Takt, w\u00e4hrend Kanister zur Verschlussaufsetzung gef\u00f6rdert werden, gef\u00fcllt. Das bedeutet, dass sowohl das F\u00fcllsystem als auch das Verschlussaufsetzungssystem die ganze Zeit in einem konstanten und gleichm\u00e4\u00dfigen Tempo laufen.<\/p>\n<p>Die F\u00fcllung erfolgt mit servogetriebenen Dosierungspumpen, die unabh\u00e4ngig von Schwankungen in der Produktviskosit\u00e4t das gleiche Produktvolumen liefern.<\/p>\n<h2>Ergebnisse nach dem Umbau:<\/h2>\n<p>Die F\u00fcllgenauigkeit hat sich wesentlich verbessert.<\/p>\n<p>Die Kapazit\u00e4t ist drastisch gestiegen. Zum Beispiel wurde die Kapazit\u00e4t f\u00fcr 5 L Kanister um ca. 20 % und f\u00fcr 0,250 L Kanister um ganze 50 % erh\u00f6ht.<\/p>\n<p><video autoplay=\"autoplay\" loop=\"loop\" width=\"100%\" height=\"auto\"><source src=\"https:\/\/pti-as.dk\/wp-content\/uploads\/2024\/02\/Case-optimering.mp4\" type=\"video\/mp4\"><\/source><\/video> <\/p>\n","protected":false},"excerpt":{"rendered":"<p>Umbau des Abf\u00fcllsystems Eine bestehende Abf\u00fcllmaschine f\u00fcr Kanister wurde umgebaut. Das Kernziel des Projekts ist die Verbesserung der F\u00fcllgenauigkeit sowie die Erh\u00f6hung der Maschinenkapazit\u00e4t. Die Produkte werden in Kanister in 4 verschiedenen Gr\u00f6\u00dfen gef\u00fcllt, n\u00e4mlich 0,250 L, 0,750 L, 1 L und 5 L. Vor dem Umbau Vier Kanister werden gleichzeitig gef\u00fcllt, w\u00e4hrend die Maschine [&hellip;]<\/p>\n","protected":false},"author":6,"featured_media":1465,"parent":1657,"menu_order":0,"comment_status":"closed","ping_status":"closed","template":"","meta":{"_et_pb_use_builder":"","_et_pb_old_content":"","_et_gb_content_width":"","footnotes":""},"class_list":["post-1771","page","type-page","status-publish","has-post-thumbnail","hentry"],"_links":{"self":[{"href":"https:\/\/pti-as.dk\/de\/wp-json\/wp\/v2\/pages\/1771","targetHints":{"allow":["GET"]}}],"collection":[{"href":"https:\/\/pti-as.dk\/de\/wp-json\/wp\/v2\/pages"}],"about":[{"href":"https:\/\/pti-as.dk\/de\/wp-json\/wp\/v2\/types\/page"}],"author":[{"embeddable":true,"href":"https:\/\/pti-as.dk\/de\/wp-json\/wp\/v2\/users\/6"}],"replies":[{"embeddable":true,"href":"https:\/\/pti-as.dk\/de\/wp-json\/wp\/v2\/comments?post=1771"}],"version-history":[{"count":0,"href":"https:\/\/pti-as.dk\/de\/wp-json\/wp\/v2\/pages\/1771\/revisions"}],"up":[{"embeddable":true,"href":"https:\/\/pti-as.dk\/de\/wp-json\/wp\/v2\/pages\/1657"}],"wp:featuredmedia":[{"embeddable":true,"href":"https:\/\/pti-as.dk\/de\/wp-json\/wp\/v2\/media\/1465"}],"wp:attachment":[{"href":"https:\/\/pti-as.dk\/de\/wp-json\/wp\/v2\/media?parent=1771"}],"curies":[{"name":"wp","href":"https:\/\/api.w.org\/{rel}","templated":true}]}}